{"id":1219,"date":"2022-03-08T14:01:57","date_gmt":"2022-03-08T13:01:57","guid":{"rendered":"https:\/\/ledomainevert.com\/ledomainevert-2\/"},"modified":"2025-09-30T14:08:34","modified_gmt":"2025-09-30T12:08:34","slug":"ledomainevert-2","status":"publish","type":"page","link":"https:\/\/ledomainevert.com\/de\/ledomainevert-2\/","title":{"rendered":"Le Domaine Vert"},"content":{"rendered":"\n<div class=\"wp-block-cover\"><img loading=\"lazy\" decoding=\"async\" width=\"2560\" height=\"756\" class=\"wp-block-cover__image-background wp-image-789\" alt=\"\" src=\"https:\/\/ledomainevert.com\/wp-content\/uploads\/2022\/03\/ledomaine-header-1.jpg\" style=\"object-position:49% 57%\" data-object-fit=\"cover\" data-object-position=\"49% 57%\" srcset=\"https:\/\/ledomainevert.com\/wp-content\/uploads\/2022\/03\/ledomaine-header-1.jpg 2560w, https:\/\/ledomainevert.com\/wp-content\/uploads\/2022\/03\/ledomaine-header-1-300x89.jpg 300w, https:\/\/ledomainevert.com\/wp-content\/uploads\/2022\/03\/ledomaine-header-1-1024x302.jpg 1024w, https:\/\/ledomainevert.com\/wp-content\/uploads\/2022\/03\/ledomaine-header-1-768x227.jpg 768w, https:\/\/ledomainevert.com\/wp-content\/uploads\/2022\/03\/ledomaine-header-1-1536x454.jpg 1536w, https:\/\/ledomainevert.com\/wp-content\/uploads\/2022\/03\/ledomaine-header-1-2048x605.jpg 2048w\" sizes=\"auto, (max-width: 2560px) 100vw, 2560px\" \/><span aria-hidden=\"true\" class=\"wp-block-cover__background has-background-dim-0 has-background-dim\"><\/span><div class=\"wp-block-cover__inner-container is-layout-flow wp-block-cover-is-layout-flow\">\n<p class=\"has-text-align-center has-large-font-size\"><\/p>\n<\/div><\/div>\n\n\n<style>.kb-row-layout-id1219_e2ea4b-ce > .kt-row-column-wrap{align-content:start;}:where(.kb-row-layout-id1219_e2ea4b-ce > .kt-row-column-wrap) > .wp-block-kadence-column{justify-content:start;}.kb-row-layout-id1219_e2ea4b-ce > .kt-row-column-wrap{column-gap:var(--global-kb-gap-md, 2rem);row-gap:var(--global-kb-gap-md, 2rem);max-width:var( --global-content-width, 1290px );padding-left:var(--global-content-edge-padding);padding-right:var(--global-content-edge-padding);padding-top:50px;padding-bottom:50px;grid-template-columns:minmax(0, 1fr);}.kb-row-layout-id1219_e2ea4b-ce > .kt-row-layout-overlay{opacity:0.30;}.kb-row-layout-id1219_e2ea4b-ce .kt-row-layout-bottom-sep{height:100px;}.kb-row-layout-id1219_e2ea4b-ce .kt-row-layout-bottom-sep svg{width:100%;}.kb-row-layout-id1219_e2ea4b-ce .kt-row-layout-bottom-sep svg{fill:#ffffff!important;}@media all and (max-width: 1024px){.kb-row-layout-id1219_e2ea4b-ce > .kt-row-column-wrap{grid-template-columns:minmax(0, 1fr);}}@media all and (max-width: 1024px){.kb-row-layout-id1219_e2ea4b-ce .kt-row-layout-bottom-sep{height:px;}}@media all and (max-width: 1024px){.kb-row-layout-id1219_e2ea4b-ce .kt-row-layout-bottom-sep svg{width:%;}}@media all and (max-width: 767px){.kb-row-layout-id1219_e2ea4b-ce > .kt-row-column-wrap{grid-template-columns:minmax(0, 1fr);}.kb-row-layout-id1219_e2ea4b-ce .kt-row-layout-bottom-sep{height:px;}.kb-row-layout-id1219_e2ea4b-ce .kt-row-layout-bottom-sep svg{width:%;}}<\/style><div class=\"kb-row-layout-wrap kb-row-layout-id1219_e2ea4b-ce alignnone wp-block-kadence-rowlayout\"><div class=\"kt-row-column-wrap kt-has-1-columns kt-row-layout-equal kt-tab-layout-inherit kt-mobile-layout-row kt-row-valign-top kt-inner-column-height-full kb-theme-content-width\">\n<style>.kadence-column1219_2a6fdd-34 > .kt-inside-inner-col{padding-top:20px;padding-right:20px;padding-bottom:20px;padding-left:20px;}.kadence-column1219_2a6fdd-34 > .kt-inside-inner-col,.kadence-column1219_2a6fdd-34 > .kt-inside-inner-col:before{border-top-left-radius:20px;border-top-right-radius:20px;border-bottom-right-radius:20px;border-bottom-left-radius:20px;}.kadence-column1219_2a6fdd-34 > .kt-inside-inner-col{column-gap:var(--global-kb-gap-sm, 1rem);}.kadence-column1219_2a6fdd-34 > .kt-inside-inner-col{flex-direction:column;}.kadence-column1219_2a6fdd-34 > .kt-inside-inner-col > .aligncenter{width:100%;}.kadence-column1219_2a6fdd-34 > .kt-inside-inner-col{background-color:var(--global-palette7, #EDF2F7);}.kadence-column1219_2a6fdd-34 > .kt-inside-inner-col:before{opacity:0.3;}.kadence-column1219_2a6fdd-34{position:relative;}@media all and (max-width: 1024px){.kadence-column1219_2a6fdd-34 > .kt-inside-inner-col{flex-direction:column;justify-content:center;}}@media all and (max-width: 767px){.kadence-column1219_2a6fdd-34 > .kt-inside-inner-col{flex-direction:column;justify-content:center;}}<\/style>\n<div class=\"wp-block-kadence-column kadence-column1219_2a6fdd-34 inner-column-1\"><div class=\"kt-inside-inner-col\"><style>.wp-block-kadence-advancedheading.kt-adv-heading1219_29ec52-0b, .wp-block-kadence-advancedheading.kt-adv-heading1219_29ec52-0b[data-kb-block=\"kb-adv-heading1219_29ec52-0b\"]{font-style:normal;}.wp-block-kadence-advancedheading.kt-adv-heading1219_29ec52-0b mark.kt-highlight, .wp-block-kadence-advancedheading.kt-adv-heading1219_29ec52-0b[data-kb-block=\"kb-adv-heading1219_29ec52-0b\"] mark.kt-highlight{font-style:normal;color:#f76a0c;-webkit-box-decoration-break:clone;box-decoration-break:clone;padding-top:0px;padding-right:0px;padding-bottom:0px;padding-left:0px;}.wp-block-kadence-advancedheading.kt-adv-heading1219_29ec52-0b img.kb-inline-image, .wp-block-kadence-advancedheading.kt-adv-heading1219_29ec52-0b[data-kb-block=\"kb-adv-heading1219_29ec52-0b\"] img.kb-inline-image{width:150px;vertical-align:baseline;}<\/style>\n<h2 class=\"kt-adv-heading1219_29ec52-0b wp-block-kadence-advancedheading\" data-kb-block=\"kb-adv-heading1219_29ec52-0b\">Le Domaine Vert &#8211; Retreat- und Veranstaltungszentrum<\/h2>\n\n\n\n<div class=\"wp-block-columns is-layout-flex wp-container-core-columns-is-layout-9d6595d7 wp-block-columns-is-layout-flex\">\n<div class=\"wp-block-column is-layout-flow wp-block-column-is-layout-flow\" style=\"flex-basis:66.67%\">\n<p>Willkommen bei Le Domaine Vert!<\/p>\n\n\n\n<p>In unserem kleinen Paradies, versteckt in der franz\u00f6sischen Landschaft, finden Sie einen Ort, an dem es nachts noch richtig dunkel ist und Sie unter dem atemberaubenden Sternenhimmel die unz\u00e4hligen Ger\u00e4usche der Natur genie\u00dfen k\u00f6nnen. Das Gel\u00e4nde und die Unterkunft bieten alles, was Sie f\u00fcr die Organisation oder Teilnahme an einem fantastischen Retreat, Training oder Workshop ben\u00f6tigen.<\/p>\n\n\n\n<p>Wir, Walter und Anna Linde, genie\u00dfen hier jeden Tag mit unserem Hund, zwei Pferden, Katzen und Pfauen. M\u00f6chten Sie mit uns genie\u00dfen?<\/p>\n\n\n\n<p>Hier ist es ruhig, es herrscht eine gem\u00fctliche, ungezwungene Atmosph\u00e4re. Verteilt auf unserem 90.000 m\u00b2 gro\u00dfen Naturgel\u00e4nde finden Sie ger\u00e4umige Campingpl\u00e4tze, eine Off-Grid-Blockh\u00fctte, eine originale Jurte, eine wundersch\u00f6ne authentische franz\u00f6sische Gite (Ferienhaus), mehrere sch\u00f6ne Schlafzimmer in einem authentischen franz\u00f6sischen Haus und eine Bauernsuite. In der Mitte unseres Gel\u00e4ndes befindet sich unser gro\u00dfer (120 m\u00b2) gut ausgestatteter Werkstattraum. K\u00fcrzlich bezeichnete jemand unser Gel\u00e4nde als ein Dorf aus einem M\u00e4rchen. Und das finden wir eine wundersch\u00f6ne Beschreibung.<\/p>\n\n\n\n<p>Das gut gepflegte und k\u00fcrzlich renovierte Sanit\u00e4rgeb\u00e4ude befindet sich in einer der alten authentischen franz\u00f6sischen Scheunen auf dem Gel\u00e4nde. Hier k\u00f6nnen Sie die herrlich warmen Duschen genie\u00dfen und die ger\u00e4umigen, sauberen Toiletten nutzen. Dar\u00fcber hinaus haben wir zwei Au\u00dfenduschen, die sich neben den Pferdest\u00e4llen und in der N\u00e4he unseres Wellnessgartens befinden. Wir finden, dass das Duschen mit allen Ger\u00e4uschen der Natur und unter dem Sternenhimmel ein unvergessliches Erlebnis ist.<\/p>\n\n\n\n<p>Wir laden Sie ein, durch die wundersch\u00f6nen G\u00e4rten zu schlendern, eine der vielen Sitzecken zu genie\u00dfen, ein Feuer auf der Feuerstelle zu machen und sich an hei\u00dfen Tagen im gro\u00dfen Aufstellpool zu erfrischen. In der N\u00e4he des Pools finden Sie auch einen holzbeheizten Whirlpool und eine holzbeheizte Sauna.<\/p>\n\n\n\n<p>Auf Le Domaine Vert werden das ganze Jahr \u00fcber Retreats, Schulungen und Workshops in verschiedenen Sprachen organisiert. Klicken Sie hier, um das aktuelle Angebot zu sehen, und behalten Sie diese Seite im Auge, da sie regelm\u00e4\u00dfig aktualisiert wird. M\u00f6chten Sie selbst ein Retreat oder eine Veranstaltung auf Le Domaine Vert organisieren? Das ist nat\u00fcrlich auch m\u00f6glich! Kontaktieren Sie uns unverbindlich, und wir schauen uns gemeinsam die M\u00f6glichkeiten an.<\/p>\n\n\n\n<p>Wir freuen uns darauf, Sie auf Le Domaine Vert begr\u00fc\u00dfen zu d\u00fcrfen!<\/p>\n\n\n\n<p><\/p>\n\n\n\n<p><\/p>\n<\/div>\n\n\n\n<div class=\"wp-block-column is-layout-flow wp-block-column-is-layout-flow\" style=\"flex-basis:33.33%\">\n<figure class=\"wp-block-image is-resized\"><img loading=\"lazy\" decoding=\"async\" width=\"1024\" height=\"1024\" src=\"https:\/\/ledomainevert.com\/wp-content\/uploads\/2025\/02\/IMG_3120-1024x1024.jpg\" alt=\"\" class=\"wp-image-3906\" style=\"width:320px;height:auto\" srcset=\"https:\/\/ledomainevert.com\/wp-content\/uploads\/2025\/02\/IMG_3120-1024x1024.jpg 1024w, https:\/\/ledomainevert.com\/wp-content\/uploads\/2025\/02\/IMG_3120-300x300.jpg 300w, https:\/\/ledomainevert.com\/wp-content\/uploads\/2025\/02\/IMG_3120-150x150.jpg 150w, https:\/\/ledomainevert.com\/wp-content\/uploads\/2025\/02\/IMG_3120-768x768.jpg 768w, https:\/\/ledomainevert.com\/wp-content\/uploads\/2025\/02\/IMG_3120-1536x1536.jpg 1536w, https:\/\/ledomainevert.com\/wp-content\/uploads\/2025\/02\/IMG_3120.jpg 1842w\" sizes=\"auto, (max-width: 1024px) 100vw, 1024px\" \/><\/figure>\n\n\n\n<figure class=\"wp-block-image size-large is-resized\"><img loading=\"lazy\" decoding=\"async\" width=\"1024\" height=\"768\" src=\"https:\/\/ledomainevert.com\/wp-content\/uploads\/2025\/02\/IMG_9442-1024x768.jpg\" alt=\"\" class=\"wp-image-3911\" style=\"width:320px;height:auto\" srcset=\"https:\/\/ledomainevert.com\/wp-content\/uploads\/2025\/02\/IMG_9442-1024x768.jpg 1024w, https:\/\/ledomainevert.com\/wp-content\/uploads\/2025\/02\/IMG_9442-300x225.jpg 300w, https:\/\/ledomainevert.com\/wp-content\/uploads\/2025\/02\/IMG_9442-768x576.jpg 768w, https:\/\/ledomainevert.com\/wp-content\/uploads\/2025\/02\/IMG_9442-1536x1152.jpg 1536w, https:\/\/ledomainevert.com\/wp-content\/uploads\/2025\/02\/IMG_9442-2048x1536.jpg 2048w\" sizes=\"auto, (max-width: 1024px) 100vw, 1024px\" \/><\/figure>\n\n\n\n<figure class=\"wp-block-image size-large is-resized\"><img loading=\"lazy\" decoding=\"async\" width=\"1024\" height=\"1024\" src=\"https:\/\/ledomainevert.com\/wp-content\/uploads\/2025\/02\/IMG_0901-1024x1024.jpg\" alt=\"\" class=\"wp-image-3915\" style=\"width:318px;height:auto\" srcset=\"https:\/\/ledomainevert.com\/wp-content\/uploads\/2025\/02\/IMG_0901-1024x1024.jpg 1024w, https:\/\/ledomainevert.com\/wp-content\/uploads\/2025\/02\/IMG_0901-300x300.jpg 300w, https:\/\/ledomainevert.com\/wp-content\/uploads\/2025\/02\/IMG_0901-150x150.jpg 150w, https:\/\/ledomainevert.com\/wp-content\/uploads\/2025\/02\/IMG_0901-768x768.jpg 768w, https:\/\/ledomainevert.com\/wp-content\/uploads\/2025\/02\/IMG_0901.jpg 1440w\" sizes=\"auto, (max-width: 1024px) 100vw, 1024px\" \/><\/figure>\n<\/div>\n<\/div>\n\n\n\n<p><strong>Wissenswertes \u00fcber Le Domaine Vert<\/strong><\/p>\n\n\n\n<p>Das Abwasser wird in eine Kl\u00e4rgrube geleitet, wo es biologisch gereinigt wird. Das gereinigte Wasser wird wieder auf das Gel\u00e4nde zur\u00fcckgef\u00fchrt.<\/p>\n\n\n\n<p>Wir heizen mit Holz aus unserem eigenen Wald. Wir haben keine summenden Klimaanlagen und unser Aufstellpool wird mit Wasser aus unserer Quelle gef\u00fcllt. Die gesamte Region ist \u00fcbrigens pestizidfrei!<\/p>\n\n\n\n<p>Le Domaine Vert liegt an einer Sackgasse: Hier gibt es nur wenige andere Menschen, sodass viel Privatsph\u00e4re und Freiheit herrschen. In unseren G\u00e4rten nackt herumzulaufen ist zum Beispiel v\u00f6llig in Ordnung!<\/p>\n\n\n\n<p>Soziale Hunde sind willkommen, aber bitte halten Sie ihn\/sie an der Leine. Auf unserem Grundst\u00fcck gibt es zwei Pfauen, unseren Hund Buddy und unsere zwei Pferde.<\/p>\n\n\n\n<p>F\u00fcr Informationen oder Reservierungen wenden Sie sich bitte an walter@ledomainevert.com oder annalinde@ledomainevert.com oder rufen Sie +33 789212678 an.<\/p>\n\n\n\n<p><strong>Adresse:<\/strong><\/p>\n\n\n\n<p>Les Magnes, 3972 Route des Templiers, 19230 Troche, Correze, Frankreich.<\/p>\n\n\n\n<p>TIPP: Suchen Sie auf Google Maps nach \u201eLe Domaine Vert \u2013 Troche\u201c, dann finden Sie uns leichter als wenn Sie die Adresse eingeben.<\/p>\n\n\n\n<p>Le Domaine Vert ist mit dem Auto gut erreichbar. Wenn Sie mit dem Flugzeug anreisen, empfehlen wir Ihnen, nach Toulouse zu fliegen. Der Zug f\u00e4hrt bis nach Uzerche (oder alternativ Limoges oder Brive), wo wir Sie gegen eine Geb\u00fchr abholen k\u00f6nnen. Oder Sie reisen mit BlaBlacar oder Flixbus an.<\/p>\n\n\n\n<figure class=\"wp-block-embed is-type-video is-provider-youtube wp-block-embed-youtube wp-embed-aspect-16-9 wp-has-aspect-ratio\"><div class=\"wp-block-embed__wrapper\">\n<iframe loading=\"lazy\" title=\"Le domaine vert\" width=\"720\" height=\"405\" src=\"https:\/\/www.youtube.com\/embed\/G2QVuKUvawk?feature=oembed\" frameborder=\"0\" allow=\"accelerometer; autoplay; clipboard-write; encrypted-media; gyroscope; picture-in-picture; web-share\" referrerpolicy=\"strict-origin-when-cross-origin\" allowfullscreen><\/iframe>\n<\/div><\/figure>\n<\/div><\/div>\n\n<\/div><\/div>\n\n\n<div class=\"wp-block-cover is-light\"><img loading=\"lazy\" decoding=\"async\" width=\"2048\" height=\"439\" class=\"wp-block-cover__image-background wp-image-280\" alt=\"\" src=\"https:\/\/ledomainevert.com\/wp-content\/uploads\/2022\/03\/koren.jpg\" data-object-fit=\"cover\" srcset=\"https:\/\/ledomainevert.com\/wp-content\/uploads\/2022\/03\/koren.jpg 2048w, https:\/\/ledomainevert.com\/wp-content\/uploads\/2022\/03\/koren-300x64.jpg 300w, https:\/\/ledomainevert.com\/wp-content\/uploads\/2022\/03\/koren-1024x220.jpg 1024w, https:\/\/ledomainevert.com\/wp-content\/uploads\/2022\/03\/koren-768x165.jpg 768w, https:\/\/ledomainevert.com\/wp-content\/uploads\/2022\/03\/koren-1536x329.jpg 1536w\" sizes=\"auto, (max-width: 2048px) 100vw, 2048px\" \/><span aria-hidden=\"true\" class=\"wp-block-cover__background has-background-dim-0 has-background-dim\"><\/span><div class=\"wp-block-cover__inner-container is-layout-flow wp-block-cover-is-layout-flow\">\n<p class=\"has-text-align-center has-large-font-size\"><\/p>\n<\/div><\/div>\n","protected":false},"excerpt":{"rendered":"<p>Le Domaine Vert &#8211; Retreat- und Veranstaltungszentrum Willkommen bei Le Domaine Vert! In unserem kleinen Paradies, versteckt in der franz\u00f6sischen Landschaft, finden Sie einen Ort, an dem es nachts noch&#8230;<\/p>\n","protected":false},"author":1,"featured_media":0,"parent":0,"menu_order":0,"comment_status":"closed","ping_status":"closed","template":"","meta":{"inline_featured_image":false,"_kad_blocks_custom_css":"","_kad_blocks_head_custom_js":"","_kad_blocks_body_custom_js":"","_kad_blocks_footer_custom_js":"","_monsterinsights_skip_tracking":false,"_monsterinsights_sitenote_active":false,"_monsterinsights_sitenote_note":"","_monsterinsights_sitenote_category":0,"_price":"","_stock":"","_tribe_ticket_header":"","_tribe_default_ticket_provider":"","_tribe_ticket_capacity":"0","_ticket_start_date":"","_ticket_end_date":"","_tribe_ticket_show_description":"","_tribe_ticket_show_not_going":false,"_tribe_ticket_use_global_stock":"","_tribe_ticket_global_stock_level":"","_global_stock_mode":"","_global_stock_cap":"","_tribe_rsvp_for_event":"","_tribe_ticket_going_count":"","_tribe_ticket_not_going_count":"","_tribe_tickets_list":"[]","_tribe_ticket_has_attendee_info_fields":false,"_kadence_starter_templates_imported_post":false,"_kad_post_transparent":"","_kad_post_title":"","_kad_post_layout":"","_kad_post_sidebar_id":"","_kad_post_content_style":"","_kad_post_vertical_padding":"","_kad_post_feature":"","_kad_post_feature_position":"","_kad_post_header":false,"_kad_post_footer":false,"_kad_post_classname":"","footnotes":"","_tec_slr_enabled":"","_tec_slr_layout":""},"class_list":["post-1219","page","type-page","status-publish","hentry"],"yoast_head":"<!-- This site is optimized with the Yoast SEO plugin v27.5 - https:\/\/yoast.com\/product\/yoast-seo-wordpress\/ -->\n<title>Le Domaine Vert - Le Domaine Vert<\/title>\n<meta name=\"robots\" content=\"index, follow, max-snippet:-1, max-image-preview:large, max-video-preview:-1\" \/>\n<link rel=\"canonical\" href=\"https:\/\/ledomainevert.com\/de\/ledomainevert-2\/\" \/>\n<meta property=\"og:locale\" content=\"de_DE\" \/>\n<meta property=\"og:type\" content=\"article\" \/>\n<meta property=\"og:title\" content=\"Le Domaine Vert - Le Domaine Vert\" \/>\n<meta property=\"og:description\" content=\"Le Domaine Vert &#8211; Retreat- und Veranstaltungszentrum Willkommen bei Le Domaine Vert! In unserem kleinen Paradies, versteckt in der franz\u00f6sischen Landschaft, finden Sie einen Ort, an dem es nachts noch...\" \/>\n<meta property=\"og:url\" content=\"https:\/\/ledomainevert.com\/de\/ledomainevert-2\/\" \/>\n<meta property=\"og:site_name\" content=\"Le Domaine Vert\" \/>\n<meta property=\"article:publisher\" content=\"https:\/\/www.facebook.com\/ledomainevert\" \/>\n<meta property=\"article:modified_time\" content=\"2025-09-30T12:08:34+00:00\" \/>\n<meta property=\"og:image\" content=\"https:\/\/ledomainevert.com\/wp-content\/uploads\/2022\/03\/ledomaine-header-1.jpg\" \/>\n\t<meta property=\"og:image:width\" content=\"2560\" \/>\n\t<meta property=\"og:image:height\" content=\"756\" \/>\n\t<meta property=\"og:image:type\" content=\"image\/jpeg\" \/>\n<meta name=\"twitter:card\" content=\"summary_large_image\" \/>\n<meta name=\"twitter:label1\" content=\"Gesch\u00e4tzte Lesezeit\" \/>\n\t<meta name=\"twitter:data1\" content=\"3\u00a0Minuten\" \/>\n<script type=\"application\/ld+json\" class=\"yoast-schema-graph\">{\"@context\":\"https:\\\/\\\/schema.org\",\"@graph\":[{\"@type\":\"WebPage\",\"@id\":\"https:\\\/\\\/ledomainevert.com\\\/de\\\/ledomainevert-2\\\/\",\"url\":\"https:\\\/\\\/ledomainevert.com\\\/de\\\/ledomainevert-2\\\/\",\"name\":\"Le Domaine Vert - Le Domaine Vert\",\"isPartOf\":{\"@id\":\"https:\\\/\\\/ledomainevert.com\\\/en\\\/#website\"},\"primaryImageOfPage\":{\"@id\":\"https:\\\/\\\/ledomainevert.com\\\/de\\\/ledomainevert-2\\\/#primaryimage\"},\"image\":{\"@id\":\"https:\\\/\\\/ledomainevert.com\\\/de\\\/ledomainevert-2\\\/#primaryimage\"},\"thumbnailUrl\":\"https:\\\/\\\/ledomainevert.com\\\/wp-content\\\/uploads\\\/2022\\\/03\\\/ledomaine-header-1.jpg\",\"datePublished\":\"2022-03-08T13:01:57+00:00\",\"dateModified\":\"2025-09-30T12:08:34+00:00\",\"breadcrumb\":{\"@id\":\"https:\\\/\\\/ledomainevert.com\\\/de\\\/ledomainevert-2\\\/#breadcrumb\"},\"inLanguage\":\"de\",\"potentialAction\":[{\"@type\":\"ReadAction\",\"target\":[\"https:\\\/\\\/ledomainevert.com\\\/de\\\/ledomainevert-2\\\/\"]}]},{\"@type\":\"ImageObject\",\"inLanguage\":\"de\",\"@id\":\"https:\\\/\\\/ledomainevert.com\\\/de\\\/ledomainevert-2\\\/#primaryimage\",\"url\":\"https:\\\/\\\/ledomainevert.com\\\/wp-content\\\/uploads\\\/2022\\\/03\\\/ledomaine-header-1.jpg\",\"contentUrl\":\"https:\\\/\\\/ledomainevert.com\\\/wp-content\\\/uploads\\\/2022\\\/03\\\/ledomaine-header-1.jpg\"},{\"@type\":\"BreadcrumbList\",\"@id\":\"https:\\\/\\\/ledomainevert.com\\\/de\\\/ledomainevert-2\\\/#breadcrumb\",\"itemListElement\":[{\"@type\":\"ListItem\",\"position\":1,\"name\":\"Home\",\"item\":\"https:\\\/\\\/ledomainevert.com\\\/de\\\/home-2\\\/\"},{\"@type\":\"ListItem\",\"position\":2,\"name\":\"Le Domaine Vert\"}]},{\"@type\":\"WebSite\",\"@id\":\"https:\\\/\\\/ledomainevert.com\\\/en\\\/#website\",\"url\":\"https:\\\/\\\/ledomainevert.com\\\/en\\\/\",\"name\":\"Le Domaine Vert\",\"description\":\"het groene domein\",\"publisher\":{\"@id\":\"https:\\\/\\\/ledomainevert.com\\\/en\\\/#organization\"},\"potentialAction\":[{\"@type\":\"SearchAction\",\"target\":{\"@type\":\"EntryPoint\",\"urlTemplate\":\"https:\\\/\\\/ledomainevert.com\\\/en\\\/?s={search_term_string}\"},\"query-input\":{\"@type\":\"PropertyValueSpecification\",\"valueRequired\":true,\"valueName\":\"search_term_string\"}}],\"inLanguage\":\"de\"},{\"@type\":\"Organization\",\"@id\":\"https:\\\/\\\/ledomainevert.com\\\/en\\\/#organization\",\"name\":\"Le Domaine Vert\",\"url\":\"https:\\\/\\\/ledomainevert.com\\\/en\\\/\",\"logo\":{\"@type\":\"ImageObject\",\"inLanguage\":\"de\",\"@id\":\"https:\\\/\\\/ledomainevert.com\\\/en\\\/#\\\/schema\\\/logo\\\/image\\\/\",\"url\":\"https:\\\/\\\/ledomainevert.com\\\/wp-content\\\/uploads\\\/2022\\\/03\\\/logo-le-domaine-vert-2.svg\",\"contentUrl\":\"https:\\\/\\\/ledomainevert.com\\\/wp-content\\\/uploads\\\/2022\\\/03\\\/logo-le-domaine-vert-2.svg\",\"caption\":\"Le Domaine Vert\"},\"image\":{\"@id\":\"https:\\\/\\\/ledomainevert.com\\\/en\\\/#\\\/schema\\\/logo\\\/image\\\/\"},\"sameAs\":[\"https:\\\/\\\/www.facebook.com\\\/ledomainevert\",\"https:\\\/\\\/www.instagram.com\\\/ledomainevert\"]}]}<\/script>\n<!-- \/ Yoast SEO plugin. -->","yoast_head_json":{"title":"Le Domaine Vert - Le Domaine Vert","robots":{"index":"index","follow":"follow","max-snippet":"max-snippet:-1","max-image-preview":"max-image-preview:large","max-video-preview":"max-video-preview:-1"},"canonical":"https:\/\/ledomainevert.com\/de\/ledomainevert-2\/","og_locale":"de_DE","og_type":"article","og_title":"Le Domaine Vert - Le Domaine Vert","og_description":"Le Domaine Vert &#8211; Retreat- und Veranstaltungszentrum Willkommen bei Le Domaine Vert! In unserem kleinen Paradies, versteckt in der franz\u00f6sischen Landschaft, finden Sie einen Ort, an dem es nachts noch...","og_url":"https:\/\/ledomainevert.com\/de\/ledomainevert-2\/","og_site_name":"Le Domaine Vert","article_publisher":"https:\/\/www.facebook.com\/ledomainevert","article_modified_time":"2025-09-30T12:08:34+00:00","og_image":[{"width":2560,"height":756,"url":"https:\/\/ledomainevert.com\/wp-content\/uploads\/2022\/03\/ledomaine-header-1.jpg","type":"image\/jpeg"}],"twitter_card":"summary_large_image","twitter_misc":{"Gesch\u00e4tzte Lesezeit":"3\u00a0Minuten"},"schema":{"@context":"https:\/\/schema.org","@graph":[{"@type":"WebPage","@id":"https:\/\/ledomainevert.com\/de\/ledomainevert-2\/","url":"https:\/\/ledomainevert.com\/de\/ledomainevert-2\/","name":"Le Domaine Vert - Le Domaine Vert","isPartOf":{"@id":"https:\/\/ledomainevert.com\/en\/#website"},"primaryImageOfPage":{"@id":"https:\/\/ledomainevert.com\/de\/ledomainevert-2\/#primaryimage"},"image":{"@id":"https:\/\/ledomainevert.com\/de\/ledomainevert-2\/#primaryimage"},"thumbnailUrl":"https:\/\/ledomainevert.com\/wp-content\/uploads\/2022\/03\/ledomaine-header-1.jpg","datePublished":"2022-03-08T13:01:57+00:00","dateModified":"2025-09-30T12:08:34+00:00","breadcrumb":{"@id":"https:\/\/ledomainevert.com\/de\/ledomainevert-2\/#breadcrumb"},"inLanguage":"de","potentialAction":[{"@type":"ReadAction","target":["https:\/\/ledomainevert.com\/de\/ledomainevert-2\/"]}]},{"@type":"ImageObject","inLanguage":"de","@id":"https:\/\/ledomainevert.com\/de\/ledomainevert-2\/#primaryimage","url":"https:\/\/ledomainevert.com\/wp-content\/uploads\/2022\/03\/ledomaine-header-1.jpg","contentUrl":"https:\/\/ledomainevert.com\/wp-content\/uploads\/2022\/03\/ledomaine-header-1.jpg"},{"@type":"BreadcrumbList","@id":"https:\/\/ledomainevert.com\/de\/ledomainevert-2\/#breadcrumb","itemListElement":[{"@type":"ListItem","position":1,"name":"Home","item":"https:\/\/ledomainevert.com\/de\/home-2\/"},{"@type":"ListItem","position":2,"name":"Le Domaine Vert"}]},{"@type":"WebSite","@id":"https:\/\/ledomainevert.com\/en\/#website","url":"https:\/\/ledomainevert.com\/en\/","name":"Le Domaine Vert","description":"het groene domein","publisher":{"@id":"https:\/\/ledomainevert.com\/en\/#organization"},"potentialAction":[{"@type":"SearchAction","target":{"@type":"EntryPoint","urlTemplate":"https:\/\/ledomainevert.com\/en\/?s={search_term_string}"},"query-input":{"@type":"PropertyValueSpecification","valueRequired":true,"valueName":"search_term_string"}}],"inLanguage":"de"},{"@type":"Organization","@id":"https:\/\/ledomainevert.com\/en\/#organization","name":"Le Domaine Vert","url":"https:\/\/ledomainevert.com\/en\/","logo":{"@type":"ImageObject","inLanguage":"de","@id":"https:\/\/ledomainevert.com\/en\/#\/schema\/logo\/image\/","url":"https:\/\/ledomainevert.com\/wp-content\/uploads\/2022\/03\/logo-le-domaine-vert-2.svg","contentUrl":"https:\/\/ledomainevert.com\/wp-content\/uploads\/2022\/03\/logo-le-domaine-vert-2.svg","caption":"Le Domaine Vert"},"image":{"@id":"https:\/\/ledomainevert.com\/en\/#\/schema\/logo\/image\/"},"sameAs":["https:\/\/www.facebook.com\/ledomainevert","https:\/\/www.instagram.com\/ledomainevert"]}]}},"taxonomy_info":[],"featured_image_src_large":false,"author_info":{"display_name":"admin","author_link":"https:\/\/ledomainevert.com\/de\/author\/admin_ah0q7gvg\/"},"comment_info":0,"ticketed":false,"_links":{"self":[{"href":"https:\/\/ledomainevert.com\/de\/wp-json\/wp\/v2\/pages\/1219","targetHints":{"allow":["GET"]}}],"collection":[{"href":"https:\/\/ledomainevert.com\/de\/wp-json\/wp\/v2\/pages"}],"about":[{"href":"https:\/\/ledomainevert.com\/de\/wp-json\/wp\/v2\/types\/page"}],"author":[{"embeddable":true,"href":"https:\/\/ledomainevert.com\/de\/wp-json\/wp\/v2\/users\/1"}],"replies":[{"embeddable":true,"href":"https:\/\/ledomainevert.com\/de\/wp-json\/wp\/v2\/comments?post=1219"}],"version-history":[{"count":10,"href":"https:\/\/ledomainevert.com\/de\/wp-json\/wp\/v2\/pages\/1219\/revisions"}],"predecessor-version":[{"id":4784,"href":"https:\/\/ledomainevert.com\/de\/wp-json\/wp\/v2\/pages\/1219\/revisions\/4784"}],"wp:attachment":[{"href":"https:\/\/ledomainevert.com\/de\/wp-json\/wp\/v2\/media?parent=1219"}],"curies":[{"name":"wp","href":"https:\/\/api.w.org\/{rel}","templated":true}]}}