{"id":1226,"date":"2022-03-01T12:08:32","date_gmt":"2022-03-01T11:08:32","guid":{"rendered":"https:\/\/ledomainevert.com\/nieuws\/"},"modified":"2022-06-28T13:55:36","modified_gmt":"2022-06-28T11:55:36","slug":"nieuws","status":"publish","type":"page","link":"https:\/\/ledomainevert.com\/de\/nieuws\/","title":{"rendered":"Umwelt und was zu tun ist"},"content":{"rendered":"\n<div class=\"wp-block-cover\"><span aria-hidden=\"true\" class=\"wp-block-cover__background has-background-dim-0 has-background-dim\"><\/span><img loading=\"lazy\" decoding=\"async\" width=\"2560\" height=\"756\" class=\"wp-block-cover__image-background wp-image-803\" alt=\"\" src=\"https:\/\/ledomainevert.com\/wp-content\/uploads\/2022\/03\/nieuws.jpg\" data-object-fit=\"cover\" srcset=\"https:\/\/ledomainevert.com\/wp-content\/uploads\/2022\/03\/nieuws.jpg 2560w, https:\/\/ledomainevert.com\/wp-content\/uploads\/2022\/03\/nieuws-300x89.jpg 300w, https:\/\/ledomainevert.com\/wp-content\/uploads\/2022\/03\/nieuws-1024x302.jpg 1024w, https:\/\/ledomainevert.com\/wp-content\/uploads\/2022\/03\/nieuws-768x227.jpg 768w, https:\/\/ledomainevert.com\/wp-content\/uploads\/2022\/03\/nieuws-1536x454.jpg 1536w, https:\/\/ledomainevert.com\/wp-content\/uploads\/2022\/03\/nieuws-2048x605.jpg 2048w\" sizes=\"auto, (max-width: 2560px) 100vw, 2560px\" \/><div class=\"wp-block-cover__inner-container is-layout-flow wp-block-cover-is-layout-flow\">\n<p class=\"has-text-align-center has-large-font-size\"><\/p>\n<\/div><\/div>\n\n\n<style>#kt-layout-id_00c23b-56 > .kt-row-column-wrap{align-content:start;}:where(#kt-layout-id_00c23b-56 > .kt-row-column-wrap) > .wp-block-kadence-column{justify-content:start;}#kt-layout-id_00c23b-56 > .kt-row-column-wrap{column-gap:var(--global-kb-gap-md, 2rem);row-gap:var(--global-kb-gap-md, 2rem);max-width:var( --global-content-width, 1290px );padding-left:var(--global-content-edge-padding);padding-right:var(--global-content-edge-padding);padding-top:var( --global-kb-row-default-top, 25px );padding-bottom:var( --global-kb-row-default-bottom, 25px );padding-top:var(--global-kb-spacing-sm, 1.5rem);padding-bottom:var(--global-kb-spacing-sm, 1.5rem);grid-template-columns:minmax(0, 1fr);}#kt-layout-id_00c23b-56 > .kt-row-layout-overlay{opacity:0.30;}@media all and (max-width: 1024px){#kt-layout-id_00c23b-56 > .kt-row-column-wrap{grid-template-columns:minmax(0, 1fr);}}@media all and (max-width: 767px){#kt-layout-id_00c23b-56 > .kt-row-column-wrap{grid-template-columns:minmax(0, 1fr);}}<\/style>\n<div class=\"wp-block-kadence-rowlayout alignnone\"><div id=\"kt-layout-id_00c23b-56\" class=\"kt-row-layout-inner kt-layout-id_00c23b-56\"><div class=\"kt-row-column-wrap kt-has-1-columns kt-gutter-default kt-v-gutter-default kt-row-valign-top kt-row-layout-equal kt-tab-layout-inherit kt-m-colapse-left-to-right kt-mobile-layout-row kb-theme-content-width\"><style>.kadence-column_48c995-eb > .kt-inside-inner-col{border-top-width:0px;border-right-width:0px;border-bottom-width:0px;border-left-width:0px;}.kadence-column_48c995-eb > .kt-inside-inner-col,.kadence-column_48c995-eb > .kt-inside-inner-col:before{border-top-left-radius:0px;border-top-right-radius:0px;border-bottom-right-radius:0px;border-bottom-left-radius:0px;}.kadence-column_48c995-eb > .kt-inside-inner-col{column-gap:var(--global-kb-gap-sm, 1rem);}.kadence-column_48c995-eb > .kt-inside-inner-col{flex-direction:column;}.kadence-column_48c995-eb > .kt-inside-inner-col > .aligncenter{width:100%;}.kadence-column_48c995-eb > .kt-inside-inner-col:before{opacity:0.3;}.kadence-column_48c995-eb{position:relative;}@media all and (max-width: 1024px){.kadence-column_48c995-eb > .kt-inside-inner-col{flex-direction:column;justify-content:center;}}@media all and (max-width: 767px){.kadence-column_48c995-eb > .kt-inside-inner-col{flex-direction:column;justify-content:center;}}<\/style>\n<div class=\"wp-block-kadence-column inner-column-1 kadence-column_48c995-eb\"><div class=\"kt-inside-inner-col\"><style>.kb-posts-id-_edd99a-41 .kb-post-list-item{display:grid;}<\/style><ul class=\"wp-block-kadence-posts kb-posts kadence-posts-list kb-posts-id-_edd99a-41 content-wrap grid-cols kb-posts-style-boxed grid-sm-col-2 grid-lg-col-3 item-image-style-above\"><li class=\"kb-post-list-item\">\n\t<article class=\"entry content-bg loop-entry post-1173 post type-post status-publish format-standard has-post-thumbnail hentry\">\n\t\t\t\t<a aria-hidden=\"true\" tabindex=\"-1\" role=\"presentation\" class=\"post-thumbnail kadence-thumbnail-ratio-2-3\" href=\"https:\/\/ledomainevert.com\/de\/la-loyre\/\" aria-label=\"La Loyre\">\n\t\t\t<div class=\"post-thumbnail-inner\">\n\t\t\t\t<img loading=\"lazy\" decoding=\"async\" width=\"526\" height=\"526\" src=\"https:\/\/ledomainevert.com\/wp-content\/uploads\/2022\/03\/274866653_153694557084199_4635843400261183284_n.jpeg\" class=\"attachment-medium_large size-medium_large wp-post-image\" alt=\"La Loyre\" srcset=\"https:\/\/ledomainevert.com\/wp-content\/uploads\/2022\/03\/274866653_153694557084199_4635843400261183284_n.jpeg 526w, https:\/\/ledomainevert.com\/wp-content\/uploads\/2022\/03\/274866653_153694557084199_4635843400261183284_n-300x300.jpeg 300w, https:\/\/ledomainevert.com\/wp-content\/uploads\/2022\/03\/274866653_153694557084199_4635843400261183284_n-150x150.jpeg 150w\" sizes=\"auto, (max-width: 526px) 100vw, 526px\" \/>\t\t\t<\/div>\n\t\t<\/a><!-- .post-thumbnail -->\n\t\t\t\t<div class=\"entry-content-wrap\">\n\t\t\t<header class=\"entry-header\">\n\t<h2 class=\"entry-title\"><a href=\"https:\/\/ledomainevert.com\/de\/la-loyre\/\" rel=\"bookmark\">La Loyre<\/a><\/h2>\t<div class=\"entry-meta entry-meta-divider-dot\">\n\t\t\t\t<span class=\"posted-on\">\n\t\t\t\t<time class=\"entry-date published\" datetime=\"2022-12-06T15:13:58+01:00\">6. Dezember 2022<\/time><time class=\"updated\" datetime=\"2022-03-28T19:43:52+02:00\">28. M\u00e4rz 2022<\/time>\t\t\t<\/span>\n\t\t\t\t<\/div><!-- .entry-meta -->\n\t<\/header><!-- .entry-header -->\n\t<div class=\"entry-summary\">\n\t\t<p>Vom LDV aus sind es nur 25 Minuten zu Fu\u00df, um &#8222;La Loyre&#8220; zu sehen (und zu sp\u00fcren), einen typisch franz\u00f6sischen und wundersch\u00f6nen wilden Flusslauf. Dass wir so nah dran sind, ist ein echter Vorteil!<\/p>\n\t<\/div><!-- .entry-summary -->\n\t<footer class=\"entry-footer\">\n\t\t\t<div class=\"entry-actions\">\n\t\t\t<p class=\"more-link-wrap\">\n\t\t\t\t<a href=\"https:\/\/ledomainevert.com\/de\/la-loyre\/\" class=\"post-more-link\">\n\t\t\t\t\tMehr<span class=\"screen-reader-text\"> La Loyre<\/span><span class=\"kadence-svg-iconset svg-baseline\"><svg aria-hidden=\"true\" class=\"kadence-svg-icon kadence-arrow-right-alt-svg\" fill=\"currentColor\" version=\"1.1\" xmlns=\"http:\/\/www.w3.org\/2000\/svg\" width=\"27\" height=\"28\" viewBox=\"0 0 27 28\"><title>Fortfahren<\/title><path d=\"M27 13.953c0 0.141-0.063 0.281-0.156 0.375l-6 5.531c-0.156 0.141-0.359 0.172-0.547 0.094-0.172-0.078-0.297-0.25-0.297-0.453v-3.5h-19.5c-0.281 0-0.5-0.219-0.5-0.5v-3c0-0.281 0.219-0.5 0.5-0.5h19.5v-3.5c0-0.203 0.109-0.375 0.297-0.453s0.391-0.047 0.547 0.078l6 5.469c0.094 0.094 0.156 0.219 0.156 0.359v0z\"><\/path>\n\t\t\t<\/svg><\/span>\t\t\t\t<\/a>\n\t\t\t<\/p>\n\t\t<\/div><!-- .entry-actions -->\n\t\t<\/footer><!-- .entry-footer -->\t\t<\/div>\n\t<\/article>\n<\/li>\n<li class=\"kb-post-list-item\">\n\t<article class=\"entry content-bg loop-entry post-1722 post type-post status-publish format-standard has-post-thumbnail hentry category-nieuws category-unkategorisiert\">\n\t\t\t\t<a aria-hidden=\"true\" tabindex=\"-1\" role=\"presentation\" class=\"post-thumbnail kadence-thumbnail-ratio-2-3\" href=\"https:\/\/ledomainevert.com\/de\/hout-hak-en-klusweken-groentetuin-aanleg-17-okt-22-okt\/\" aria-label=\"Hout hak- en klusweken, groentetuin aanleg 17 OKT. \/ 22 OKT.\">\n\t\t\t<div class=\"post-thumbnail-inner\">\n\t\t\t\t<img loading=\"lazy\" decoding=\"async\" width=\"768\" height=\"501\" src=\"https:\/\/ledomainevert.com\/wp-content\/uploads\/2022\/07\/kampvuur-768x501.jpg\" class=\"attachment-medium_large size-medium_large wp-post-image\" alt=\"Hout hak- en klusweken, groentetuin aanleg 17 OKT. \/ 22 OKT.\" srcset=\"https:\/\/ledomainevert.com\/wp-content\/uploads\/2022\/07\/kampvuur-768x501.jpg 768w, https:\/\/ledomainevert.com\/wp-content\/uploads\/2022\/07\/kampvuur-300x196.jpg 300w, https:\/\/ledomainevert.com\/wp-content\/uploads\/2022\/07\/kampvuur.jpg 968w\" sizes=\"auto, (max-width: 768px) 100vw, 768px\" \/>\t\t\t<\/div>\n\t\t<\/a><!-- .post-thumbnail -->\n\t\t\t\t<div class=\"entry-content-wrap\">\n\t\t\t<header class=\"entry-header\">\n\t<h2 class=\"entry-title\"><a href=\"https:\/\/ledomainevert.com\/de\/hout-hak-en-klusweken-groentetuin-aanleg-17-okt-22-okt\/\" rel=\"bookmark\">Hout hak- en klusweken, groentetuin aanleg 17 OKT. \/ 22 OKT.<\/a><\/h2>\t<div class=\"entry-meta entry-meta-divider-dot\">\n\t\t\t\t<span class=\"posted-on\">\n\t\t\t\t<time class=\"entry-date published\" datetime=\"2022-07-05T11:20:24+02:00\">5. Juli 2022<\/time><time class=\"updated\" datetime=\"2022-12-07T09:43:04+01:00\">7. Dezember 2022<\/time>\t\t\t<\/span>\n\t\t\t\t<\/div><!-- .entry-meta -->\n\t<\/header><!-- .entry-header -->\n\t<div class=\"entry-summary\">\n\t\t<p>Regelmatig organiseren wij event-weken waarin je lekker buiten bezig kunt zijn. Tijdens de houthak week krijgen we les van Christiaan hoe bijv een kettingzaag veilig en verantwoord ingezet kan worden. Zagen we bomen om en hakken die in stukken. Bramen worden gemaaid en bomen gesnoeid. Savonds koken we afwisselend en warmen ons gezellig rond het&#8230;<\/p>\n\t<\/div><!-- .entry-summary -->\n\t<footer class=\"entry-footer\">\n\t\t\t<div class=\"entry-actions\">\n\t\t\t<p class=\"more-link-wrap\">\n\t\t\t\t<a href=\"https:\/\/ledomainevert.com\/de\/hout-hak-en-klusweken-groentetuin-aanleg-17-okt-22-okt\/\" class=\"post-more-link\">\n\t\t\t\t\tMehr<span class=\"screen-reader-text\"> Hout hak- en klusweken, groentetuin aanleg 17 OKT. \/ 22 OKT.<\/span><span class=\"kadence-svg-iconset svg-baseline\"><svg aria-hidden=\"true\" class=\"kadence-svg-icon kadence-arrow-right-alt-svg\" fill=\"currentColor\" version=\"1.1\" xmlns=\"http:\/\/www.w3.org\/2000\/svg\" width=\"27\" height=\"28\" viewBox=\"0 0 27 28\"><title>Fortfahren<\/title><path d=\"M27 13.953c0 0.141-0.063 0.281-0.156 0.375l-6 5.531c-0.156 0.141-0.359 0.172-0.547 0.094-0.172-0.078-0.297-0.25-0.297-0.453v-3.5h-19.5c-0.281 0-0.5-0.219-0.5-0.5v-3c0-0.281 0.219-0.5 0.5-0.5h19.5v-3.5c0-0.203 0.109-0.375 0.297-0.453s0.391-0.047 0.547 0.078l6 5.469c0.094 0.094 0.156 0.219 0.156 0.359v0z\"><\/path>\n\t\t\t<\/svg><\/span>\t\t\t\t<\/a>\n\t\t\t<\/p>\n\t\t<\/div><!-- .entry-actions -->\n\t\t<\/footer><!-- .entry-footer -->\t\t<\/div>\n\t<\/article>\n<\/li>\n<li class=\"kb-post-list-item\">\n\t<article class=\"entry content-bg loop-entry post-1171 post type-post status-publish format-standard has-post-thumbnail hentry category-nieuws category-nieuws-de\">\n\t\t\t\t<a aria-hidden=\"true\" tabindex=\"-1\" role=\"presentation\" class=\"post-thumbnail kadence-thumbnail-ratio-2-3\" href=\"https:\/\/ledomainevert.com\/de\/le-domaine-vert-im-winter\/\" aria-label=\"Le Domaine Vert im Winter\">\n\t\t\t<div class=\"post-thumbnail-inner\">\n\t\t\t\t<img loading=\"lazy\" decoding=\"async\" width=\"720\" height=\"540\" src=\"https:\/\/ledomainevert.com\/wp-content\/uploads\/2022\/03\/273292016_147536394366682_454583312317822463_n.jpeg\" class=\"attachment-medium_large size-medium_large wp-post-image\" alt=\"Le Domaine Vert im Winter\" srcset=\"https:\/\/ledomainevert.com\/wp-content\/uploads\/2022\/03\/273292016_147536394366682_454583312317822463_n.jpeg 720w, https:\/\/ledomainevert.com\/wp-content\/uploads\/2022\/03\/273292016_147536394366682_454583312317822463_n-300x225.jpeg 300w\" sizes=\"auto, (max-width: 720px) 100vw, 720px\" \/>\t\t\t<\/div>\n\t\t<\/a><!-- .post-thumbnail -->\n\t\t\t\t<div class=\"entry-content-wrap\">\n\t\t\t<header class=\"entry-header\">\n\t<h2 class=\"entry-title\"><a href=\"https:\/\/ledomainevert.com\/de\/le-domaine-vert-im-winter\/\" rel=\"bookmark\">Le Domaine Vert im Winter<\/a><\/h2>\t<div class=\"entry-meta entry-meta-divider-dot\">\n\t\t\t\t<span class=\"posted-on\">\n\t\t\t\t<time class=\"entry-date published\" datetime=\"2022-03-16T09:41:49+01:00\">16. M\u00e4rz 2022<\/time><time class=\"updated\" datetime=\"2022-03-30T11:26:11+02:00\">30. M\u00e4rz 2022<\/time>\t\t\t<\/span>\n\t\t\t\t<\/div><!-- .entry-meta -->\n\t<\/header><!-- .entry-header -->\n\t<div class=\"entry-summary\">\n\t\t<p>So sieht Le Domaine Vert im Winter aus. Wir sind \u00fcber das Wochenende hier. Nur noch 2 Monate bis zum Start! Dann k\u00f6nnen wir unsere G\u00e4ste hier willkommen hei\u00dfen \ud83d\ude42.<\/p>\n\t<\/div><!-- .entry-summary -->\n\t<footer class=\"entry-footer\">\n\t\t\t<div class=\"entry-actions\">\n\t\t\t<p class=\"more-link-wrap\">\n\t\t\t\t<a href=\"https:\/\/ledomainevert.com\/de\/le-domaine-vert-im-winter\/\" class=\"post-more-link\">\n\t\t\t\t\tMehr<span class=\"screen-reader-text\"> Le Domaine Vert im Winter<\/span><span class=\"kadence-svg-iconset svg-baseline\"><svg aria-hidden=\"true\" class=\"kadence-svg-icon kadence-arrow-right-alt-svg\" fill=\"currentColor\" version=\"1.1\" xmlns=\"http:\/\/www.w3.org\/2000\/svg\" width=\"27\" height=\"28\" viewBox=\"0 0 27 28\"><title>Fortfahren<\/title><path d=\"M27 13.953c0 0.141-0.063 0.281-0.156 0.375l-6 5.531c-0.156 0.141-0.359 0.172-0.547 0.094-0.172-0.078-0.297-0.25-0.297-0.453v-3.5h-19.5c-0.281 0-0.5-0.219-0.5-0.5v-3c0-0.281 0.219-0.5 0.5-0.5h19.5v-3.5c0-0.203 0.109-0.375 0.297-0.453s0.391-0.047 0.547 0.078l6 5.469c0.094 0.094 0.156 0.219 0.156 0.359v0z\"><\/path>\n\t\t\t<\/svg><\/span>\t\t\t\t<\/a>\n\t\t\t<\/p>\n\t\t<\/div><!-- .entry-actions -->\n\t\t<\/footer><!-- .entry-footer -->\t\t<\/div>\n\t<\/article>\n<\/li>\n<li class=\"kb-post-list-item\">\n\t<article class=\"entry content-bg loop-entry post-1177 post type-post status-publish format-standard has-post-thumbnail hentry category-nieuws category-unkategorisiert\">\n\t\t\t\t<a aria-hidden=\"true\" tabindex=\"-1\" role=\"presentation\" class=\"post-thumbnail kadence-thumbnail-ratio-2-3\" href=\"https:\/\/ledomainevert.com\/de\/frankreich-lockert-korona-regeln-ab-14-maerz\/\" aria-label=\"Frankreich lockert Korona-Regeln ab 14. M\u00e4rz\">\n\t\t\t<div class=\"post-thumbnail-inner\">\n\t\t\t\t<img loading=\"lazy\" decoding=\"async\" width=\"694\" height=\"462\" src=\"https:\/\/ledomainevert.com\/wp-content\/uploads\/2022\/03\/download.webp\" class=\"attachment-medium_large size-medium_large wp-post-image\" alt=\"Frankreich lockert Korona-Regeln ab 14. M\u00e4rz\" srcset=\"https:\/\/ledomainevert.com\/wp-content\/uploads\/2022\/03\/download.webp 694w, https:\/\/ledomainevert.com\/wp-content\/uploads\/2022\/03\/download-300x200.webp 300w\" sizes=\"auto, (max-width: 694px) 100vw, 694px\" \/>\t\t\t<\/div>\n\t\t<\/a><!-- .post-thumbnail -->\n\t\t\t\t<div class=\"entry-content-wrap\">\n\t\t\t<header class=\"entry-header\">\n\t<h2 class=\"entry-title\"><a href=\"https:\/\/ledomainevert.com\/de\/frankreich-lockert-korona-regeln-ab-14-maerz\/\" rel=\"bookmark\">Frankreich lockert Korona-Regeln ab 14. M\u00e4rz<\/a><\/h2>\t<div class=\"entry-meta entry-meta-divider-dot\">\n\t\t\t\t<span class=\"posted-on\">\n\t\t\t\t<time class=\"entry-date published\" datetime=\"2022-03-16T09:36:30+01:00\">16. M\u00e4rz 2022<\/time><time class=\"updated\" datetime=\"2022-03-28T19:45:44+02:00\">28. M\u00e4rz 2022<\/time>\t\t\t<\/span>\n\t\t\t\t<\/div><!-- .entry-meta -->\n\t<\/header><!-- .entry-header -->\n\t<div class=\"entry-summary\">\n\t\t<p>Willkommen im Le Domaine Vert! Ein stressfreier Ort zum Entspannen und Auftanken.<\/p>\n\t<\/div><!-- .entry-summary -->\n\t<footer class=\"entry-footer\">\n\t\t\t<div class=\"entry-actions\">\n\t\t\t<p class=\"more-link-wrap\">\n\t\t\t\t<a href=\"https:\/\/ledomainevert.com\/de\/frankreich-lockert-korona-regeln-ab-14-maerz\/\" class=\"post-more-link\">\n\t\t\t\t\tMehr<span class=\"screen-reader-text\"> Frankreich lockert Korona-Regeln ab 14. M\u00e4rz<\/span><span class=\"kadence-svg-iconset svg-baseline\"><svg aria-hidden=\"true\" class=\"kadence-svg-icon kadence-arrow-right-alt-svg\" fill=\"currentColor\" version=\"1.1\" xmlns=\"http:\/\/www.w3.org\/2000\/svg\" width=\"27\" height=\"28\" viewBox=\"0 0 27 28\"><title>Fortfahren<\/title><path d=\"M27 13.953c0 0.141-0.063 0.281-0.156 0.375l-6 5.531c-0.156 0.141-0.359 0.172-0.547 0.094-0.172-0.078-0.297-0.25-0.297-0.453v-3.5h-19.5c-0.281 0-0.5-0.219-0.5-0.5v-3c0-0.281 0.219-0.5 0.5-0.5h19.5v-3.5c0-0.203 0.109-0.375 0.297-0.453s0.391-0.047 0.547 0.078l6 5.469c0.094 0.094 0.156 0.219 0.156 0.359v0z\"><\/path>\n\t\t\t<\/svg><\/span>\t\t\t\t<\/a>\n\t\t\t<\/p>\n\t\t<\/div><!-- .entry-actions -->\n\t\t<\/footer><!-- .entry-footer -->\t\t<\/div>\n\t<\/article>\n<\/li>\n<\/ul><\/div><\/div>\n<\/div><\/div><\/div>\n","protected":false},"excerpt":{"rendered":"","protected":false},"author":1,"featured_media":0,"parent":0,"menu_order":0,"comment_status":"closed","ping_status":"closed","template":"","meta":{"inline_featured_image":false,"_kad_blocks_custom_css":"","_kad_blocks_head_custom_js":"","_kad_blocks_body_custom_js":"","_kad_blocks_footer_custom_js":"","_monsterinsights_skip_tracking":false,"_monsterinsights_sitenote_active":false,"_monsterinsights_sitenote_note":"","_monsterinsights_sitenote_category":0,"_price":"","_stock":"","_tribe_ticket_header":"","_tribe_default_ticket_provider":"","_tribe_ticket_capacity":"0","_ticket_start_date":"","_ticket_end_date":"","_tribe_ticket_show_description":"","_tribe_ticket_show_not_going":false,"_tribe_ticket_use_global_stock":"","_tribe_ticket_global_stock_level":"","_global_stock_mode":"","_global_stock_cap":"","_tribe_rsvp_for_event":"","_tribe_ticket_going_count":"","_tribe_ticket_not_going_count":"","_tribe_tickets_list":"[]","_tribe_ticket_has_attendee_info_fields":false,"_kadence_starter_templates_imported_post":false,"_kad_post_transparent":"","_kad_post_title":"","_kad_post_layout":"","_kad_post_sidebar_id":"","_kad_post_content_style":"","_kad_post_vertical_padding":"","_kad_post_feature":"","_kad_post_feature_position":"","_kad_post_header":false,"_kad_post_footer":false,"_kad_post_classname":"","footnotes":"","_tec_slr_enabled":"","_tec_slr_layout":""},"class_list":["post-1226","page","type-page","status-publish","hentry"],"yoast_head":"<!-- This site is optimized with the Yoast SEO plugin v27.4 - https:\/\/yoast.com\/product\/yoast-seo-wordpress\/ -->\n<title>Umwelt und was zu tun ist - Le Domaine Vert<\/title>\n<meta name=\"robots\" content=\"index, follow, max-snippet:-1, max-image-preview:large, max-video-preview:-1\" \/>\n<link rel=\"canonical\" href=\"https:\/\/ledomainevert.com\/de\/nieuws\/\" \/>\n<meta property=\"og:locale\" content=\"de_DE\" \/>\n<meta property=\"og:type\" content=\"article\" \/>\n<meta property=\"og:title\" content=\"Umwelt und was zu tun ist - Le Domaine Vert\" \/>\n<meta property=\"og:url\" content=\"https:\/\/ledomainevert.com\/de\/nieuws\/\" \/>\n<meta property=\"og:site_name\" content=\"Le Domaine Vert\" \/>\n<meta property=\"article:publisher\" content=\"https:\/\/www.facebook.com\/ledomainevert\" \/>\n<meta property=\"article:modified_time\" content=\"2022-06-28T11:55:36+00:00\" \/>\n<meta property=\"og:image\" content=\"https:\/\/ledomainevert.com\/wp-content\/uploads\/2022\/03\/nieuws.jpg\" \/>\n\t<meta property=\"og:image:width\" content=\"2560\" \/>\n\t<meta property=\"og:image:height\" content=\"756\" \/>\n\t<meta property=\"og:image:type\" content=\"image\/jpeg\" \/>\n<meta name=\"twitter:card\" content=\"summary_large_image\" \/>\n<script type=\"application\/ld+json\" class=\"yoast-schema-graph\">{\"@context\":\"https:\\\/\\\/schema.org\",\"@graph\":[{\"@type\":\"WebPage\",\"@id\":\"https:\\\/\\\/ledomainevert.com\\\/de\\\/nieuws\\\/\",\"url\":\"https:\\\/\\\/ledomainevert.com\\\/de\\\/nieuws\\\/\",\"name\":\"Umwelt und was zu tun ist - Le Domaine Vert\",\"isPartOf\":{\"@id\":\"https:\\\/\\\/ledomainevert.com\\\/en\\\/#website\"},\"primaryImageOfPage\":{\"@id\":\"https:\\\/\\\/ledomainevert.com\\\/de\\\/nieuws\\\/#primaryimage\"},\"image\":{\"@id\":\"https:\\\/\\\/ledomainevert.com\\\/de\\\/nieuws\\\/#primaryimage\"},\"thumbnailUrl\":\"https:\\\/\\\/ledomainevert.com\\\/wp-content\\\/uploads\\\/2022\\\/03\\\/nieuws.jpg\",\"datePublished\":\"2022-03-01T11:08:32+00:00\",\"dateModified\":\"2022-06-28T11:55:36+00:00\",\"breadcrumb\":{\"@id\":\"https:\\\/\\\/ledomainevert.com\\\/de\\\/nieuws\\\/#breadcrumb\"},\"inLanguage\":\"de\",\"potentialAction\":[{\"@type\":\"ReadAction\",\"target\":[\"https:\\\/\\\/ledomainevert.com\\\/de\\\/nieuws\\\/\"]}]},{\"@type\":\"ImageObject\",\"inLanguage\":\"de\",\"@id\":\"https:\\\/\\\/ledomainevert.com\\\/de\\\/nieuws\\\/#primaryimage\",\"url\":\"https:\\\/\\\/ledomainevert.com\\\/wp-content\\\/uploads\\\/2022\\\/03\\\/nieuws.jpg\",\"contentUrl\":\"https:\\\/\\\/ledomainevert.com\\\/wp-content\\\/uploads\\\/2022\\\/03\\\/nieuws.jpg\"},{\"@type\":\"BreadcrumbList\",\"@id\":\"https:\\\/\\\/ledomainevert.com\\\/de\\\/nieuws\\\/#breadcrumb\",\"itemListElement\":[{\"@type\":\"ListItem\",\"position\":1,\"name\":\"Home\",\"item\":\"https:\\\/\\\/ledomainevert.com\\\/de\\\/home-2\\\/\"},{\"@type\":\"ListItem\",\"position\":2,\"name\":\"Umwelt und was zu tun ist\"}]},{\"@type\":\"WebSite\",\"@id\":\"https:\\\/\\\/ledomainevert.com\\\/en\\\/#website\",\"url\":\"https:\\\/\\\/ledomainevert.com\\\/en\\\/\",\"name\":\"Le Domaine Vert\",\"description\":\"het groene domein\",\"publisher\":{\"@id\":\"https:\\\/\\\/ledomainevert.com\\\/en\\\/#organization\"},\"potentialAction\":[{\"@type\":\"SearchAction\",\"target\":{\"@type\":\"EntryPoint\",\"urlTemplate\":\"https:\\\/\\\/ledomainevert.com\\\/en\\\/?s={search_term_string}\"},\"query-input\":{\"@type\":\"PropertyValueSpecification\",\"valueRequired\":true,\"valueName\":\"search_term_string\"}}],\"inLanguage\":\"de\"},{\"@type\":\"Organization\",\"@id\":\"https:\\\/\\\/ledomainevert.com\\\/en\\\/#organization\",\"name\":\"Le Domaine Vert\",\"url\":\"https:\\\/\\\/ledomainevert.com\\\/en\\\/\",\"logo\":{\"@type\":\"ImageObject\",\"inLanguage\":\"de\",\"@id\":\"https:\\\/\\\/ledomainevert.com\\\/en\\\/#\\\/schema\\\/logo\\\/image\\\/\",\"url\":\"https:\\\/\\\/ledomainevert.com\\\/wp-content\\\/uploads\\\/2022\\\/03\\\/logo-le-domaine-vert-2.svg\",\"contentUrl\":\"https:\\\/\\\/ledomainevert.com\\\/wp-content\\\/uploads\\\/2022\\\/03\\\/logo-le-domaine-vert-2.svg\",\"caption\":\"Le Domaine Vert\"},\"image\":{\"@id\":\"https:\\\/\\\/ledomainevert.com\\\/en\\\/#\\\/schema\\\/logo\\\/image\\\/\"},\"sameAs\":[\"https:\\\/\\\/www.facebook.com\\\/ledomainevert\",\"https:\\\/\\\/www.instagram.com\\\/ledomainevert\"]}]}<\/script>\n<!-- \/ Yoast SEO plugin. -->","yoast_head_json":{"title":"Umwelt und was zu tun ist - Le Domaine Vert","robots":{"index":"index","follow":"follow","max-snippet":"max-snippet:-1","max-image-preview":"max-image-preview:large","max-video-preview":"max-video-preview:-1"},"canonical":"https:\/\/ledomainevert.com\/de\/nieuws\/","og_locale":"de_DE","og_type":"article","og_title":"Umwelt und was zu tun ist - Le Domaine Vert","og_url":"https:\/\/ledomainevert.com\/de\/nieuws\/","og_site_name":"Le Domaine Vert","article_publisher":"https:\/\/www.facebook.com\/ledomainevert","article_modified_time":"2022-06-28T11:55:36+00:00","og_image":[{"width":2560,"height":756,"url":"https:\/\/ledomainevert.com\/wp-content\/uploads\/2022\/03\/nieuws.jpg","type":"image\/jpeg"}],"twitter_card":"summary_large_image","schema":{"@context":"https:\/\/schema.org","@graph":[{"@type":"WebPage","@id":"https:\/\/ledomainevert.com\/de\/nieuws\/","url":"https:\/\/ledomainevert.com\/de\/nieuws\/","name":"Umwelt und was zu tun ist - Le Domaine Vert","isPartOf":{"@id":"https:\/\/ledomainevert.com\/en\/#website"},"primaryImageOfPage":{"@id":"https:\/\/ledomainevert.com\/de\/nieuws\/#primaryimage"},"image":{"@id":"https:\/\/ledomainevert.com\/de\/nieuws\/#primaryimage"},"thumbnailUrl":"https:\/\/ledomainevert.com\/wp-content\/uploads\/2022\/03\/nieuws.jpg","datePublished":"2022-03-01T11:08:32+00:00","dateModified":"2022-06-28T11:55:36+00:00","breadcrumb":{"@id":"https:\/\/ledomainevert.com\/de\/nieuws\/#breadcrumb"},"inLanguage":"de","potentialAction":[{"@type":"ReadAction","target":["https:\/\/ledomainevert.com\/de\/nieuws\/"]}]},{"@type":"ImageObject","inLanguage":"de","@id":"https:\/\/ledomainevert.com\/de\/nieuws\/#primaryimage","url":"https:\/\/ledomainevert.com\/wp-content\/uploads\/2022\/03\/nieuws.jpg","contentUrl":"https:\/\/ledomainevert.com\/wp-content\/uploads\/2022\/03\/nieuws.jpg"},{"@type":"BreadcrumbList","@id":"https:\/\/ledomainevert.com\/de\/nieuws\/#breadcrumb","itemListElement":[{"@type":"ListItem","position":1,"name":"Home","item":"https:\/\/ledomainevert.com\/de\/home-2\/"},{"@type":"ListItem","position":2,"name":"Umwelt und was zu tun ist"}]},{"@type":"WebSite","@id":"https:\/\/ledomainevert.com\/en\/#website","url":"https:\/\/ledomainevert.com\/en\/","name":"Le Domaine Vert","description":"het groene domein","publisher":{"@id":"https:\/\/ledomainevert.com\/en\/#organization"},"potentialAction":[{"@type":"SearchAction","target":{"@type":"EntryPoint","urlTemplate":"https:\/\/ledomainevert.com\/en\/?s={search_term_string}"},"query-input":{"@type":"PropertyValueSpecification","valueRequired":true,"valueName":"search_term_string"}}],"inLanguage":"de"},{"@type":"Organization","@id":"https:\/\/ledomainevert.com\/en\/#organization","name":"Le Domaine Vert","url":"https:\/\/ledomainevert.com\/en\/","logo":{"@type":"ImageObject","inLanguage":"de","@id":"https:\/\/ledomainevert.com\/en\/#\/schema\/logo\/image\/","url":"https:\/\/ledomainevert.com\/wp-content\/uploads\/2022\/03\/logo-le-domaine-vert-2.svg","contentUrl":"https:\/\/ledomainevert.com\/wp-content\/uploads\/2022\/03\/logo-le-domaine-vert-2.svg","caption":"Le Domaine Vert"},"image":{"@id":"https:\/\/ledomainevert.com\/en\/#\/schema\/logo\/image\/"},"sameAs":["https:\/\/www.facebook.com\/ledomainevert","https:\/\/www.instagram.com\/ledomainevert"]}]}},"taxonomy_info":[],"featured_image_src_large":false,"author_info":{"display_name":"admin","author_link":"https:\/\/ledomainevert.com\/de\/author\/admin_ah0q7gvg\/"},"comment_info":0,"ticketed":false,"_links":{"self":[{"href":"https:\/\/ledomainevert.com\/de\/wp-json\/wp\/v2\/pages\/1226","targetHints":{"allow":["GET"]}}],"collection":[{"href":"https:\/\/ledomainevert.com\/de\/wp-json\/wp\/v2\/pages"}],"about":[{"href":"https:\/\/ledomainevert.com\/de\/wp-json\/wp\/v2\/types\/page"}],"author":[{"embeddable":true,"href":"https:\/\/ledomainevert.com\/de\/wp-json\/wp\/v2\/users\/1"}],"replies":[{"embeddable":true,"href":"https:\/\/ledomainevert.com\/de\/wp-json\/wp\/v2\/comments?post=1226"}],"version-history":[{"count":3,"href":"https:\/\/ledomainevert.com\/de\/wp-json\/wp\/v2\/pages\/1226\/revisions"}],"predecessor-version":[{"id":1535,"href":"https:\/\/ledomainevert.com\/de\/wp-json\/wp\/v2\/pages\/1226\/revisions\/1535"}],"wp:attachment":[{"href":"https:\/\/ledomainevert.com\/de\/wp-json\/wp\/v2\/media?parent=1226"}],"curies":[{"name":"wp","href":"https:\/\/api.w.org\/{rel}","templated":true}]}}