{"id":1233,"date":"2022-03-02T12:44:03","date_gmt":"2022-03-02T11:44:03","guid":{"rendered":"https:\/\/ledomainevert.com\/privacy-en-cookieverklaring\/"},"modified":"2022-03-30T10:46:47","modified_gmt":"2022-03-30T08:46:47","slug":"privacy-en-cookieverklaring","status":"publish","type":"page","link":"https:\/\/ledomainevert.com\/de\/privacy-en-cookieverklaring\/","title":{"rendered":"Datenschutz und Cookie-Erkl\u00e4rung"},"content":{"rendered":"\n<div class=\"wp-block-cover is-light\"><span aria-hidden=\"true\" class=\"has-background-dim-0 wp-block-cover__gradient-background has-background-dim\"><\/span><img loading=\"lazy\" decoding=\"async\" width=\"2048\" height=\"439\" class=\"wp-block-cover__image-background wp-image-398\" alt=\"\" src=\"https:\/\/ledomainevert.com\/wp-content\/uploads\/2022\/03\/koren-1.jpg\" data-object-fit=\"cover\" srcset=\"https:\/\/ledomainevert.com\/wp-content\/uploads\/2022\/03\/koren-1.jpg 2048w, https:\/\/ledomainevert.com\/wp-content\/uploads\/2022\/03\/koren-1-300x64.jpg 300w, https:\/\/ledomainevert.com\/wp-content\/uploads\/2022\/03\/koren-1-1024x220.jpg 1024w, https:\/\/ledomainevert.com\/wp-content\/uploads\/2022\/03\/koren-1-768x165.jpg 768w, https:\/\/ledomainevert.com\/wp-content\/uploads\/2022\/03\/koren-1-1536x329.jpg 1536w\" sizes=\"auto, (max-width: 2048px) 100vw, 2048px\" \/><div class=\"wp-block-cover__inner-container is-layout-flow wp-block-cover-is-layout-flow\">\n<p class=\"has-text-align-center has-large-font-size\"><\/p>\n<\/div><\/div>\n\n\n<style>#kt-layout-id_4724db-0a > .kt-row-column-wrap{align-content:start;}:where(#kt-layout-id_4724db-0a > .kt-row-column-wrap) > .wp-block-kadence-column{justify-content:start;}#kt-layout-id_4724db-0a > .kt-row-column-wrap{column-gap:var(--global-kb-gap-md, 2rem);row-gap:var(--global-kb-gap-md, 2rem);max-width:var( --global-content-width, 1290px );padding-left:var(--global-content-edge-padding);padding-right:var(--global-content-edge-padding);padding-top:var( --global-kb-row-default-top, 25px );padding-bottom:var( --global-kb-row-default-bottom, 25px );padding-top:50px;padding-bottom:50px;grid-template-columns:minmax(0, 1fr);}#kt-layout-id_4724db-0a > .kt-row-layout-overlay{opacity:0.30;}#kt-layout-id_4724db-0a .kt-row-layout-bottom-sep{height:100px;}#kt-layout-id_4724db-0a .kt-row-layout-bottom-sep svg{width:100%;}#kt-layout-id_4724db-0a .kt-row-layout-bottom-sep svg{fill:#ffffff!important;}@media all and (max-width: 1024px){#kt-layout-id_4724db-0a > .kt-row-column-wrap{grid-template-columns:minmax(0, 1fr);}}@media all and (max-width: 1024px){#kt-layout-id_4724db-0a .kt-row-layout-bottom-sep{height:px;}}@media all and (max-width: 1024px){#kt-layout-id_4724db-0a .kt-row-layout-bottom-sep svg{width:%;}}@media all and (max-width: 767px){#kt-layout-id_4724db-0a > .kt-row-column-wrap{grid-template-columns:minmax(0, 1fr);}#kt-layout-id_4724db-0a .kt-row-layout-bottom-sep{height:px;}#kt-layout-id_4724db-0a .kt-row-layout-bottom-sep svg{width:%;}}<\/style>\n<div class=\"wp-block-kadence-rowlayout alignnone\"><div id=\"kt-layout-id_4724db-0a\" class=\"kt-row-layout-inner kt-layout-id_4724db-0a\"><div class=\"kt-row-column-wrap kt-has-1-columns kt-gutter-default kt-v-gutter-default kt-row-valign-top kt-row-layout-equal kt-tab-layout-inherit kt-m-colapse-left-to-right kt-mobile-layout-row kt-inner-column-height-full kb-theme-content-width\"><style>.kadence-column_94579f-b5 > .kt-inside-inner-col{padding-top:20px;padding-bottom:20px;padding-left:20px;padding-right:20px;}.kadence-column_94579f-b5 > .kt-inside-inner-col{border-top-width:0px;border-right-width:0px;border-bottom-width:0px;border-left-width:0px;}.kadence-column_94579f-b5 > .kt-inside-inner-col,.kadence-column_94579f-b5 > .kt-inside-inner-col:before{border-top-left-radius:20px;border-top-right-radius:20px;border-bottom-right-radius:20px;border-bottom-left-radius:20px;}.kadence-column_94579f-b5 > .kt-inside-inner-col{column-gap:var(--global-kb-gap-sm, 1rem);}.kadence-column_94579f-b5 > .kt-inside-inner-col{flex-direction:column;}.kadence-column_94579f-b5 > .kt-inside-inner-col > .aligncenter{width:100%;}.kadence-column_94579f-b5 > .kt-inside-inner-col{background-color:var(--global-palette7, #EDF2F7);}.kadence-column_94579f-b5 > .kt-inside-inner-col:before{opacity:0.3;}.kadence-column_94579f-b5{position:relative;}@media all and (max-width: 1024px){.kadence-column_94579f-b5 > .kt-inside-inner-col{flex-direction:column;justify-content:center;}}@media all and (max-width: 767px){.kadence-column_94579f-b5 > .kt-inside-inner-col{flex-direction:column;justify-content:center;}}<\/style>\n<div class=\"wp-block-kadence-column inner-column-1 kadence-column_94579f-b5\"><div class=\"kt-inside-inner-col\"><style>.wp-block-kadence-advancedheading.kt-adv-heading_792322-2a, .wp-block-kadence-advancedheading.kt-adv-heading_792322-2a[data-kb-block=\"kb-adv-heading_792322-2a\"]{font-style:normal;}.wp-block-kadence-advancedheading.kt-adv-heading_792322-2a mark.kt-highlight, .wp-block-kadence-advancedheading.kt-adv-heading_792322-2a[data-kb-block=\"kb-adv-heading_792322-2a\"] mark.kt-highlight{font-style:normal;color:#f76a0c;-webkit-box-decoration-break:clone;box-decoration-break:clone;padding-top:0px;padding-right:0px;padding-bottom:0px;padding-left:0px;}.wp-block-kadence-advancedheading.kt-adv-heading_792322-2a img.kb-inline-image, .wp-block-kadence-advancedheading.kt-adv-heading_792322-2a[data-kb-block=\"kb-adv-heading_792322-2a\"] img.kb-inline-image{width:150px;vertical-align:baseline;}<\/style>\n<h2 class=\"kt-adv-heading_792322-2a wp-block-kadence-advancedheading\" data-kb-block=\"kb-adv-heading_792322-2a\">Datenschutz und Cookie-Erkl\u00e4rung<\/h2>\n\n\n\n<p>Auf der Website Le Domaine Vert sammeln und verarbeiten wir verschiedene pers\u00f6nliche Daten von Ihnen, dem Besucher. In dieser Datenschutz- und Cookie-Erkl\u00e4rung erkl\u00e4ren wir, welche Daten wir sammeln und was wir damit machen.<\/p>\n\n\n\n<p>Wir werden unser Bestes tun, um sicherzustellen, dass Ihre pers\u00f6nlichen Daten so behandelt werden, dass Ihre Privatsph\u00e4re so weit wie m\u00f6glich gesch\u00fctzt und gesichert ist. Le Domaine Vert speichert nur die pers\u00f6nlichen Daten, die wir ben\u00f6tigen, um Sie bedienen zu k\u00f6nnen.<br><br><strong><strong>Verwendung von Cookies<\/strong><br><\/strong>Le Domaine Vert verwendet anonyme Cookies von Google Analytics. Wir verwenden die anonymisierten Daten ausschlie\u00dflich zur Verbesserung unserer Website. Le Domaine Vert speichert keine eindeutigen personenbezogenen Daten (z. B. Ihren Namen oder Ihre E-Mail-Adresse), es sei denn, Sie entscheiden sich daf\u00fcr. Ein Cookie ist eine Textdatei, die von Ihrem Browser auf der Festplatte Ihres Computers gespeichert wird. Unsere Cookies enthalten keine personenbezogenen Daten. Eine weitere Funktion, die Cookies auf unserer Website verwendet, ist die Google Maps-Karte f\u00fcr die Anfahrt zu unserem B\u00fcro.\u00a0<\/p>\n\n\n\n<p><strong>Verwendung von Cookies<br><\/strong>Le Domaine Vert verwendet anonyme Cookies von Google Analytics. Wir verwenden die anonymen Daten nur zur Verbesserung unserer Website.&nbsp;Le Domaine Vert sammelt keine eindeutigen pers\u00f6nlichen Daten (z.B. Ihren Namen oder Ihre E-Mail-Adresse), es sei denn, Sie w\u00fcnschen dies. Ein Cookie ist eine Textdatei, die von Ihrem Browser auf der Festplatte Ihres Computers gespeichert wird. Unsere Cookies enthalten keine pers\u00f6nlich identifizierbaren Informationen.&nbsp;Eine weitere Funktion, die Cookies auf unserer Website verwendet, ist die Google Maps-Karte f\u00fcr die Wegbeschreibung zu unserem B\u00fcro.&nbsp;<\/p>\n\n\n\n<p><strong>Kontaktformular &amp; E-Mail<br><\/strong>Wenn Sie unser Kontaktformular auf der Website ausf\u00fcllen oder uns eine E-Mail schicken, werden die von Ihnen \u00fcbermittelten Daten so lange gespeichert, bis sie beantwortet oder bearbeitet werden. Diese Daten werden nicht an Dritte weitergegeben.<\/p>\n\n\n\n<p><strong>Warum wir Daten brauchen<br><\/strong>Le Domaine Vert verarbeitet Ihre Daten f\u00fcr die folgenden Zwecke:<\/p>\n\n\n\n<ul class=\"wp-block-list\"><li>Le Domaine Vert analysiert Ihr Verhalten auf der Website, um unsere Website zu verbessern und unser Angebot an Produkten und Dienstleistungen auf Ihre Pr\u00e4ferenzen abzustimmen.<\/li><\/ul>\n\n\n\n<p><strong>Mit anderen teilen<br><\/strong>Le Domaine Vert gibt nur dann Informationen an Dritte weiter, wenn dies f\u00fcr die Erf\u00fcllung unserer Vereinbarung mit Ihnen oder zur Erf\u00fcllung einer gesetzlichen Verpflichtung erforderlich ist.<\/p>\n\n\n\n<p><strong>Aufbewahrung von Daten<br><\/strong>Alle Daten und Informationen werden nicht l\u00e4nger als n\u00f6tig aufbewahrt.<\/p>\n\n\n\n<p><strong>Fragen und Feedback<br><\/strong>Wenn Sie Fragen zum Inhalt der Webs ite haben, wenden Sie sich bitte an uns-&nbsp;<a href=\"mailto:info@hpu.nl\">info@ledomainevert.com<\/a><\/p>\n\n\n\n<p><em>Letzte Aktualisierung: 14-03-2022<\/em><\/p>\n<\/div><\/div>\n<\/div><\/div><\/div>\n","protected":false},"excerpt":{"rendered":"<p>Datenschutz und Cookie-Erkl\u00e4rung Auf der Website Le Domaine Vert sammeln und verarbeiten wir verschiedene pers\u00f6nliche Daten von Ihnen, dem Besucher. In dieser Datenschutz- und Cookie-Erkl\u00e4rung erkl\u00e4ren wir, welche Daten wir&#8230;<\/p>\n","protected":false},"author":1,"featured_media":0,"parent":0,"menu_order":0,"comment_status":"closed","ping_status":"closed","template":"","meta":{"inline_featured_image":false,"_kad_blocks_custom_css":"","_kad_blocks_head_custom_js":"","_kad_blocks_body_custom_js":"","_kad_blocks_footer_custom_js":"","_monsterinsights_skip_tracking":false,"_monsterinsights_sitenote_active":false,"_monsterinsights_sitenote_note":"","_monsterinsights_sitenote_category":0,"_price":"","_stock":"","_tribe_ticket_header":"","_tribe_default_ticket_provider":"","_tribe_ticket_capacity":"0","_ticket_start_date":"","_ticket_end_date":"","_tribe_ticket_show_description":"","_tribe_ticket_show_not_going":false,"_tribe_ticket_use_global_stock":"","_tribe_ticket_global_stock_level":"","_global_stock_mode":"","_global_stock_cap":"","_tribe_rsvp_for_event":"","_tribe_ticket_going_count":"","_tribe_ticket_not_going_count":"","_tribe_tickets_list":"[]","_tribe_ticket_has_attendee_info_fields":false,"_kadence_starter_templates_imported_post":false,"_kad_post_transparent":"","_kad_post_title":"","_kad_post_layout":"","_kad_post_sidebar_id":"","_kad_post_content_style":"","_kad_post_vertical_padding":"","_kad_post_feature":"","_kad_post_feature_position":"","_kad_post_header":false,"_kad_post_footer":false,"_kad_post_classname":"","footnotes":"","_tec_slr_enabled":"","_tec_slr_layout":""},"class_list":["post-1233","page","type-page","status-publish","hentry"],"yoast_head":"<!-- This site is optimized with the Yoast SEO plugin v27.4 - https:\/\/yoast.com\/product\/yoast-seo-wordpress\/ -->\n<title>Datenschutz und Cookie-Erkl\u00e4rung - Le Domaine Vert<\/title>\n<meta name=\"robots\" content=\"index, follow, max-snippet:-1, max-image-preview:large, max-video-preview:-1\" \/>\n<link rel=\"canonical\" href=\"https:\/\/ledomainevert.com\/de\/privacy-en-cookieverklaring\/\" \/>\n<meta property=\"og:locale\" content=\"de_DE\" \/>\n<meta property=\"og:type\" content=\"article\" \/>\n<meta property=\"og:title\" content=\"Datenschutz und Cookie-Erkl\u00e4rung - Le Domaine Vert\" \/>\n<meta property=\"og:description\" content=\"Datenschutz und Cookie-Erkl\u00e4rung Auf der Website Le Domaine Vert sammeln und verarbeiten wir verschiedene pers\u00f6nliche Daten von Ihnen, dem Besucher. In dieser Datenschutz- und Cookie-Erkl\u00e4rung erkl\u00e4ren wir, welche Daten wir...\" \/>\n<meta property=\"og:url\" content=\"https:\/\/ledomainevert.com\/de\/privacy-en-cookieverklaring\/\" \/>\n<meta property=\"og:site_name\" content=\"Le Domaine Vert\" \/>\n<meta property=\"article:publisher\" content=\"https:\/\/www.facebook.com\/ledomainevert\" \/>\n<meta property=\"article:modified_time\" content=\"2022-03-30T08:46:47+00:00\" \/>\n<meta property=\"og:image\" content=\"https:\/\/ledomainevert.com\/wp-content\/uploads\/2022\/03\/koren-1.jpg\" \/>\n\t<meta property=\"og:image:width\" content=\"2048\" \/>\n\t<meta property=\"og:image:height\" content=\"439\" \/>\n\t<meta property=\"og:image:type\" content=\"image\/jpeg\" \/>\n<meta name=\"twitter:card\" content=\"summary_large_image\" \/>\n<meta name=\"twitter:label1\" content=\"Gesch\u00e4tzte Lesezeit\" \/>\n\t<meta name=\"twitter:data1\" content=\"2\u00a0Minuten\" \/>\n<script type=\"application\/ld+json\" class=\"yoast-schema-graph\">{\"@context\":\"https:\\\/\\\/schema.org\",\"@graph\":[{\"@type\":\"WebPage\",\"@id\":\"https:\\\/\\\/ledomainevert.com\\\/de\\\/privacy-en-cookieverklaring\\\/\",\"url\":\"https:\\\/\\\/ledomainevert.com\\\/de\\\/privacy-en-cookieverklaring\\\/\",\"name\":\"Datenschutz und Cookie-Erkl\u00e4rung - Le Domaine Vert\",\"isPartOf\":{\"@id\":\"https:\\\/\\\/ledomainevert.com\\\/en\\\/#website\"},\"primaryImageOfPage\":{\"@id\":\"https:\\\/\\\/ledomainevert.com\\\/de\\\/privacy-en-cookieverklaring\\\/#primaryimage\"},\"image\":{\"@id\":\"https:\\\/\\\/ledomainevert.com\\\/de\\\/privacy-en-cookieverklaring\\\/#primaryimage\"},\"thumbnailUrl\":\"https:\\\/\\\/ledomainevert.com\\\/wp-content\\\/uploads\\\/2022\\\/03\\\/koren-1.jpg\",\"datePublished\":\"2022-03-02T11:44:03+00:00\",\"dateModified\":\"2022-03-30T08:46:47+00:00\",\"breadcrumb\":{\"@id\":\"https:\\\/\\\/ledomainevert.com\\\/de\\\/privacy-en-cookieverklaring\\\/#breadcrumb\"},\"inLanguage\":\"de\",\"potentialAction\":[{\"@type\":\"ReadAction\",\"target\":[\"https:\\\/\\\/ledomainevert.com\\\/de\\\/privacy-en-cookieverklaring\\\/\"]}]},{\"@type\":\"ImageObject\",\"inLanguage\":\"de\",\"@id\":\"https:\\\/\\\/ledomainevert.com\\\/de\\\/privacy-en-cookieverklaring\\\/#primaryimage\",\"url\":\"https:\\\/\\\/ledomainevert.com\\\/wp-content\\\/uploads\\\/2022\\\/03\\\/koren-1.jpg\",\"contentUrl\":\"https:\\\/\\\/ledomainevert.com\\\/wp-content\\\/uploads\\\/2022\\\/03\\\/koren-1.jpg\"},{\"@type\":\"BreadcrumbList\",\"@id\":\"https:\\\/\\\/ledomainevert.com\\\/de\\\/privacy-en-cookieverklaring\\\/#breadcrumb\",\"itemListElement\":[{\"@type\":\"ListItem\",\"position\":1,\"name\":\"Home\",\"item\":\"https:\\\/\\\/ledomainevert.com\\\/de\\\/home-2\\\/\"},{\"@type\":\"ListItem\",\"position\":2,\"name\":\"Datenschutz und Cookie-Erkl\u00e4rung\"}]},{\"@type\":\"WebSite\",\"@id\":\"https:\\\/\\\/ledomainevert.com\\\/en\\\/#website\",\"url\":\"https:\\\/\\\/ledomainevert.com\\\/en\\\/\",\"name\":\"Le Domaine Vert\",\"description\":\"het groene domein\",\"publisher\":{\"@id\":\"https:\\\/\\\/ledomainevert.com\\\/en\\\/#organization\"},\"potentialAction\":[{\"@type\":\"SearchAction\",\"target\":{\"@type\":\"EntryPoint\",\"urlTemplate\":\"https:\\\/\\\/ledomainevert.com\\\/en\\\/?s={search_term_string}\"},\"query-input\":{\"@type\":\"PropertyValueSpecification\",\"valueRequired\":true,\"valueName\":\"search_term_string\"}}],\"inLanguage\":\"de\"},{\"@type\":\"Organization\",\"@id\":\"https:\\\/\\\/ledomainevert.com\\\/en\\\/#organization\",\"name\":\"Le Domaine Vert\",\"url\":\"https:\\\/\\\/ledomainevert.com\\\/en\\\/\",\"logo\":{\"@type\":\"ImageObject\",\"inLanguage\":\"de\",\"@id\":\"https:\\\/\\\/ledomainevert.com\\\/en\\\/#\\\/schema\\\/logo\\\/image\\\/\",\"url\":\"https:\\\/\\\/ledomainevert.com\\\/wp-content\\\/uploads\\\/2022\\\/03\\\/logo-le-domaine-vert-2.svg\",\"contentUrl\":\"https:\\\/\\\/ledomainevert.com\\\/wp-content\\\/uploads\\\/2022\\\/03\\\/logo-le-domaine-vert-2.svg\",\"caption\":\"Le Domaine Vert\"},\"image\":{\"@id\":\"https:\\\/\\\/ledomainevert.com\\\/en\\\/#\\\/schema\\\/logo\\\/image\\\/\"},\"sameAs\":[\"https:\\\/\\\/www.facebook.com\\\/ledomainevert\",\"https:\\\/\\\/www.instagram.com\\\/ledomainevert\"]}]}<\/script>\n<!-- \/ Yoast SEO plugin. -->","yoast_head_json":{"title":"Datenschutz und Cookie-Erkl\u00e4rung - Le Domaine Vert","robots":{"index":"index","follow":"follow","max-snippet":"max-snippet:-1","max-image-preview":"max-image-preview:large","max-video-preview":"max-video-preview:-1"},"canonical":"https:\/\/ledomainevert.com\/de\/privacy-en-cookieverklaring\/","og_locale":"de_DE","og_type":"article","og_title":"Datenschutz und Cookie-Erkl\u00e4rung - Le Domaine Vert","og_description":"Datenschutz und Cookie-Erkl\u00e4rung Auf der Website Le Domaine Vert sammeln und verarbeiten wir verschiedene pers\u00f6nliche Daten von Ihnen, dem Besucher. In dieser Datenschutz- und Cookie-Erkl\u00e4rung erkl\u00e4ren wir, welche Daten wir...","og_url":"https:\/\/ledomainevert.com\/de\/privacy-en-cookieverklaring\/","og_site_name":"Le Domaine Vert","article_publisher":"https:\/\/www.facebook.com\/ledomainevert","article_modified_time":"2022-03-30T08:46:47+00:00","og_image":[{"width":2048,"height":439,"url":"https:\/\/ledomainevert.com\/wp-content\/uploads\/2022\/03\/koren-1.jpg","type":"image\/jpeg"}],"twitter_card":"summary_large_image","twitter_misc":{"Gesch\u00e4tzte Lesezeit":"2\u00a0Minuten"},"schema":{"@context":"https:\/\/schema.org","@graph":[{"@type":"WebPage","@id":"https:\/\/ledomainevert.com\/de\/privacy-en-cookieverklaring\/","url":"https:\/\/ledomainevert.com\/de\/privacy-en-cookieverklaring\/","name":"Datenschutz und Cookie-Erkl\u00e4rung - Le Domaine Vert","isPartOf":{"@id":"https:\/\/ledomainevert.com\/en\/#website"},"primaryImageOfPage":{"@id":"https:\/\/ledomainevert.com\/de\/privacy-en-cookieverklaring\/#primaryimage"},"image":{"@id":"https:\/\/ledomainevert.com\/de\/privacy-en-cookieverklaring\/#primaryimage"},"thumbnailUrl":"https:\/\/ledomainevert.com\/wp-content\/uploads\/2022\/03\/koren-1.jpg","datePublished":"2022-03-02T11:44:03+00:00","dateModified":"2022-03-30T08:46:47+00:00","breadcrumb":{"@id":"https:\/\/ledomainevert.com\/de\/privacy-en-cookieverklaring\/#breadcrumb"},"inLanguage":"de","potentialAction":[{"@type":"ReadAction","target":["https:\/\/ledomainevert.com\/de\/privacy-en-cookieverklaring\/"]}]},{"@type":"ImageObject","inLanguage":"de","@id":"https:\/\/ledomainevert.com\/de\/privacy-en-cookieverklaring\/#primaryimage","url":"https:\/\/ledomainevert.com\/wp-content\/uploads\/2022\/03\/koren-1.jpg","contentUrl":"https:\/\/ledomainevert.com\/wp-content\/uploads\/2022\/03\/koren-1.jpg"},{"@type":"BreadcrumbList","@id":"https:\/\/ledomainevert.com\/de\/privacy-en-cookieverklaring\/#breadcrumb","itemListElement":[{"@type":"ListItem","position":1,"name":"Home","item":"https:\/\/ledomainevert.com\/de\/home-2\/"},{"@type":"ListItem","position":2,"name":"Datenschutz und Cookie-Erkl\u00e4rung"}]},{"@type":"WebSite","@id":"https:\/\/ledomainevert.com\/en\/#website","url":"https:\/\/ledomainevert.com\/en\/","name":"Le Domaine Vert","description":"het groene domein","publisher":{"@id":"https:\/\/ledomainevert.com\/en\/#organization"},"potentialAction":[{"@type":"SearchAction","target":{"@type":"EntryPoint","urlTemplate":"https:\/\/ledomainevert.com\/en\/?s={search_term_string}"},"query-input":{"@type":"PropertyValueSpecification","valueRequired":true,"valueName":"search_term_string"}}],"inLanguage":"de"},{"@type":"Organization","@id":"https:\/\/ledomainevert.com\/en\/#organization","name":"Le Domaine Vert","url":"https:\/\/ledomainevert.com\/en\/","logo":{"@type":"ImageObject","inLanguage":"de","@id":"https:\/\/ledomainevert.com\/en\/#\/schema\/logo\/image\/","url":"https:\/\/ledomainevert.com\/wp-content\/uploads\/2022\/03\/logo-le-domaine-vert-2.svg","contentUrl":"https:\/\/ledomainevert.com\/wp-content\/uploads\/2022\/03\/logo-le-domaine-vert-2.svg","caption":"Le Domaine Vert"},"image":{"@id":"https:\/\/ledomainevert.com\/en\/#\/schema\/logo\/image\/"},"sameAs":["https:\/\/www.facebook.com\/ledomainevert","https:\/\/www.instagram.com\/ledomainevert"]}]}},"taxonomy_info":[],"featured_image_src_large":false,"author_info":{"display_name":"admin","author_link":"https:\/\/ledomainevert.com\/de\/author\/admin_ah0q7gvg\/"},"comment_info":0,"ticketed":false,"_links":{"self":[{"href":"https:\/\/ledomainevert.com\/de\/wp-json\/wp\/v2\/pages\/1233","targetHints":{"allow":["GET"]}}],"collection":[{"href":"https:\/\/ledomainevert.com\/de\/wp-json\/wp\/v2\/pages"}],"about":[{"href":"https:\/\/ledomainevert.com\/de\/wp-json\/wp\/v2\/types\/page"}],"author":[{"embeddable":true,"href":"https:\/\/ledomainevert.com\/de\/wp-json\/wp\/v2\/users\/1"}],"replies":[{"embeddable":true,"href":"https:\/\/ledomainevert.com\/de\/wp-json\/wp\/v2\/comments?post=1233"}],"version-history":[{"count":1,"href":"https:\/\/ledomainevert.com\/de\/wp-json\/wp\/v2\/pages\/1233\/revisions"}],"predecessor-version":[{"id":1237,"href":"https:\/\/ledomainevert.com\/de\/wp-json\/wp\/v2\/pages\/1233\/revisions\/1237"}],"wp:attachment":[{"href":"https:\/\/ledomainevert.com\/de\/wp-json\/wp\/v2\/media?parent=1233"}],"curies":[{"name":"wp","href":"https:\/\/api.w.org\/{rel}","templated":true}]}}