{"id":1249,"date":"2022-03-01T12:07:58","date_gmt":"2022-03-01T11:07:58","guid":{"rendered":"https:\/\/ledomainevert.com\/verblijf\/"},"modified":"2023-07-29T00:02:00","modified_gmt":"2023-07-28T22:02:00","slug":"verblijf","status":"publish","type":"page","link":"https:\/\/ledomainevert.com\/de\/verblijf\/","title":{"rendered":"Unterkunft"},"content":{"rendered":"\n<div class=\"wp-block-cover\"><span aria-hidden=\"true\" class=\"wp-block-cover__background has-background-dim-0 has-background-dim\"><\/span><img loading=\"lazy\" decoding=\"async\" width=\"2560\" height=\"810\" class=\"wp-block-cover__image-background wp-image-687\" alt=\"\" src=\"https:\/\/ledomainevert.com\/wp-content\/uploads\/2022\/03\/verblijf-2-scaled.jpg\" data-object-fit=\"cover\" srcset=\"https:\/\/ledomainevert.com\/wp-content\/uploads\/2022\/03\/verblijf-2-scaled.jpg 2560w, https:\/\/ledomainevert.com\/wp-content\/uploads\/2022\/03\/verblijf-2-300x95.jpg 300w, https:\/\/ledomainevert.com\/wp-content\/uploads\/2022\/03\/verblijf-2-1024x324.jpg 1024w, https:\/\/ledomainevert.com\/wp-content\/uploads\/2022\/03\/verblijf-2-768x243.jpg 768w, https:\/\/ledomainevert.com\/wp-content\/uploads\/2022\/03\/verblijf-2-1536x486.jpg 1536w, https:\/\/ledomainevert.com\/wp-content\/uploads\/2022\/03\/verblijf-2-2048x648.jpg 2048w\" sizes=\"auto, (max-width: 2560px) 100vw, 2560px\" \/><div class=\"wp-block-cover__inner-container is-layout-flow wp-block-cover-is-layout-flow\">\n<p class=\"has-text-align-center has-large-font-size\"><\/p>\n<\/div><\/div>\n\n\n<style>.kb-row-layout-id_1667f3-ae > .kt-row-column-wrap{align-content:start;}:where(.kb-row-layout-id_1667f3-ae > .kt-row-column-wrap) > .wp-block-kadence-column{justify-content:start;}.kb-row-layout-id_1667f3-ae > .kt-row-column-wrap{column-gap:var(--global-kb-gap-md, 2rem);row-gap:var(--global-kb-gap-md, 2rem);max-width:var( --global-content-width, 1290px );padding-left:var(--global-content-edge-padding);padding-right:var(--global-content-edge-padding);padding-top:50px;padding-bottom:50px;grid-template-columns:repeat(2, minmax(0, 1fr));}.kb-row-layout-id_1667f3-ae > .kt-row-layout-overlay{opacity:0.30;}@media all and (max-width: 1024px){.kb-row-layout-id_1667f3-ae > .kt-row-column-wrap{grid-template-columns:repeat(2, minmax(0, 1fr));}}@media all and (max-width: 767px){.kb-row-layout-id_1667f3-ae > .kt-row-column-wrap{grid-template-columns:minmax(0, 1fr);}}<\/style><div class=\"kb-row-layout-wrap kb-row-layout-id_1667f3-ae alignnone wp-block-kadence-rowlayout\"><div class=\"kt-row-column-wrap kt-has-2-columns kt-row-layout-equal kt-tab-layout-inherit kt-mobile-layout-row kt-row-valign-top kt-inner-column-height-full kb-theme-content-width\">\n<style>.kadence-column_b913df-72 > .kt-inside-inner-col,.kadence-column_b913df-72 > .kt-inside-inner-col:before{border-top-left-radius:0px;border-top-right-radius:0px;border-bottom-right-radius:0px;border-bottom-left-radius:0px;}.kadence-column_b913df-72 > .kt-inside-inner-col{column-gap:var(--global-kb-gap-sm, 1rem);}.kadence-column_b913df-72 > .kt-inside-inner-col{flex-direction:column;}.kadence-column_b913df-72 > .kt-inside-inner-col > .aligncenter{width:100%;}.kadence-column_b913df-72 > .kt-inside-inner-col:before{opacity:0.3;}.kadence-column_b913df-72{position:relative;}@media all and (max-width: 1024px){.kadence-column_b913df-72 > .kt-inside-inner-col{flex-direction:column;justify-content:center;}}@media all and (max-width: 767px){.kadence-column_b913df-72 > .kt-inside-inner-col{flex-direction:column;justify-content:center;}}<\/style>\n<div class=\"wp-block-kadence-column kadence-column_b913df-72 inner-column-1\"><div class=\"kt-inside-inner-col\">\n<figure class=\"wp-block-image size-full\"><img loading=\"lazy\" decoding=\"async\" width=\"900\" height=\"600\" src=\"https:\/\/ledomainevert.com\/wp-content\/uploads\/2022\/03\/gite-product3.jpg\" alt=\"\" class=\"wp-image-205\" srcset=\"https:\/\/ledomainevert.com\/wp-content\/uploads\/2022\/03\/gite-product3.jpg 900w, https:\/\/ledomainevert.com\/wp-content\/uploads\/2022\/03\/gite-product3-300x200.jpg 300w, https:\/\/ledomainevert.com\/wp-content\/uploads\/2022\/03\/gite-product3-768x512.jpg 768w\" sizes=\"auto, (max-width: 900px) 100vw, 900px\" \/><\/figure>\n<\/div><\/div>\n\n\n<style>.kadence-column_006db6-74 > .kt-inside-inner-col{padding-top:20px;padding-right:20px;padding-bottom:20px;padding-left:20px;}.kadence-column_006db6-74 > .kt-inside-inner-col,.kadence-column_006db6-74 > .kt-inside-inner-col:before{border-top-left-radius:20px;border-top-right-radius:20px;border-bottom-right-radius:20px;border-bottom-left-radius:20px;}.kadence-column_006db6-74 > .kt-inside-inner-col{column-gap:var(--global-kb-gap-sm, 1rem);}.kadence-column_006db6-74 > .kt-inside-inner-col{flex-direction:column;}.kadence-column_006db6-74 > .kt-inside-inner-col > .aligncenter{width:100%;}.kadence-column_006db6-74 > .kt-inside-inner-col{background-color:var(--global-palette7, #EDF2F7);}.kadence-column_006db6-74 > .kt-inside-inner-col:before{opacity:0.3;}.kadence-column_006db6-74{position:relative;}@media all and (max-width: 1024px){.kadence-column_006db6-74 > .kt-inside-inner-col{flex-direction:column;justify-content:center;}}@media all and (max-width: 767px){.kadence-column_006db6-74 > .kt-inside-inner-col{flex-direction:column;justify-content:center;}}<\/style>\n<div class=\"wp-block-kadence-column kadence-column_006db6-74 inner-column-2\"><div class=\"kt-inside-inner-col\"><style>.wp-block-kadence-advancedheading.kt-adv-heading_fbaa80-f4, .wp-block-kadence-advancedheading.kt-adv-heading_fbaa80-f4[data-kb-block=\"kb-adv-heading_fbaa80-f4\"]{font-style:normal;}.wp-block-kadence-advancedheading.kt-adv-heading_fbaa80-f4 mark.kt-highlight, .wp-block-kadence-advancedheading.kt-adv-heading_fbaa80-f4[data-kb-block=\"kb-adv-heading_fbaa80-f4\"] mark.kt-highlight{font-style:normal;color:#f76a0c;-webkit-box-decoration-break:clone;box-decoration-break:clone;padding-top:0px;padding-right:0px;padding-bottom:0px;padding-left:0px;}.wp-block-kadence-advancedheading.kt-adv-heading_fbaa80-f4 img.kb-inline-image, .wp-block-kadence-advancedheading.kt-adv-heading_fbaa80-f4[data-kb-block=\"kb-adv-heading_fbaa80-f4\"] img.kb-inline-image{width:150px;vertical-align:baseline;}<\/style>\n<h1 class=\"kt-adv-heading_fbaa80-f4 wp-block-kadence-advancedheading\" data-kb-block=\"kb-adv-heading_fbaa80-f4\">Ein kleines Paradies!<\/h1>\n\n\n\n<p>Die Unterkunft Le Domaine Vert befindet sich in einem Naturschutzgebiet in der Corr\u00e8ze. Unsere G\u00e4ste f\u00fchlen sich hier wie zu Hause dank der Ruhe, der noch wirklich dunklen Sternenn\u00e4chte, der Natur, der Blumen, der Aussicht, der Seen und der charakteristischen D\u00f6rfer in der Umgebung.<\/p>\n\n\n\n<p>Ob Sie mit Ihrer eigenen Campingausr\u00fcstung kommen, lieber ein Zimmer in der renovierten Gite aus dem Jahr 1880, die liebevolle Bauernsuite, die mongolische Jurte, das gem\u00fctliche Blockhaus oder das paradiesische Ferienhaus genie\u00dfen, es gibt immer einen Ort, an dem Sie Ihren Urlaub in vollen Z\u00fcgen genie\u00dfen k\u00f6nnen. Wenn Sie Fragen haben, rufen Sie Walter an oder schicken Sie ihm eine <a href=\"mailto:walter@ledomainevert.com\" data-type=\"mailto\" data-id=\"mailto:walter@ledomainevert.com\">E-Mail<\/a>.<\/p>\n\n\n\n<p>Das atemberaubende Le Domaine Vert kann auch ganz oder teilweise f\u00fcr Gruppen, Retreats, Schulungen, Feste oder Festivals gemietet werden. Informationen dazu erhalten Sie von <a href=\"https:\/\/www.ledomainevert.com\/de\/kontakt\">Walter<\/a>.<\/p>\n<\/div><\/div>\n\n<\/div><\/div>","protected":false},"excerpt":{"rendered":"<p>Ein kleines Paradies! Die Unterkunft Le Domaine Vert befindet sich in einem Naturschutzgebiet in der Corr\u00e8ze. Unsere G\u00e4ste f\u00fchlen sich hier wie zu Hause dank der Ruhe, der noch wirklich&#8230;<\/p>\n","protected":false},"author":1,"featured_media":0,"parent":0,"menu_order":0,"comment_status":"closed","ping_status":"closed","template":"","meta":{"inline_featured_image":false,"_kad_blocks_custom_css":"","_kad_blocks_head_custom_js":"","_kad_blocks_body_custom_js":"","_kad_blocks_footer_custom_js":"","_monsterinsights_skip_tracking":false,"_monsterinsights_sitenote_active":false,"_monsterinsights_sitenote_note":"","_monsterinsights_sitenote_category":0,"_price":"","_stock":"","_tribe_ticket_header":"","_tribe_default_ticket_provider":"","_tribe_ticket_capacity":"0","_ticket_start_date":"","_ticket_end_date":"","_tribe_ticket_show_description":"","_tribe_ticket_show_not_going":false,"_tribe_ticket_use_global_stock":"","_tribe_ticket_global_stock_level":"","_global_stock_mode":"","_global_stock_cap":"","_tribe_rsvp_for_event":"","_tribe_ticket_going_count":"","_tribe_ticket_not_going_count":"","_tribe_tickets_list":"[]","_tribe_ticket_has_attendee_info_fields":false,"_kadence_starter_templates_imported_post":false,"_kad_post_transparent":"","_kad_post_title":"","_kad_post_layout":"","_kad_post_sidebar_id":"","_kad_post_content_style":"","_kad_post_vertical_padding":"","_kad_post_feature":"","_kad_post_feature_position":"","_kad_post_header":false,"_kad_post_footer":false,"_kad_post_classname":"","footnotes":"","_tec_slr_enabled":"","_tec_slr_layout":""},"class_list":["post-1249","page","type-page","status-publish","hentry"],"yoast_head":"<!-- This site is optimized with the Yoast SEO plugin v27.4 - https:\/\/yoast.com\/product\/yoast-seo-wordpress\/ -->\n<title>Unterkunft - Le Domaine Vert<\/title>\n<meta name=\"robots\" content=\"index, follow, max-snippet:-1, max-image-preview:large, max-video-preview:-1\" \/>\n<link rel=\"canonical\" href=\"https:\/\/ledomainevert.com\/de\/verblijf\/\" \/>\n<meta property=\"og:locale\" content=\"de_DE\" \/>\n<meta property=\"og:type\" content=\"article\" \/>\n<meta property=\"og:title\" content=\"Unterkunft - Le Domaine Vert\" \/>\n<meta property=\"og:description\" content=\"Ein kleines Paradies! Die Unterkunft Le Domaine Vert befindet sich in einem Naturschutzgebiet in der Corr\u00e8ze. Unsere G\u00e4ste f\u00fchlen sich hier wie zu Hause dank der Ruhe, der noch wirklich...\" \/>\n<meta property=\"og:url\" content=\"https:\/\/ledomainevert.com\/de\/verblijf\/\" \/>\n<meta property=\"og:site_name\" content=\"Le Domaine Vert\" \/>\n<meta property=\"article:publisher\" content=\"https:\/\/www.facebook.com\/ledomainevert\" \/>\n<meta property=\"article:modified_time\" content=\"2023-07-28T22:02:00+00:00\" \/>\n<meta property=\"og:image\" content=\"https:\/\/ledomainevert.com\/wp-content\/uploads\/2022\/03\/verblijf-2-scaled.jpg\" \/>\n\t<meta property=\"og:image:width\" content=\"2560\" \/>\n\t<meta property=\"og:image:height\" content=\"810\" \/>\n\t<meta property=\"og:image:type\" content=\"image\/jpeg\" \/>\n<meta name=\"twitter:card\" content=\"summary_large_image\" \/>\n<meta name=\"twitter:label1\" content=\"Gesch\u00e4tzte Lesezeit\" \/>\n\t<meta name=\"twitter:data1\" content=\"1\u00a0Minute\" \/>\n<script type=\"application\/ld+json\" class=\"yoast-schema-graph\">{\"@context\":\"https:\\\/\\\/schema.org\",\"@graph\":[{\"@type\":\"WebPage\",\"@id\":\"https:\\\/\\\/ledomainevert.com\\\/de\\\/verblijf\\\/\",\"url\":\"https:\\\/\\\/ledomainevert.com\\\/de\\\/verblijf\\\/\",\"name\":\"Unterkunft - Le Domaine Vert\",\"isPartOf\":{\"@id\":\"https:\\\/\\\/ledomainevert.com\\\/en\\\/#website\"},\"primaryImageOfPage\":{\"@id\":\"https:\\\/\\\/ledomainevert.com\\\/de\\\/verblijf\\\/#primaryimage\"},\"image\":{\"@id\":\"https:\\\/\\\/ledomainevert.com\\\/de\\\/verblijf\\\/#primaryimage\"},\"thumbnailUrl\":\"https:\\\/\\\/ledomainevert.com\\\/wp-content\\\/uploads\\\/2022\\\/03\\\/verblijf-2-scaled.jpg\",\"datePublished\":\"2022-03-01T11:07:58+00:00\",\"dateModified\":\"2023-07-28T22:02:00+00:00\",\"breadcrumb\":{\"@id\":\"https:\\\/\\\/ledomainevert.com\\\/de\\\/verblijf\\\/#breadcrumb\"},\"inLanguage\":\"de\",\"potentialAction\":[{\"@type\":\"ReadAction\",\"target\":[\"https:\\\/\\\/ledomainevert.com\\\/de\\\/verblijf\\\/\"]}]},{\"@type\":\"ImageObject\",\"inLanguage\":\"de\",\"@id\":\"https:\\\/\\\/ledomainevert.com\\\/de\\\/verblijf\\\/#primaryimage\",\"url\":\"https:\\\/\\\/ledomainevert.com\\\/wp-content\\\/uploads\\\/2022\\\/03\\\/verblijf-2-scaled.jpg\",\"contentUrl\":\"https:\\\/\\\/ledomainevert.com\\\/wp-content\\\/uploads\\\/2022\\\/03\\\/verblijf-2-scaled.jpg\"},{\"@type\":\"BreadcrumbList\",\"@id\":\"https:\\\/\\\/ledomainevert.com\\\/de\\\/verblijf\\\/#breadcrumb\",\"itemListElement\":[{\"@type\":\"ListItem\",\"position\":1,\"name\":\"Home\",\"item\":\"https:\\\/\\\/ledomainevert.com\\\/de\\\/home-2\\\/\"},{\"@type\":\"ListItem\",\"position\":2,\"name\":\"Unterkunft\"}]},{\"@type\":\"WebSite\",\"@id\":\"https:\\\/\\\/ledomainevert.com\\\/en\\\/#website\",\"url\":\"https:\\\/\\\/ledomainevert.com\\\/en\\\/\",\"name\":\"Le Domaine Vert\",\"description\":\"het groene domein\",\"publisher\":{\"@id\":\"https:\\\/\\\/ledomainevert.com\\\/en\\\/#organization\"},\"potentialAction\":[{\"@type\":\"SearchAction\",\"target\":{\"@type\":\"EntryPoint\",\"urlTemplate\":\"https:\\\/\\\/ledomainevert.com\\\/en\\\/?s={search_term_string}\"},\"query-input\":{\"@type\":\"PropertyValueSpecification\",\"valueRequired\":true,\"valueName\":\"search_term_string\"}}],\"inLanguage\":\"de\"},{\"@type\":\"Organization\",\"@id\":\"https:\\\/\\\/ledomainevert.com\\\/en\\\/#organization\",\"name\":\"Le Domaine Vert\",\"url\":\"https:\\\/\\\/ledomainevert.com\\\/en\\\/\",\"logo\":{\"@type\":\"ImageObject\",\"inLanguage\":\"de\",\"@id\":\"https:\\\/\\\/ledomainevert.com\\\/en\\\/#\\\/schema\\\/logo\\\/image\\\/\",\"url\":\"https:\\\/\\\/ledomainevert.com\\\/wp-content\\\/uploads\\\/2022\\\/03\\\/logo-le-domaine-vert-2.svg\",\"contentUrl\":\"https:\\\/\\\/ledomainevert.com\\\/wp-content\\\/uploads\\\/2022\\\/03\\\/logo-le-domaine-vert-2.svg\",\"caption\":\"Le Domaine Vert\"},\"image\":{\"@id\":\"https:\\\/\\\/ledomainevert.com\\\/en\\\/#\\\/schema\\\/logo\\\/image\\\/\"},\"sameAs\":[\"https:\\\/\\\/www.facebook.com\\\/ledomainevert\",\"https:\\\/\\\/www.instagram.com\\\/ledomainevert\"]}]}<\/script>\n<!-- \/ Yoast SEO plugin. -->","yoast_head_json":{"title":"Unterkunft - Le Domaine Vert","robots":{"index":"index","follow":"follow","max-snippet":"max-snippet:-1","max-image-preview":"max-image-preview:large","max-video-preview":"max-video-preview:-1"},"canonical":"https:\/\/ledomainevert.com\/de\/verblijf\/","og_locale":"de_DE","og_type":"article","og_title":"Unterkunft - Le Domaine Vert","og_description":"Ein kleines Paradies! Die Unterkunft Le Domaine Vert befindet sich in einem Naturschutzgebiet in der Corr\u00e8ze. Unsere G\u00e4ste f\u00fchlen sich hier wie zu Hause dank der Ruhe, der noch wirklich...","og_url":"https:\/\/ledomainevert.com\/de\/verblijf\/","og_site_name":"Le Domaine Vert","article_publisher":"https:\/\/www.facebook.com\/ledomainevert","article_modified_time":"2023-07-28T22:02:00+00:00","og_image":[{"width":2560,"height":810,"url":"https:\/\/ledomainevert.com\/wp-content\/uploads\/2022\/03\/verblijf-2-scaled.jpg","type":"image\/jpeg"}],"twitter_card":"summary_large_image","twitter_misc":{"Gesch\u00e4tzte Lesezeit":"1\u00a0Minute"},"schema":{"@context":"https:\/\/schema.org","@graph":[{"@type":"WebPage","@id":"https:\/\/ledomainevert.com\/de\/verblijf\/","url":"https:\/\/ledomainevert.com\/de\/verblijf\/","name":"Unterkunft - Le Domaine Vert","isPartOf":{"@id":"https:\/\/ledomainevert.com\/en\/#website"},"primaryImageOfPage":{"@id":"https:\/\/ledomainevert.com\/de\/verblijf\/#primaryimage"},"image":{"@id":"https:\/\/ledomainevert.com\/de\/verblijf\/#primaryimage"},"thumbnailUrl":"https:\/\/ledomainevert.com\/wp-content\/uploads\/2022\/03\/verblijf-2-scaled.jpg","datePublished":"2022-03-01T11:07:58+00:00","dateModified":"2023-07-28T22:02:00+00:00","breadcrumb":{"@id":"https:\/\/ledomainevert.com\/de\/verblijf\/#breadcrumb"},"inLanguage":"de","potentialAction":[{"@type":"ReadAction","target":["https:\/\/ledomainevert.com\/de\/verblijf\/"]}]},{"@type":"ImageObject","inLanguage":"de","@id":"https:\/\/ledomainevert.com\/de\/verblijf\/#primaryimage","url":"https:\/\/ledomainevert.com\/wp-content\/uploads\/2022\/03\/verblijf-2-scaled.jpg","contentUrl":"https:\/\/ledomainevert.com\/wp-content\/uploads\/2022\/03\/verblijf-2-scaled.jpg"},{"@type":"BreadcrumbList","@id":"https:\/\/ledomainevert.com\/de\/verblijf\/#breadcrumb","itemListElement":[{"@type":"ListItem","position":1,"name":"Home","item":"https:\/\/ledomainevert.com\/de\/home-2\/"},{"@type":"ListItem","position":2,"name":"Unterkunft"}]},{"@type":"WebSite","@id":"https:\/\/ledomainevert.com\/en\/#website","url":"https:\/\/ledomainevert.com\/en\/","name":"Le Domaine Vert","description":"het groene domein","publisher":{"@id":"https:\/\/ledomainevert.com\/en\/#organization"},"potentialAction":[{"@type":"SearchAction","target":{"@type":"EntryPoint","urlTemplate":"https:\/\/ledomainevert.com\/en\/?s={search_term_string}"},"query-input":{"@type":"PropertyValueSpecification","valueRequired":true,"valueName":"search_term_string"}}],"inLanguage":"de"},{"@type":"Organization","@id":"https:\/\/ledomainevert.com\/en\/#organization","name":"Le Domaine Vert","url":"https:\/\/ledomainevert.com\/en\/","logo":{"@type":"ImageObject","inLanguage":"de","@id":"https:\/\/ledomainevert.com\/en\/#\/schema\/logo\/image\/","url":"https:\/\/ledomainevert.com\/wp-content\/uploads\/2022\/03\/logo-le-domaine-vert-2.svg","contentUrl":"https:\/\/ledomainevert.com\/wp-content\/uploads\/2022\/03\/logo-le-domaine-vert-2.svg","caption":"Le Domaine Vert"},"image":{"@id":"https:\/\/ledomainevert.com\/en\/#\/schema\/logo\/image\/"},"sameAs":["https:\/\/www.facebook.com\/ledomainevert","https:\/\/www.instagram.com\/ledomainevert"]}]}},"taxonomy_info":[],"featured_image_src_large":false,"author_info":{"display_name":"admin","author_link":"https:\/\/ledomainevert.com\/de\/author\/admin_ah0q7gvg\/"},"comment_info":0,"ticketed":false,"_links":{"self":[{"href":"https:\/\/ledomainevert.com\/de\/wp-json\/wp\/v2\/pages\/1249","targetHints":{"allow":["GET"]}}],"collection":[{"href":"https:\/\/ledomainevert.com\/de\/wp-json\/wp\/v2\/pages"}],"about":[{"href":"https:\/\/ledomainevert.com\/de\/wp-json\/wp\/v2\/types\/page"}],"author":[{"embeddable":true,"href":"https:\/\/ledomainevert.com\/de\/wp-json\/wp\/v2\/users\/1"}],"replies":[{"embeddable":true,"href":"https:\/\/ledomainevert.com\/de\/wp-json\/wp\/v2\/comments?post=1249"}],"version-history":[{"count":3,"href":"https:\/\/ledomainevert.com\/de\/wp-json\/wp\/v2\/pages\/1249\/revisions"}],"predecessor-version":[{"id":2981,"href":"https:\/\/ledomainevert.com\/de\/wp-json\/wp\/v2\/pages\/1249\/revisions\/2981"}],"wp:attachment":[{"href":"https:\/\/ledomainevert.com\/de\/wp-json\/wp\/v2\/media?parent=1249"}],"curies":[{"name":"wp","href":"https:\/\/api.w.org\/{rel}","templated":true}]}}