{"id":1256,"date":"2022-03-02T14:14:11","date_gmt":"2022-03-02T13:14:11","guid":{"rendered":"https:\/\/ledomainevert.com\/verblijf\/groepen-retreat\/"},"modified":"2023-07-29T00:10:36","modified_gmt":"2023-07-28T22:10:36","slug":"groepen-retreat","status":"publish","type":"page","link":"https:\/\/ledomainevert.com\/de\/verblijf\/groepen-retreat\/","title":{"rendered":"Gruppen"},"content":{"rendered":"\n<div class=\"wp-block-cover\"><span aria-hidden=\"true\" class=\"wp-block-cover__background has-background-dim-0 has-background-dim\"><\/span><img loading=\"lazy\" decoding=\"async\" width=\"2560\" height=\"810\" class=\"wp-block-cover__image-background wp-image-698\" alt=\"\" src=\"https:\/\/ledomainevert.com\/wp-content\/uploads\/2022\/03\/groepen-scaled.jpg\" data-object-fit=\"cover\" srcset=\"https:\/\/ledomainevert.com\/wp-content\/uploads\/2022\/03\/groepen-scaled.jpg 2560w, https:\/\/ledomainevert.com\/wp-content\/uploads\/2022\/03\/groepen-300x95.jpg 300w, https:\/\/ledomainevert.com\/wp-content\/uploads\/2022\/03\/groepen-1024x324.jpg 1024w, https:\/\/ledomainevert.com\/wp-content\/uploads\/2022\/03\/groepen-768x243.jpg 768w, https:\/\/ledomainevert.com\/wp-content\/uploads\/2022\/03\/groepen-1536x486.jpg 1536w, https:\/\/ledomainevert.com\/wp-content\/uploads\/2022\/03\/groepen-2048x648.jpg 2048w\" sizes=\"auto, (max-width: 2560px) 100vw, 2560px\" \/><div class=\"wp-block-cover__inner-container is-layout-flow wp-block-cover-is-layout-flow\">\n<p class=\"has-text-align-center has-large-font-size\"><\/p>\n<\/div><\/div>\n\n\n<style>.kb-row-layout-id_11e523-97 > .kt-row-column-wrap{align-content:start;}:where(.kb-row-layout-id_11e523-97 > .kt-row-column-wrap) > .wp-block-kadence-column{justify-content:start;}.kb-row-layout-id_11e523-97 > .kt-row-column-wrap{column-gap:var(--global-kb-gap-md, 2rem);row-gap:var(--global-kb-gap-md, 2rem);max-width:var( --global-content-width, 1290px );padding-left:var(--global-content-edge-padding);padding-right:var(--global-content-edge-padding);padding-top:75px;padding-bottom:50px;grid-template-columns:repeat(2, minmax(0, 1fr));}.kb-row-layout-id_11e523-97 > .kt-row-layout-overlay{opacity:0.30;}@media all and (max-width: 1024px){.kb-row-layout-id_11e523-97 > .kt-row-column-wrap{grid-template-columns:repeat(2, minmax(0, 1fr));}}@media all and (max-width: 767px){.kb-row-layout-id_11e523-97 > .kt-row-column-wrap{grid-template-columns:minmax(0, 1fr);}}<\/style><div class=\"kb-row-layout-wrap kb-row-layout-id_11e523-97 alignnone wp-block-kadence-rowlayout\"><div class=\"kt-row-column-wrap kt-has-2-columns kt-row-layout-equal kt-tab-layout-inherit kt-mobile-layout-row kt-row-valign-top kt-inner-column-height-full kb-theme-content-width\">\n<style>.kadence-column_e854ff-c3 > .kt-inside-inner-col,.kadence-column_e854ff-c3 > .kt-inside-inner-col:before{border-top-left-radius:0px;border-top-right-radius:0px;border-bottom-right-radius:0px;border-bottom-left-radius:0px;}.kadence-column_e854ff-c3 > .kt-inside-inner-col{column-gap:var(--global-kb-gap-sm, 1rem);}.kadence-column_e854ff-c3 > .kt-inside-inner-col{flex-direction:column;}.kadence-column_e854ff-c3 > .kt-inside-inner-col > .aligncenter{width:100%;}.kadence-column_e854ff-c3 > .kt-inside-inner-col:before{opacity:0.3;}.kadence-column_e854ff-c3{position:relative;}@media all and (max-width: 1024px){.kadence-column_e854ff-c3 > .kt-inside-inner-col{flex-direction:column;justify-content:center;}}@media all and (max-width: 767px){.kadence-column_e854ff-c3 > .kt-inside-inner-col{flex-direction:column;justify-content:center;}}<\/style>\n<div class=\"wp-block-kadence-column kadence-column_e854ff-c3 inner-column-1\"><div class=\"kt-inside-inner-col\">\n<figure class=\"wp-block-image size-full\"><img loading=\"lazy\" decoding=\"async\" width=\"897\" height=\"596\" src=\"https:\/\/ledomainevert.com\/wp-content\/uploads\/2022\/07\/retreat-1.jpg\" alt=\"\" class=\"wp-image-1739\" srcset=\"https:\/\/ledomainevert.com\/wp-content\/uploads\/2022\/07\/retreat-1.jpg 897w, https:\/\/ledomainevert.com\/wp-content\/uploads\/2022\/07\/retreat-1-300x199.jpg 300w, https:\/\/ledomainevert.com\/wp-content\/uploads\/2022\/07\/retreat-1-768x510.jpg 768w\" sizes=\"auto, (max-width: 897px) 100vw, 897px\" \/><\/figure>\n<\/div><\/div>\n\n\n<style>.kadence-column_cee620-b5 > .kt-inside-inner-col{padding-top:20px;padding-right:20px;padding-bottom:20px;padding-left:20px;}.kadence-column_cee620-b5 > .kt-inside-inner-col,.kadence-column_cee620-b5 > .kt-inside-inner-col:before{border-top-left-radius:20px;border-top-right-radius:20px;border-bottom-right-radius:20px;border-bottom-left-radius:20px;}.kadence-column_cee620-b5 > .kt-inside-inner-col{column-gap:var(--global-kb-gap-sm, 1rem);}.kadence-column_cee620-b5 > .kt-inside-inner-col{flex-direction:column;}.kadence-column_cee620-b5 > .kt-inside-inner-col > .aligncenter{width:100%;}.kadence-column_cee620-b5 > .kt-inside-inner-col{background-color:var(--global-palette7, #EDF2F7);}.kadence-column_cee620-b5 > .kt-inside-inner-col:before{opacity:0.3;}.kadence-column_cee620-b5{position:relative;}@media all and (max-width: 1024px){.kadence-column_cee620-b5 > .kt-inside-inner-col{flex-direction:column;justify-content:center;}}@media all and (max-width: 767px){.kadence-column_cee620-b5 > .kt-inside-inner-col{flex-direction:column;justify-content:center;}}<\/style>\n<div class=\"wp-block-kadence-column kadence-column_cee620-b5 inner-column-2\"><div class=\"kt-inside-inner-col\"><style>.wp-block-kadence-advancedheading.kt-adv-heading_6a2be8-e3, .wp-block-kadence-advancedheading.kt-adv-heading_6a2be8-e3[data-kb-block=\"kb-adv-heading_6a2be8-e3\"]{font-style:normal;}.wp-block-kadence-advancedheading.kt-adv-heading_6a2be8-e3 mark.kt-highlight, .wp-block-kadence-advancedheading.kt-adv-heading_6a2be8-e3[data-kb-block=\"kb-adv-heading_6a2be8-e3\"] mark.kt-highlight{font-style:normal;color:#f76a0c;-webkit-box-decoration-break:clone;box-decoration-break:clone;padding-top:0px;padding-right:0px;padding-bottom:0px;padding-left:0px;}.wp-block-kadence-advancedheading.kt-adv-heading_6a2be8-e3 img.kb-inline-image, .wp-block-kadence-advancedheading.kt-adv-heading_6a2be8-e3[data-kb-block=\"kb-adv-heading_6a2be8-e3\"] img.kb-inline-image{width:150px;vertical-align:baseline;}<\/style>\n<h2 class=\"kt-adv-heading_6a2be8-e3 wp-block-kadence-advancedheading\" data-kb-block=\"kb-adv-heading_6a2be8-e3\">Gruppen<\/h2>\n\n\n\n<p>Das atemberaubende Le Domaine Vert ist ideal f\u00fcr Retreats, Schulungen und kleine Festivals. Es kann f\u00fcr Gruppen mit bis zu 42 Teilnehmern gemietet werden. Im September kann in Absprache auch ein angrenzender Campingplatz teilweise angemietet werden, so dass wir Gruppen von ca. 200 Teilnehmern beherbergen k\u00f6nnen.<br>Die Scheune wurde in einen sch\u00f6nen Gruppenraum von 120 Quadratmetern umgewandelt. Ihnen stehen eine gute Soundanlage mit gro\u00dfem Mischpult, 10 farblich ver\u00e4nderbare LED-Lampen, Matratzen und Meditationskissen, Kaffee, Tee und Wasser zur Verf\u00fcgung. Es steht Ihnen selbstverst\u00e4ndlich frei, Ihren eigenen Koch mitzubringen oder auf Wunsch einen Koch \u00fcber uns zu engagieren. Das Grundst\u00fcck ist privat, liegt in einer Sackgasse und ist von Hecken, Str\u00e4uchern und B\u00e4umen umgeben und bietet viel Privatsph\u00e4re. Mit den weit entfernten Nachbarn sind wir gut befreundet. Musik und Ton sind erlaubt.<\/p>\n\n\n\n<p>Wissen Sie mehr? Kontaktieren Sie Walter gerne unter: <a href=\"mailto:walter@ledomainevert.com\">walter@ledomainevert.com<\/a><\/p>\n<\/div><\/div>\n\n<\/div><\/div>\n\n\n<div class=\"wp-block-cover\"><span aria-hidden=\"true\" class=\"wp-block-cover__background has-background-dim-0 has-background-dim\"><\/span><img loading=\"lazy\" decoding=\"async\" width=\"2560\" height=\"549\" class=\"wp-block-cover__image-background wp-image-209\" alt=\"\" src=\"https:\/\/ledomainevert.com\/wp-content\/uploads\/2022\/03\/footer-vervolg-scaled.jpg\" data-object-fit=\"cover\" srcset=\"https:\/\/ledomainevert.com\/wp-content\/uploads\/2022\/03\/footer-vervolg-scaled.jpg 2560w, https:\/\/ledomainevert.com\/wp-content\/uploads\/2022\/03\/footer-vervolg-300x64.jpg 300w, https:\/\/ledomainevert.com\/wp-content\/uploads\/2022\/03\/footer-vervolg-1024x219.jpg 1024w, https:\/\/ledomainevert.com\/wp-content\/uploads\/2022\/03\/footer-vervolg-768x165.jpg 768w, https:\/\/ledomainevert.com\/wp-content\/uploads\/2022\/03\/footer-vervolg-1536x329.jpg 1536w, https:\/\/ledomainevert.com\/wp-content\/uploads\/2022\/03\/footer-vervolg-2048x439.jpg 2048w\" sizes=\"auto, (max-width: 2560px) 100vw, 2560px\" \/><div class=\"wp-block-cover__inner-container is-layout-flow wp-block-cover-is-layout-flow\">\n<p class=\"has-text-align-center has-large-font-size\"><\/p>\n<\/div><\/div>\n","protected":false},"excerpt":{"rendered":"<p>Gruppen Das atemberaubende Le Domaine Vert ist ideal f\u00fcr Retreats, Schulungen und kleine Festivals. Es kann f\u00fcr Gruppen mit bis zu 42 Teilnehmern gemietet werden. Im September kann in Absprache&#8230;<\/p>\n","protected":false},"author":1,"featured_media":0,"parent":1249,"menu_order":0,"comment_status":"closed","ping_status":"closed","template":"","meta":{"inline_featured_image":false,"_kad_blocks_custom_css":"","_kad_blocks_head_custom_js":"","_kad_blocks_body_custom_js":"","_kad_blocks_footer_custom_js":"","_monsterinsights_skip_tracking":false,"_monsterinsights_sitenote_active":false,"_monsterinsights_sitenote_note":"","_monsterinsights_sitenote_category":0,"_price":"","_stock":"","_tribe_ticket_header":"","_tribe_default_ticket_provider":"","_tribe_ticket_capacity":"0","_ticket_start_date":"","_ticket_end_date":"","_tribe_ticket_show_description":"","_tribe_ticket_show_not_going":false,"_tribe_ticket_use_global_stock":"","_tribe_ticket_global_stock_level":"","_global_stock_mode":"","_global_stock_cap":"","_tribe_rsvp_for_event":"","_tribe_ticket_going_count":"","_tribe_ticket_not_going_count":"","_tribe_tickets_list":"[]","_tribe_ticket_has_attendee_info_fields":false,"_kadence_starter_templates_imported_post":false,"_kad_post_transparent":"","_kad_post_title":"","_kad_post_layout":"","_kad_post_sidebar_id":"","_kad_post_content_style":"","_kad_post_vertical_padding":"","_kad_post_feature":"","_kad_post_feature_position":"","_kad_post_header":false,"_kad_post_footer":false,"_kad_post_classname":"","footnotes":"","_tec_slr_enabled":"","_tec_slr_layout":""},"class_list":["post-1256","page","type-page","status-publish","hentry"],"yoast_head":"<!-- This site is optimized with the Yoast SEO plugin v27.4 - https:\/\/yoast.com\/product\/yoast-seo-wordpress\/ -->\n<title>Gruppen - Le Domaine Vert<\/title>\n<meta name=\"robots\" content=\"index, follow, max-snippet:-1, max-image-preview:large, max-video-preview:-1\" \/>\n<link rel=\"canonical\" href=\"https:\/\/ledomainevert.com\/de\/verblijf\/groepen-retreat\/\" \/>\n<meta property=\"og:locale\" content=\"de_DE\" \/>\n<meta property=\"og:type\" content=\"article\" \/>\n<meta property=\"og:title\" content=\"Gruppen - Le Domaine Vert\" \/>\n<meta property=\"og:description\" content=\"Gruppen Das atemberaubende Le Domaine Vert ist ideal f\u00fcr Retreats, Schulungen und kleine Festivals. Es kann f\u00fcr Gruppen mit bis zu 42 Teilnehmern gemietet werden. Im September kann in Absprache...\" \/>\n<meta property=\"og:url\" content=\"https:\/\/ledomainevert.com\/de\/verblijf\/groepen-retreat\/\" \/>\n<meta property=\"og:site_name\" content=\"Le Domaine Vert\" \/>\n<meta property=\"article:publisher\" content=\"https:\/\/www.facebook.com\/ledomainevert\" \/>\n<meta property=\"article:modified_time\" content=\"2023-07-28T22:10:36+00:00\" \/>\n<meta property=\"og:image\" content=\"https:\/\/ledomainevert.com\/wp-content\/uploads\/2022\/03\/groepen-scaled.jpg\" \/>\n\t<meta property=\"og:image:width\" content=\"2560\" \/>\n\t<meta property=\"og:image:height\" content=\"810\" \/>\n\t<meta property=\"og:image:type\" content=\"image\/jpeg\" \/>\n<meta name=\"twitter:card\" content=\"summary_large_image\" \/>\n<meta name=\"twitter:label1\" content=\"Gesch\u00e4tzte Lesezeit\" \/>\n\t<meta name=\"twitter:data1\" content=\"1\u00a0Minute\" \/>\n<script type=\"application\/ld+json\" class=\"yoast-schema-graph\">{\"@context\":\"https:\\\/\\\/schema.org\",\"@graph\":[{\"@type\":\"WebPage\",\"@id\":\"https:\\\/\\\/ledomainevert.com\\\/de\\\/verblijf\\\/groepen-retreat\\\/\",\"url\":\"https:\\\/\\\/ledomainevert.com\\\/de\\\/verblijf\\\/groepen-retreat\\\/\",\"name\":\"Gruppen - Le Domaine Vert\",\"isPartOf\":{\"@id\":\"https:\\\/\\\/ledomainevert.com\\\/en\\\/#website\"},\"primaryImageOfPage\":{\"@id\":\"https:\\\/\\\/ledomainevert.com\\\/de\\\/verblijf\\\/groepen-retreat\\\/#primaryimage\"},\"image\":{\"@id\":\"https:\\\/\\\/ledomainevert.com\\\/de\\\/verblijf\\\/groepen-retreat\\\/#primaryimage\"},\"thumbnailUrl\":\"https:\\\/\\\/ledomainevert.com\\\/wp-content\\\/uploads\\\/2022\\\/03\\\/groepen-scaled.jpg\",\"datePublished\":\"2022-03-02T13:14:11+00:00\",\"dateModified\":\"2023-07-28T22:10:36+00:00\",\"breadcrumb\":{\"@id\":\"https:\\\/\\\/ledomainevert.com\\\/de\\\/verblijf\\\/groepen-retreat\\\/#breadcrumb\"},\"inLanguage\":\"de\",\"potentialAction\":[{\"@type\":\"ReadAction\",\"target\":[\"https:\\\/\\\/ledomainevert.com\\\/de\\\/verblijf\\\/groepen-retreat\\\/\"]}]},{\"@type\":\"ImageObject\",\"inLanguage\":\"de\",\"@id\":\"https:\\\/\\\/ledomainevert.com\\\/de\\\/verblijf\\\/groepen-retreat\\\/#primaryimage\",\"url\":\"https:\\\/\\\/ledomainevert.com\\\/wp-content\\\/uploads\\\/2022\\\/03\\\/groepen-scaled.jpg\",\"contentUrl\":\"https:\\\/\\\/ledomainevert.com\\\/wp-content\\\/uploads\\\/2022\\\/03\\\/groepen-scaled.jpg\"},{\"@type\":\"BreadcrumbList\",\"@id\":\"https:\\\/\\\/ledomainevert.com\\\/de\\\/verblijf\\\/groepen-retreat\\\/#breadcrumb\",\"itemListElement\":[{\"@type\":\"ListItem\",\"position\":1,\"name\":\"Home\",\"item\":\"https:\\\/\\\/ledomainevert.com\\\/de\\\/home-2\\\/\"},{\"@type\":\"ListItem\",\"position\":2,\"name\":\"Unterkunft\",\"item\":\"https:\\\/\\\/ledomainevert.com\\\/de\\\/verblijf\\\/\"},{\"@type\":\"ListItem\",\"position\":3,\"name\":\"Gruppen\"}]},{\"@type\":\"WebSite\",\"@id\":\"https:\\\/\\\/ledomainevert.com\\\/en\\\/#website\",\"url\":\"https:\\\/\\\/ledomainevert.com\\\/en\\\/\",\"name\":\"Le Domaine Vert\",\"description\":\"het groene domein\",\"publisher\":{\"@id\":\"https:\\\/\\\/ledomainevert.com\\\/en\\\/#organization\"},\"potentialAction\":[{\"@type\":\"SearchAction\",\"target\":{\"@type\":\"EntryPoint\",\"urlTemplate\":\"https:\\\/\\\/ledomainevert.com\\\/en\\\/?s={search_term_string}\"},\"query-input\":{\"@type\":\"PropertyValueSpecification\",\"valueRequired\":true,\"valueName\":\"search_term_string\"}}],\"inLanguage\":\"de\"},{\"@type\":\"Organization\",\"@id\":\"https:\\\/\\\/ledomainevert.com\\\/en\\\/#organization\",\"name\":\"Le Domaine Vert\",\"url\":\"https:\\\/\\\/ledomainevert.com\\\/en\\\/\",\"logo\":{\"@type\":\"ImageObject\",\"inLanguage\":\"de\",\"@id\":\"https:\\\/\\\/ledomainevert.com\\\/en\\\/#\\\/schema\\\/logo\\\/image\\\/\",\"url\":\"https:\\\/\\\/ledomainevert.com\\\/wp-content\\\/uploads\\\/2022\\\/03\\\/logo-le-domaine-vert-2.svg\",\"contentUrl\":\"https:\\\/\\\/ledomainevert.com\\\/wp-content\\\/uploads\\\/2022\\\/03\\\/logo-le-domaine-vert-2.svg\",\"caption\":\"Le Domaine Vert\"},\"image\":{\"@id\":\"https:\\\/\\\/ledomainevert.com\\\/en\\\/#\\\/schema\\\/logo\\\/image\\\/\"},\"sameAs\":[\"https:\\\/\\\/www.facebook.com\\\/ledomainevert\",\"https:\\\/\\\/www.instagram.com\\\/ledomainevert\"]}]}<\/script>\n<!-- \/ Yoast SEO plugin. -->","yoast_head_json":{"title":"Gruppen - Le Domaine Vert","robots":{"index":"index","follow":"follow","max-snippet":"max-snippet:-1","max-image-preview":"max-image-preview:large","max-video-preview":"max-video-preview:-1"},"canonical":"https:\/\/ledomainevert.com\/de\/verblijf\/groepen-retreat\/","og_locale":"de_DE","og_type":"article","og_title":"Gruppen - Le Domaine Vert","og_description":"Gruppen Das atemberaubende Le Domaine Vert ist ideal f\u00fcr Retreats, Schulungen und kleine Festivals. Es kann f\u00fcr Gruppen mit bis zu 42 Teilnehmern gemietet werden. Im September kann in Absprache...","og_url":"https:\/\/ledomainevert.com\/de\/verblijf\/groepen-retreat\/","og_site_name":"Le Domaine Vert","article_publisher":"https:\/\/www.facebook.com\/ledomainevert","article_modified_time":"2023-07-28T22:10:36+00:00","og_image":[{"width":2560,"height":810,"url":"https:\/\/ledomainevert.com\/wp-content\/uploads\/2022\/03\/groepen-scaled.jpg","type":"image\/jpeg"}],"twitter_card":"summary_large_image","twitter_misc":{"Gesch\u00e4tzte Lesezeit":"1\u00a0Minute"},"schema":{"@context":"https:\/\/schema.org","@graph":[{"@type":"WebPage","@id":"https:\/\/ledomainevert.com\/de\/verblijf\/groepen-retreat\/","url":"https:\/\/ledomainevert.com\/de\/verblijf\/groepen-retreat\/","name":"Gruppen - Le Domaine Vert","isPartOf":{"@id":"https:\/\/ledomainevert.com\/en\/#website"},"primaryImageOfPage":{"@id":"https:\/\/ledomainevert.com\/de\/verblijf\/groepen-retreat\/#primaryimage"},"image":{"@id":"https:\/\/ledomainevert.com\/de\/verblijf\/groepen-retreat\/#primaryimage"},"thumbnailUrl":"https:\/\/ledomainevert.com\/wp-content\/uploads\/2022\/03\/groepen-scaled.jpg","datePublished":"2022-03-02T13:14:11+00:00","dateModified":"2023-07-28T22:10:36+00:00","breadcrumb":{"@id":"https:\/\/ledomainevert.com\/de\/verblijf\/groepen-retreat\/#breadcrumb"},"inLanguage":"de","potentialAction":[{"@type":"ReadAction","target":["https:\/\/ledomainevert.com\/de\/verblijf\/groepen-retreat\/"]}]},{"@type":"ImageObject","inLanguage":"de","@id":"https:\/\/ledomainevert.com\/de\/verblijf\/groepen-retreat\/#primaryimage","url":"https:\/\/ledomainevert.com\/wp-content\/uploads\/2022\/03\/groepen-scaled.jpg","contentUrl":"https:\/\/ledomainevert.com\/wp-content\/uploads\/2022\/03\/groepen-scaled.jpg"},{"@type":"BreadcrumbList","@id":"https:\/\/ledomainevert.com\/de\/verblijf\/groepen-retreat\/#breadcrumb","itemListElement":[{"@type":"ListItem","position":1,"name":"Home","item":"https:\/\/ledomainevert.com\/de\/home-2\/"},{"@type":"ListItem","position":2,"name":"Unterkunft","item":"https:\/\/ledomainevert.com\/de\/verblijf\/"},{"@type":"ListItem","position":3,"name":"Gruppen"}]},{"@type":"WebSite","@id":"https:\/\/ledomainevert.com\/en\/#website","url":"https:\/\/ledomainevert.com\/en\/","name":"Le Domaine Vert","description":"het groene domein","publisher":{"@id":"https:\/\/ledomainevert.com\/en\/#organization"},"potentialAction":[{"@type":"SearchAction","target":{"@type":"EntryPoint","urlTemplate":"https:\/\/ledomainevert.com\/en\/?s={search_term_string}"},"query-input":{"@type":"PropertyValueSpecification","valueRequired":true,"valueName":"search_term_string"}}],"inLanguage":"de"},{"@type":"Organization","@id":"https:\/\/ledomainevert.com\/en\/#organization","name":"Le Domaine Vert","url":"https:\/\/ledomainevert.com\/en\/","logo":{"@type":"ImageObject","inLanguage":"de","@id":"https:\/\/ledomainevert.com\/en\/#\/schema\/logo\/image\/","url":"https:\/\/ledomainevert.com\/wp-content\/uploads\/2022\/03\/logo-le-domaine-vert-2.svg","contentUrl":"https:\/\/ledomainevert.com\/wp-content\/uploads\/2022\/03\/logo-le-domaine-vert-2.svg","caption":"Le Domaine Vert"},"image":{"@id":"https:\/\/ledomainevert.com\/en\/#\/schema\/logo\/image\/"},"sameAs":["https:\/\/www.facebook.com\/ledomainevert","https:\/\/www.instagram.com\/ledomainevert"]}]}},"taxonomy_info":[],"featured_image_src_large":false,"author_info":{"display_name":"admin","author_link":"https:\/\/ledomainevert.com\/de\/author\/admin_ah0q7gvg\/"},"comment_info":0,"ticketed":false,"_links":{"self":[{"href":"https:\/\/ledomainevert.com\/de\/wp-json\/wp\/v2\/pages\/1256","targetHints":{"allow":["GET"]}}],"collection":[{"href":"https:\/\/ledomainevert.com\/de\/wp-json\/wp\/v2\/pages"}],"about":[{"href":"https:\/\/ledomainevert.com\/de\/wp-json\/wp\/v2\/types\/page"}],"author":[{"embeddable":true,"href":"https:\/\/ledomainevert.com\/de\/wp-json\/wp\/v2\/users\/1"}],"replies":[{"embeddable":true,"href":"https:\/\/ledomainevert.com\/de\/wp-json\/wp\/v2\/comments?post=1256"}],"version-history":[{"count":4,"href":"https:\/\/ledomainevert.com\/de\/wp-json\/wp\/v2\/pages\/1256\/revisions"}],"predecessor-version":[{"id":2988,"href":"https:\/\/ledomainevert.com\/de\/wp-json\/wp\/v2\/pages\/1256\/revisions\/2988"}],"up":[{"embeddable":true,"href":"https:\/\/ledomainevert.com\/de\/wp-json\/wp\/v2\/pages\/1249"}],"wp:attachment":[{"href":"https:\/\/ledomainevert.com\/de\/wp-json\/wp\/v2\/media?parent=1256"}],"curies":[{"name":"wp","href":"https:\/\/api.w.org\/{rel}","templated":true}]}}