{"id":2836,"date":"2023-07-17T15:35:49","date_gmt":"2023-07-17T13:35:49","guid":{"rendered":"https:\/\/ledomainevert.com\/?page_id=2836"},"modified":"2023-07-29T00:21:46","modified_gmt":"2023-07-28T22:21:46","slug":"bell-tent","status":"publish","type":"page","link":"https:\/\/ledomainevert.com\/de\/bell-tent\/","title":{"rendered":"De Waard-Zelt"},"content":{"rendered":"\n<div class=\"wp-block-cover\"><span aria-hidden=\"true\" class=\"wp-block-cover__background has-background-dim-0 has-background-dim\"><\/span><img loading=\"lazy\" decoding=\"async\" width=\"1024\" height=\"393\" class=\"wp-block-cover__image-background wp-image-2561\" alt=\"\" src=\"https:\/\/ledomainevert.com\/wp-content\/uploads\/2023\/05\/dewaard-header.jpg\" data-object-fit=\"cover\" srcset=\"https:\/\/ledomainevert.com\/wp-content\/uploads\/2023\/05\/dewaard-header.jpg 1024w, https:\/\/ledomainevert.com\/wp-content\/uploads\/2023\/05\/dewaard-header-300x115.jpg 300w, https:\/\/ledomainevert.com\/wp-content\/uploads\/2023\/05\/dewaard-header-768x295.jpg 768w\" sizes=\"auto, (max-width: 1024px) 100vw, 1024px\" \/><div class=\"wp-block-cover__inner-container is-layout-flow wp-block-cover-is-layout-flow\">\n<p class=\"has-text-align-center has-large-font-size\"><\/p>\n<\/div><\/div>\n\n\n<style>.kb-row-layout-id_79d556-12 > .kt-row-column-wrap{align-content:start;}:where(.kb-row-layout-id_79d556-12 > .kt-row-column-wrap) > .wp-block-kadence-column{justify-content:start;}.kb-row-layout-id_79d556-12 > .kt-row-column-wrap{column-gap:var(--global-kb-gap-md, 2rem);row-gap:var(--global-kb-gap-md, 2rem);max-width:var( --global-content-width, 1290px );padding-left:var(--global-content-edge-padding);padding-right:var(--global-content-edge-padding);padding-top:50px;padding-bottom:50px;grid-template-columns:repeat(2, minmax(0, 1fr));}.kb-row-layout-id_79d556-12 > .kt-row-layout-overlay{opacity:0.30;}.kb-row-layout-id_79d556-12 .kt-row-layout-bottom-sep{height:100px;}.kb-row-layout-id_79d556-12 .kt-row-layout-bottom-sep svg{width:100%;}.kb-row-layout-id_79d556-12 .kt-row-layout-bottom-sep svg{fill:#ffffff!important;}@media all and (max-width: 1024px){.kb-row-layout-id_79d556-12 > .kt-row-column-wrap{grid-template-columns:repeat(2, minmax(0, 1fr));}}@media all and (max-width: 1024px){.kb-row-layout-id_79d556-12 .kt-row-layout-bottom-sep{height:px;}}@media all and (max-width: 1024px){.kb-row-layout-id_79d556-12 .kt-row-layout-bottom-sep svg{width:%;}}@media all and (max-width: 767px){.kb-row-layout-id_79d556-12 > .kt-row-column-wrap{grid-template-columns:minmax(0, 1fr);}.kb-row-layout-id_79d556-12 .kt-row-layout-bottom-sep{height:px;}.kb-row-layout-id_79d556-12 .kt-row-layout-bottom-sep svg{width:%;}}<\/style><div class=\"kb-row-layout-wrap kb-row-layout-id_79d556-12 alignnone wp-block-kadence-rowlayout\"><div class=\"kt-row-column-wrap kt-has-2-columns kt-row-layout-equal kt-tab-layout-inherit kt-mobile-layout-row kt-row-valign-top kt-inner-column-height-full kb-theme-content-width\">\n<style>.kadence-column_e8a6c6-48 > .kt-inside-inner-col,.kadence-column_e8a6c6-48 > .kt-inside-inner-col:before{border-top-left-radius:0px;border-top-right-radius:0px;border-bottom-right-radius:0px;border-bottom-left-radius:0px;}.kadence-column_e8a6c6-48 > .kt-inside-inner-col{column-gap:var(--global-kb-gap-sm, 1rem);}.kadence-column_e8a6c6-48 > .kt-inside-inner-col{flex-direction:column;}.kadence-column_e8a6c6-48 > .kt-inside-inner-col > .aligncenter{width:100%;}.kadence-column_e8a6c6-48 > .kt-inside-inner-col:before{opacity:0.3;}.kadence-column_e8a6c6-48{position:relative;}@media all and (max-width: 1024px){.kadence-column_e8a6c6-48 > .kt-inside-inner-col{flex-direction:column;justify-content:center;}}@media all and (max-width: 767px){.kadence-column_e8a6c6-48 > .kt-inside-inner-col{flex-direction:column;justify-content:center;}}<\/style>\n<div class=\"wp-block-kadence-column kadence-column_e8a6c6-48 inner-column-1\"><div class=\"kt-inside-inner-col\"><style>.kb-gallery-type-thumbslider.kb-gallery-id-_856784-37 .kt-blocks-carousel-init {margin-bottom:10px;}.kb-gallery-id-_856784-37 .kadence-blocks-gallery-item .kb-gal-image-radius, .kb-gallery-id-_856784-37 .kb-slide-item .kb-gal-image-radius img{border-radius:0px 0px 0px 0px;;}<\/style><div class=\"kb-gallery-wrap-id-_856784-37 alignnone wp-block-kadence-advancedgallery\"><div class=\"kb-gallery-ul kb-gallery-non-static kb-gallery-type-thumbslider kb-gallery-id-_856784-37 kb-gallery-caption-style-bottom-hover kb-gallery-filter-none\" data-image-filter=\"none\" data-lightbox-caption=\"true\"><div class=\"kt-blocks-carousel kt-carousel-container-dotstyle-dark\"><div id=\"kb-slider-_856784-37\" class=\"kt-blocks-carousel-init splide kb-blocks-slider kt-carousel-arrowstyle-whiteondark kt-carousel-dotstyle-dark kb-slider-group-arrow kb-slider-arrow-position-center\" data-columns-xxl=\"4\" data-columns-xl=\"4\" data-columns-md=\"4\" data-columns-sm=\"4\" data-columns-xs=\"4\" data-columns-ss=\"4\" data-slider-anim-speed=\"400\" data-slider-scroll=\"1\" data-slider-arrows=\"true\" data-slider-fade=\"true\" data-slider-dots=\"false\" data-slider-hover-pause=\"false\" data-slider-type=\"thumbnail\" data-slider-nav=\"kb-thumb-slider-_856784-37\"  data-slider-auto=\"\" data-slider-speed=\"7000\" data-slider-gap=\"10px\" data-slider-gap-tablet=\"10px\" data-slider-gap-mobile=\"10px\" data-show-pause-button=\"false\"><div class=\"splide__track\"><ul class=\"splide__list\"><li class=\"kb-slide-item kb-gallery-carousel-item splide__slide\"><div class=\"kadence-blocks-gallery-item\"><div class=\"kadence-blocks-gallery-item-inner\"><figure class=\"kb-gallery-figure kadence-blocks-gallery-item-hide-caption\"><div class=\"kb-gal-image-radius\"><div class=\"kb-gallery-image-contain kadence-blocks-gallery-intrinsic kb-gallery-image-ratio-land32 kb-has-image-ratio-land32\" ><img loading=\"lazy\" decoding=\"async\" src=\"https:\/\/ledomainevert.com\/wp-content\/uploads\/2023\/05\/dewaard-tent.jpg\" width=\"900\" height=\"600\" alt=\"\" data-full-image=\"https:\/\/ledomainevert.com\/wp-content\/uploads\/2023\/05\/dewaard-tent.jpg\" data-light-image=\"https:\/\/ledomainevert.com\/wp-content\/uploads\/2023\/05\/dewaard-tent.jpg\" data-id=\"2555\" class=\"wp-image-2555 skip-lazy\" srcset=\"https:\/\/ledomainevert.com\/wp-content\/uploads\/2023\/05\/dewaard-tent.jpg 900w, https:\/\/ledomainevert.com\/wp-content\/uploads\/2023\/05\/dewaard-tent-300x200.jpg 300w, https:\/\/ledomainevert.com\/wp-content\/uploads\/2023\/05\/dewaard-tent-768x512.jpg 768w\" sizes=\"auto, (max-width: 900px) 100vw, 900px\" \/><\/div><\/div><\/figure><\/div><\/div><\/li><\/ul><\/div><\/div><div id=\"kb-thumb-slider-_856784-37\" class=\"kb-blocks-slider splide kt-carousel-arrowstyle-whiteondark kt-carousel-dotstyle-dark\" data-slider-anim-speed=\"400\" data-slider-scroll=\"1\" data-slider-arrows=\"true\" data-slider-fade=\"true\" data-slider-dots=\"false\" data-slider-hover-pause=\"false\" data-slider-speed=\"7000\" data-slider-type=\"thumbnail\" data-slider-nav=\"kb-slider-_856784-37\"><div class=\"splide__track\"><ul class=\"splide__list\"><li class=\"kb-slide-item kb-gallery-carousel-item splide__slide\"><div class=\"kadence-blocks-gallery-thumb-item\"><div class=\"kadence-blocks-gallery-thumb-item-inner\"><figure class=\"kb-gallery-figure\"><div class=\"kb-gal-image-radius\"><div class=\"kb-gallery-image-contain kadence-blocks-gallery-intrinsic kb-gallery-image-ratio-land32 kb-has-image-ratio-land32\" ><img loading=\"lazy\" decoding=\"async\" src=\"https:\/\/ledomainevert.com\/wp-content\/uploads\/2023\/05\/dewaard-tent.jpg\" width=\"900\" height=\"600\" alt=\"\" data-full-image=\"https:\/\/ledomainevert.com\/wp-content\/uploads\/2023\/05\/dewaard-tent.jpg\" data-light-image=\"https:\/\/ledomainevert.com\/wp-content\/uploads\/2023\/05\/dewaard-tent.jpg\" data-id=\"2555\" class=\"wp-image-2555 skip-lazy\" srcset=\"https:\/\/ledomainevert.com\/wp-content\/uploads\/2023\/05\/dewaard-tent.jpg 900w, https:\/\/ledomainevert.com\/wp-content\/uploads\/2023\/05\/dewaard-tent-300x200.jpg 300w, https:\/\/ledomainevert.com\/wp-content\/uploads\/2023\/05\/dewaard-tent-768x512.jpg 768w\" sizes=\"auto, (max-width: 900px) 100vw, 900px\" \/><\/div><\/div><\/figure><\/div><\/div><\/li><\/ul><\/div><\/div><\/div><\/div><\/div><\/div><\/div>\n\n\n<style>.kadence-column_8998ec-b5 > .kt-inside-inner-col{padding-top:20px;padding-right:20px;padding-bottom:20px;padding-left:20px;}.kadence-column_8998ec-b5 > .kt-inside-inner-col,.kadence-column_8998ec-b5 > .kt-inside-inner-col:before{border-top-left-radius:20px;border-top-right-radius:20px;border-bottom-right-radius:20px;border-bottom-left-radius:20px;}.kadence-column_8998ec-b5 > .kt-inside-inner-col{column-gap:var(--global-kb-gap-sm, 1rem);}.kadence-column_8998ec-b5 > .kt-inside-inner-col{flex-direction:column;}.kadence-column_8998ec-b5 > .kt-inside-inner-col > .aligncenter{width:100%;}.kadence-column_8998ec-b5 > .kt-inside-inner-col{background-color:var(--global-palette7, #EDF2F7);}.kadence-column_8998ec-b5 > .kt-inside-inner-col:before{opacity:0.3;}.kadence-column_8998ec-b5{position:relative;}@media all and (max-width: 1024px){.kadence-column_8998ec-b5 > .kt-inside-inner-col{flex-direction:column;justify-content:center;}}@media all and (max-width: 767px){.kadence-column_8998ec-b5 > .kt-inside-inner-col{flex-direction:column;justify-content:center;}}<\/style>\n<div class=\"wp-block-kadence-column kadence-column_8998ec-b5 inner-column-2\"><div class=\"kt-inside-inner-col\"><style>.wp-block-kadence-advancedheading.kt-adv-heading_b05587-02, .wp-block-kadence-advancedheading.kt-adv-heading_b05587-02[data-kb-block=\"kb-adv-heading_b05587-02\"]{font-style:normal;}.wp-block-kadence-advancedheading.kt-adv-heading_b05587-02 mark.kt-highlight, .wp-block-kadence-advancedheading.kt-adv-heading_b05587-02[data-kb-block=\"kb-adv-heading_b05587-02\"] mark.kt-highlight{font-style:normal;color:#f76a0c;-webkit-box-decoration-break:clone;box-decoration-break:clone;padding-top:0px;padding-right:0px;padding-bottom:0px;padding-left:0px;}.wp-block-kadence-advancedheading.kt-adv-heading_b05587-02 img.kb-inline-image, .wp-block-kadence-advancedheading.kt-adv-heading_b05587-02[data-kb-block=\"kb-adv-heading_b05587-02\"] img.kb-inline-image{width:150px;vertical-align:baseline;}<\/style>\n<h2 class=\"kt-adv-heading_b05587-02 wp-block-kadence-advancedheading\" data-kb-block=\"kb-adv-heading_b05587-02\">De Waard-Zelt<\/h2>\n\n\n\n<p>M\u00f6chten Sie die Nacht in diesem sch\u00f6nen, ger\u00e4umigen Zelt verbringen? Sie schlafen auf einem Doppelbett und es gibt gen\u00fcgend Platz f\u00fcr zwei zus\u00e4tzliche Matratzen. Die Sanit\u00e4ranlagen des Campingplatzes stehen Ihnen zur Verf\u00fcgung. Sie k\u00f6nnen unsere Au\u00dfenk\u00fcche und unseren Pizzaofen etwas weiter im Garten nutzen. Die Sanit\u00e4ranlagen des Campingplatzes stehen Ihnen zur Verf\u00fcgung.<\/p>\n<\/div><\/div>\n\n<\/div><\/div>\n\n<style>.kb-row-layout-id_973bd2-ba > .kt-row-column-wrap{align-content:start;}:where(.kb-row-layout-id_973bd2-ba > .kt-row-column-wrap) > .wp-block-kadence-column{justify-content:start;}.kb-row-layout-id_973bd2-ba > .kt-row-column-wrap{column-gap:var(--global-kb-gap-md, 2rem);row-gap:var(--global-kb-gap-md, 2rem);max-width:var( --global-content-width, 1290px );padding-left:var(--global-content-edge-padding);padding-right:var(--global-content-edge-padding);padding-top:var(--global-kb-spacing-sm, 1.5rem);padding-bottom:var(--global-kb-spacing-sm, 1.5rem);grid-template-columns:minmax(0, 1fr);}.kb-row-layout-id_973bd2-ba > .kt-row-layout-overlay{opacity:0.30;}@media all and (max-width: 1024px){.kb-row-layout-id_973bd2-ba > .kt-row-column-wrap{grid-template-columns:minmax(0, 1fr);}}@media all and (max-width: 767px){.kb-row-layout-id_973bd2-ba > .kt-row-column-wrap{grid-template-columns:minmax(0, 1fr);}}<\/style><div class=\"kb-row-layout-wrap kb-row-layout-id_973bd2-ba alignnone wp-block-kadence-rowlayout\"><div class=\"kt-row-column-wrap kt-has-1-columns kt-row-layout-equal kt-tab-layout-inherit kt-mobile-layout-row kt-row-valign-top kb-theme-content-width\">\n<style>.kadence-column_61f35c-8a > .kt-inside-inner-col,.kadence-column_61f35c-8a > .kt-inside-inner-col:before{border-top-left-radius:0px;border-top-right-radius:0px;border-bottom-right-radius:0px;border-bottom-left-radius:0px;}.kadence-column_61f35c-8a > .kt-inside-inner-col{column-gap:var(--global-kb-gap-sm, 1rem);}.kadence-column_61f35c-8a > .kt-inside-inner-col{flex-direction:column;}.kadence-column_61f35c-8a > .kt-inside-inner-col > .aligncenter{width:100%;}.kadence-column_61f35c-8a > .kt-inside-inner-col:before{opacity:0.3;}.kadence-column_61f35c-8a{position:relative;}@media all and (max-width: 1024px){.kadence-column_61f35c-8a > .kt-inside-inner-col{flex-direction:column;justify-content:center;}}@media all and (max-width: 767px){.kadence-column_61f35c-8a > .kt-inside-inner-col{flex-direction:column;justify-content:center;}}<\/style>\n<div class=\"wp-block-kadence-column kadence-column_61f35c-8a inner-column-1\"><div class=\"kt-inside-inner-col\">\n<div id=\"TommyBookingSupport\" data-widget=\"boeken\" data-apikey=\"885bf40616bf1c2cca9f76e7504bdfb40aad10479424f64fc329ba7f352785ac\" data-account=\"LeDomaineVert\" data-language=\"de\" data-country=\"de\" data-accommodatie=\"49424\">\n<\/div>\n<script src=\"https:\/\/api.tommybookingsupport.com\/widgets\/js\/widget.js\" type=\"application\/javascript\" language=\"javascript\"><\/script>\n<\/div><\/div>\n\n<\/div><\/div>\n\n\n<div class=\"wp-block-cover\"><span aria-hidden=\"true\" class=\"wp-block-cover__background has-background-dim-0 has-background-dim\"><\/span><img loading=\"lazy\" decoding=\"async\" width=\"2560\" height=\"549\" class=\"wp-block-cover__image-background wp-image-209\" alt=\"\" src=\"https:\/\/ledomainevert.com\/wp-content\/uploads\/2022\/03\/footer-vervolg-scaled.jpg\" data-object-fit=\"cover\" srcset=\"https:\/\/ledomainevert.com\/wp-content\/uploads\/2022\/03\/footer-vervolg-scaled.jpg 2560w, https:\/\/ledomainevert.com\/wp-content\/uploads\/2022\/03\/footer-vervolg-300x64.jpg 300w, https:\/\/ledomainevert.com\/wp-content\/uploads\/2022\/03\/footer-vervolg-1024x219.jpg 1024w, https:\/\/ledomainevert.com\/wp-content\/uploads\/2022\/03\/footer-vervolg-768x165.jpg 768w, https:\/\/ledomainevert.com\/wp-content\/uploads\/2022\/03\/footer-vervolg-1536x329.jpg 1536w, https:\/\/ledomainevert.com\/wp-content\/uploads\/2022\/03\/footer-vervolg-2048x439.jpg 2048w\" sizes=\"auto, (max-width: 2560px) 100vw, 2560px\" \/><div class=\"wp-block-cover__inner-container is-layout-flow wp-block-cover-is-layout-flow\">\n<p class=\"has-text-align-center has-large-font-size\"><\/p>\n<\/div><\/div>\n\n\n<style>.wp-block-kadence-spacer.kt-block-spacer-_e133d0-a6 .kt-block-spacer{height:60px;}.wp-block-kadence-spacer.kt-block-spacer-_e133d0-a6 .kt-divider{border-top-width:1px;height:1px;border-top-color:#eee;width:80%;border-top-style:solid;}<\/style>\n<div class=\"wp-block-kadence-spacer aligncenter kt-block-spacer-_e133d0-a6\"><div class=\"kt-block-spacer kt-block-spacer-halign-center\"><\/div><\/div>\n","protected":false},"excerpt":{"rendered":"<p>De Waard-Zelt M\u00f6chten Sie die Nacht in diesem sch\u00f6nen, ger\u00e4umigen Zelt verbringen? Sie schlafen auf einem Doppelbett und es gibt gen\u00fcgend Platz f\u00fcr zwei zus\u00e4tzliche Matratzen. Die Sanit\u00e4ranlagen des Campingplatzes&#8230;<\/p>\n","protected":false},"author":1,"featured_media":0,"parent":0,"menu_order":0,"comment_status":"closed","ping_status":"closed","template":"","meta":{"inline_featured_image":false,"_kad_blocks_custom_css":"","_kad_blocks_head_custom_js":"","_kad_blocks_body_custom_js":"","_kad_blocks_footer_custom_js":"","_monsterinsights_skip_tracking":false,"_monsterinsights_sitenote_active":false,"_monsterinsights_sitenote_note":"","_monsterinsights_sitenote_category":0,"_price":"","_stock":"","_tribe_ticket_header":"","_tribe_default_ticket_provider":"","_tribe_ticket_capacity":"0","_ticket_start_date":"","_ticket_end_date":"","_tribe_ticket_show_description":"","_tribe_ticket_show_not_going":false,"_tribe_ticket_use_global_stock":"","_tribe_ticket_global_stock_level":"","_global_stock_mode":"","_global_stock_cap":"","_tribe_rsvp_for_event":"","_tribe_ticket_going_count":"","_tribe_ticket_not_going_count":"","_tribe_tickets_list":"[]","_tribe_ticket_has_attendee_info_fields":false,"_kadence_starter_templates_imported_post":false,"_kad_post_transparent":"","_kad_post_title":"","_kad_post_layout":"","_kad_post_sidebar_id":"","_kad_post_content_style":"","_kad_post_vertical_padding":"","_kad_post_feature":"","_kad_post_feature_position":"","_kad_post_header":false,"_kad_post_footer":false,"_kad_post_classname":"","footnotes":"","_tec_slr_enabled":"","_tec_slr_layout":""},"class_list":["post-2836","page","type-page","status-publish","hentry"],"yoast_head":"<!-- This site is optimized with the Yoast SEO plugin v27.4 - https:\/\/yoast.com\/product\/yoast-seo-wordpress\/ -->\n<title>De Waard-Zelt - Le Domaine Vert<\/title>\n<meta name=\"robots\" content=\"index, follow, max-snippet:-1, max-image-preview:large, max-video-preview:-1\" \/>\n<link rel=\"canonical\" href=\"https:\/\/ledomainevert.com\/de\/bell-tent\/\" \/>\n<meta property=\"og:locale\" content=\"de_DE\" \/>\n<meta property=\"og:type\" content=\"article\" \/>\n<meta property=\"og:title\" content=\"De Waard-Zelt - Le Domaine Vert\" \/>\n<meta property=\"og:description\" content=\"De Waard-Zelt M\u00f6chten Sie die Nacht in diesem sch\u00f6nen, ger\u00e4umigen Zelt verbringen? Sie schlafen auf einem Doppelbett und es gibt gen\u00fcgend Platz f\u00fcr zwei zus\u00e4tzliche Matratzen. Die Sanit\u00e4ranlagen des Campingplatzes...\" \/>\n<meta property=\"og:url\" content=\"https:\/\/ledomainevert.com\/de\/bell-tent\/\" \/>\n<meta property=\"og:site_name\" content=\"Le Domaine Vert\" \/>\n<meta property=\"article:publisher\" content=\"https:\/\/www.facebook.com\/ledomainevert\" \/>\n<meta property=\"article:modified_time\" content=\"2023-07-28T22:21:46+00:00\" \/>\n<meta property=\"og:image\" content=\"https:\/\/ledomainevert.com\/wp-content\/uploads\/2023\/05\/dewaard-header.jpg\" \/>\n\t<meta property=\"og:image:width\" content=\"1024\" \/>\n\t<meta property=\"og:image:height\" content=\"393\" \/>\n\t<meta property=\"og:image:type\" content=\"image\/jpeg\" \/>\n<meta name=\"twitter:card\" content=\"summary_large_image\" \/>\n<script type=\"application\/ld+json\" class=\"yoast-schema-graph\">{\"@context\":\"https:\\\/\\\/schema.org\",\"@graph\":[{\"@type\":\"WebPage\",\"@id\":\"https:\\\/\\\/ledomainevert.com\\\/de\\\/bell-tent\\\/\",\"url\":\"https:\\\/\\\/ledomainevert.com\\\/de\\\/bell-tent\\\/\",\"name\":\"De Waard-Zelt - Le Domaine Vert\",\"isPartOf\":{\"@id\":\"https:\\\/\\\/ledomainevert.com\\\/en\\\/#website\"},\"primaryImageOfPage\":{\"@id\":\"https:\\\/\\\/ledomainevert.com\\\/de\\\/bell-tent\\\/#primaryimage\"},\"image\":{\"@id\":\"https:\\\/\\\/ledomainevert.com\\\/de\\\/bell-tent\\\/#primaryimage\"},\"thumbnailUrl\":\"https:\\\/\\\/ledomainevert.com\\\/wp-content\\\/uploads\\\/2023\\\/05\\\/dewaard-header.jpg\",\"datePublished\":\"2023-07-17T13:35:49+00:00\",\"dateModified\":\"2023-07-28T22:21:46+00:00\",\"breadcrumb\":{\"@id\":\"https:\\\/\\\/ledomainevert.com\\\/de\\\/bell-tent\\\/#breadcrumb\"},\"inLanguage\":\"de\",\"potentialAction\":[{\"@type\":\"ReadAction\",\"target\":[\"https:\\\/\\\/ledomainevert.com\\\/de\\\/bell-tent\\\/\"]}]},{\"@type\":\"ImageObject\",\"inLanguage\":\"de\",\"@id\":\"https:\\\/\\\/ledomainevert.com\\\/de\\\/bell-tent\\\/#primaryimage\",\"url\":\"https:\\\/\\\/ledomainevert.com\\\/wp-content\\\/uploads\\\/2023\\\/05\\\/dewaard-header.jpg\",\"contentUrl\":\"https:\\\/\\\/ledomainevert.com\\\/wp-content\\\/uploads\\\/2023\\\/05\\\/dewaard-header.jpg\"},{\"@type\":\"BreadcrumbList\",\"@id\":\"https:\\\/\\\/ledomainevert.com\\\/de\\\/bell-tent\\\/#breadcrumb\",\"itemListElement\":[{\"@type\":\"ListItem\",\"position\":1,\"name\":\"Home\",\"item\":\"https:\\\/\\\/ledomainevert.com\\\/de\\\/home-2\\\/\"},{\"@type\":\"ListItem\",\"position\":2,\"name\":\"De Waard-Zelt\"}]},{\"@type\":\"WebSite\",\"@id\":\"https:\\\/\\\/ledomainevert.com\\\/en\\\/#website\",\"url\":\"https:\\\/\\\/ledomainevert.com\\\/en\\\/\",\"name\":\"Le Domaine Vert\",\"description\":\"het groene domein\",\"publisher\":{\"@id\":\"https:\\\/\\\/ledomainevert.com\\\/en\\\/#organization\"},\"potentialAction\":[{\"@type\":\"SearchAction\",\"target\":{\"@type\":\"EntryPoint\",\"urlTemplate\":\"https:\\\/\\\/ledomainevert.com\\\/en\\\/?s={search_term_string}\"},\"query-input\":{\"@type\":\"PropertyValueSpecification\",\"valueRequired\":true,\"valueName\":\"search_term_string\"}}],\"inLanguage\":\"de\"},{\"@type\":\"Organization\",\"@id\":\"https:\\\/\\\/ledomainevert.com\\\/en\\\/#organization\",\"name\":\"Le Domaine Vert\",\"url\":\"https:\\\/\\\/ledomainevert.com\\\/en\\\/\",\"logo\":{\"@type\":\"ImageObject\",\"inLanguage\":\"de\",\"@id\":\"https:\\\/\\\/ledomainevert.com\\\/en\\\/#\\\/schema\\\/logo\\\/image\\\/\",\"url\":\"https:\\\/\\\/ledomainevert.com\\\/wp-content\\\/uploads\\\/2022\\\/03\\\/logo-le-domaine-vert-2.svg\",\"contentUrl\":\"https:\\\/\\\/ledomainevert.com\\\/wp-content\\\/uploads\\\/2022\\\/03\\\/logo-le-domaine-vert-2.svg\",\"caption\":\"Le Domaine Vert\"},\"image\":{\"@id\":\"https:\\\/\\\/ledomainevert.com\\\/en\\\/#\\\/schema\\\/logo\\\/image\\\/\"},\"sameAs\":[\"https:\\\/\\\/www.facebook.com\\\/ledomainevert\",\"https:\\\/\\\/www.instagram.com\\\/ledomainevert\"]}]}<\/script>\n<!-- \/ Yoast SEO plugin. -->","yoast_head_json":{"title":"De Waard-Zelt - Le Domaine Vert","robots":{"index":"index","follow":"follow","max-snippet":"max-snippet:-1","max-image-preview":"max-image-preview:large","max-video-preview":"max-video-preview:-1"},"canonical":"https:\/\/ledomainevert.com\/de\/bell-tent\/","og_locale":"de_DE","og_type":"article","og_title":"De Waard-Zelt - Le Domaine Vert","og_description":"De Waard-Zelt M\u00f6chten Sie die Nacht in diesem sch\u00f6nen, ger\u00e4umigen Zelt verbringen? Sie schlafen auf einem Doppelbett und es gibt gen\u00fcgend Platz f\u00fcr zwei zus\u00e4tzliche Matratzen. Die Sanit\u00e4ranlagen des Campingplatzes...","og_url":"https:\/\/ledomainevert.com\/de\/bell-tent\/","og_site_name":"Le Domaine Vert","article_publisher":"https:\/\/www.facebook.com\/ledomainevert","article_modified_time":"2023-07-28T22:21:46+00:00","og_image":[{"width":1024,"height":393,"url":"https:\/\/ledomainevert.com\/wp-content\/uploads\/2023\/05\/dewaard-header.jpg","type":"image\/jpeg"}],"twitter_card":"summary_large_image","schema":{"@context":"https:\/\/schema.org","@graph":[{"@type":"WebPage","@id":"https:\/\/ledomainevert.com\/de\/bell-tent\/","url":"https:\/\/ledomainevert.com\/de\/bell-tent\/","name":"De Waard-Zelt - Le Domaine Vert","isPartOf":{"@id":"https:\/\/ledomainevert.com\/en\/#website"},"primaryImageOfPage":{"@id":"https:\/\/ledomainevert.com\/de\/bell-tent\/#primaryimage"},"image":{"@id":"https:\/\/ledomainevert.com\/de\/bell-tent\/#primaryimage"},"thumbnailUrl":"https:\/\/ledomainevert.com\/wp-content\/uploads\/2023\/05\/dewaard-header.jpg","datePublished":"2023-07-17T13:35:49+00:00","dateModified":"2023-07-28T22:21:46+00:00","breadcrumb":{"@id":"https:\/\/ledomainevert.com\/de\/bell-tent\/#breadcrumb"},"inLanguage":"de","potentialAction":[{"@type":"ReadAction","target":["https:\/\/ledomainevert.com\/de\/bell-tent\/"]}]},{"@type":"ImageObject","inLanguage":"de","@id":"https:\/\/ledomainevert.com\/de\/bell-tent\/#primaryimage","url":"https:\/\/ledomainevert.com\/wp-content\/uploads\/2023\/05\/dewaard-header.jpg","contentUrl":"https:\/\/ledomainevert.com\/wp-content\/uploads\/2023\/05\/dewaard-header.jpg"},{"@type":"BreadcrumbList","@id":"https:\/\/ledomainevert.com\/de\/bell-tent\/#breadcrumb","itemListElement":[{"@type":"ListItem","position":1,"name":"Home","item":"https:\/\/ledomainevert.com\/de\/home-2\/"},{"@type":"ListItem","position":2,"name":"De Waard-Zelt"}]},{"@type":"WebSite","@id":"https:\/\/ledomainevert.com\/en\/#website","url":"https:\/\/ledomainevert.com\/en\/","name":"Le Domaine Vert","description":"het groene domein","publisher":{"@id":"https:\/\/ledomainevert.com\/en\/#organization"},"potentialAction":[{"@type":"SearchAction","target":{"@type":"EntryPoint","urlTemplate":"https:\/\/ledomainevert.com\/en\/?s={search_term_string}"},"query-input":{"@type":"PropertyValueSpecification","valueRequired":true,"valueName":"search_term_string"}}],"inLanguage":"de"},{"@type":"Organization","@id":"https:\/\/ledomainevert.com\/en\/#organization","name":"Le Domaine Vert","url":"https:\/\/ledomainevert.com\/en\/","logo":{"@type":"ImageObject","inLanguage":"de","@id":"https:\/\/ledomainevert.com\/en\/#\/schema\/logo\/image\/","url":"https:\/\/ledomainevert.com\/wp-content\/uploads\/2022\/03\/logo-le-domaine-vert-2.svg","contentUrl":"https:\/\/ledomainevert.com\/wp-content\/uploads\/2022\/03\/logo-le-domaine-vert-2.svg","caption":"Le Domaine Vert"},"image":{"@id":"https:\/\/ledomainevert.com\/en\/#\/schema\/logo\/image\/"},"sameAs":["https:\/\/www.facebook.com\/ledomainevert","https:\/\/www.instagram.com\/ledomainevert"]}]}},"taxonomy_info":[],"featured_image_src_large":false,"author_info":{"display_name":"admin","author_link":"https:\/\/ledomainevert.com\/de\/author\/admin_ah0q7gvg\/"},"comment_info":0,"ticketed":false,"_links":{"self":[{"href":"https:\/\/ledomainevert.com\/de\/wp-json\/wp\/v2\/pages\/2836","targetHints":{"allow":["GET"]}}],"collection":[{"href":"https:\/\/ledomainevert.com\/de\/wp-json\/wp\/v2\/pages"}],"about":[{"href":"https:\/\/ledomainevert.com\/de\/wp-json\/wp\/v2\/types\/page"}],"author":[{"embeddable":true,"href":"https:\/\/ledomainevert.com\/de\/wp-json\/wp\/v2\/users\/1"}],"replies":[{"embeddable":true,"href":"https:\/\/ledomainevert.com\/de\/wp-json\/wp\/v2\/comments?post=2836"}],"version-history":[{"count":3,"href":"https:\/\/ledomainevert.com\/de\/wp-json\/wp\/v2\/pages\/2836\/revisions"}],"predecessor-version":[{"id":2997,"href":"https:\/\/ledomainevert.com\/de\/wp-json\/wp\/v2\/pages\/2836\/revisions\/2997"}],"wp:attachment":[{"href":"https:\/\/ledomainevert.com\/de\/wp-json\/wp\/v2\/media?parent=2836"}],"curies":[{"name":"wp","href":"https:\/\/api.w.org\/{rel}","templated":true}]}}