{"id":1187,"date":"2022-03-01T12:08:39","date_gmt":"2022-03-01T11:08:39","guid":{"rendered":"https:\/\/ledomainevert.com\/contact-2\/"},"modified":"2023-07-15T14:12:50","modified_gmt":"2023-07-15T12:12:50","slug":"contact-2","status":"publish","type":"page","link":"https:\/\/ledomainevert.com\/fr\/contact-2\/","title":{"rendered":"Contact"},"content":{"rendered":"\n<div class=\"wp-block-cover\"><span aria-hidden=\"true\" class=\"wp-block-cover__background has-background-dim-0 has-background-dim\"><\/span><img loading=\"lazy\" decoding=\"async\" width=\"2560\" height=\"756\" class=\"wp-block-cover__image-background wp-image-1656\" alt=\"\" src=\"https:\/\/ledomainevert.com\/wp-content\/uploads\/2022\/06\/contact.jpg\" data-object-fit=\"cover\" srcset=\"https:\/\/ledomainevert.com\/wp-content\/uploads\/2022\/06\/contact.jpg 2560w, https:\/\/ledomainevert.com\/wp-content\/uploads\/2022\/06\/contact-300x89.jpg 300w, https:\/\/ledomainevert.com\/wp-content\/uploads\/2022\/06\/contact-1024x302.jpg 1024w, https:\/\/ledomainevert.com\/wp-content\/uploads\/2022\/06\/contact-768x227.jpg 768w, https:\/\/ledomainevert.com\/wp-content\/uploads\/2022\/06\/contact-1536x454.jpg 1536w, https:\/\/ledomainevert.com\/wp-content\/uploads\/2022\/06\/contact-2048x605.jpg 2048w\" sizes=\"auto, (max-width: 2560px) 100vw, 2560px\" \/><div class=\"wp-block-cover__inner-container is-layout-flow wp-block-cover-is-layout-flow\">\n<p class=\"has-text-align-center has-large-font-size\"><\/p>\n<\/div><\/div>\n\n\n<style>.kb-row-layout-id_c3aa9d-d0 > .kt-row-column-wrap{align-content:start;}:where(.kb-row-layout-id_c3aa9d-d0 > .kt-row-column-wrap) > .wp-block-kadence-column{justify-content:start;}.kb-row-layout-id_c3aa9d-d0 > .kt-row-column-wrap{column-gap:var(--global-kb-gap-md, 2rem);row-gap:var(--global-kb-gap-md, 2rem);max-width:var( --global-content-width, 1290px );padding-left:var(--global-content-edge-padding);padding-right:var(--global-content-edge-padding);padding-top:var(--global-kb-spacing-sm, 1.5rem);padding-bottom:var(--global-kb-spacing-sm, 1.5rem);grid-template-columns:repeat(2, minmax(0, 1fr));}.kb-row-layout-id_c3aa9d-d0 > .kt-row-layout-overlay{opacity:0.30;}@media all and (max-width: 1024px){.kb-row-layout-id_c3aa9d-d0 > .kt-row-column-wrap{grid-template-columns:repeat(2, minmax(0, 1fr));}}@media all and (max-width: 767px){.kb-row-layout-id_c3aa9d-d0 > .kt-row-column-wrap{grid-template-columns:minmax(0, 1fr);}}<\/style><div class=\"kb-row-layout-wrap kb-row-layout-id_c3aa9d-d0 alignnone wp-block-kadence-rowlayout\"><div class=\"kt-row-column-wrap kt-has-2-columns kt-row-layout-equal kt-tab-layout-inherit kt-mobile-layout-row kt-row-valign-top kb-theme-content-width\">\n<style>.kadence-column_1dc718-86 > .kt-inside-inner-col,.kadence-column_1dc718-86 > .kt-inside-inner-col:before{border-top-left-radius:0px;border-top-right-radius:0px;border-bottom-right-radius:0px;border-bottom-left-radius:0px;}.kadence-column_1dc718-86 > .kt-inside-inner-col{column-gap:var(--global-kb-gap-sm, 1rem);}.kadence-column_1dc718-86 > .kt-inside-inner-col{flex-direction:column;}.kadence-column_1dc718-86 > .kt-inside-inner-col > .aligncenter{width:100%;}.kadence-column_1dc718-86 > .kt-inside-inner-col:before{opacity:0.3;}.kadence-column_1dc718-86{position:relative;}@media all and (max-width: 1024px){.kadence-column_1dc718-86 > .kt-inside-inner-col{flex-direction:column;justify-content:center;}}@media all and (max-width: 767px){.kadence-column_1dc718-86 > .kt-inside-inner-col{flex-direction:column;justify-content:center;}}<\/style>\n<div class=\"wp-block-kadence-column kadence-column_1dc718-86 inner-column-1\"><div class=\"kt-inside-inner-col\"><style>.kb-form input.kadence-blocks-field.verify{opacity:0.0;position:absolute;top:0.0;left:0.0;width:0.0;height:0.0;z-index:-1;}<\/style>\n<div class=\"wp-block-kadence-form kadence-form-_af9d51-52 kb-form-wrap\"><form class=\"kb-form\" action=\"\" method=\"post\"><div class=\"kadence-blocks-form-field kb-field-desk-width-100 kb-input-size-standard\"><label for=\"kb_field__af9d51-52_0\">Nom<\/label><input name=\"kb_field_0\" id=\"kb_field__af9d51-52_0\" data-label=\"Nom\" type=\"text\" placeholder=\"\" value=\"\" data-type=\"text\" class=\"kb-field kb-text-style-field kb-text-field kb-field-0\"\/><\/div><div class=\"kadence-blocks-form-field kb-form-field-1 kb-field-desk-width-100 kb-input-size-standard\"><label for=\"kb_field__af9d51-52_1\">Email<span class=\"required\">*<\/span><\/label><input name=\"kb_field_1\" id=\"kb_field__af9d51-52_1\" data-label=\"Email\" type=\"email\" placeholder=\"\" value=\"\" data-type=\"email\" class=\"kb-field kb-text-style-field kb-email-field kb-field-1\" data-required=\"yes\" data-required-message=\"Dit is een verplicht veld\" data-validation-message=\"E-mailadres is niet juist ingevuld\"\/><\/div><div class=\"kadence-blocks-form-field kb-form-field-2 kb-field-desk-width-100 kb-input-size-standard\"><label for=\"kb_field__af9d51-52_2\">Message<span class=\"required\">*<\/span><\/label><textarea name=\"kb_field_2\" id=\"kb_field__af9d51-52_2\" data-label=\"Message\" type=\"textarea\" placeholder=\"\" data-type=\"textarea\" class=\"kb-field kb-text-style-field kb-textarea-field kb-field-2\" rows=\"4\" data-required=\"yes\"><\/textarea><\/div><input type=\"hidden\" name=\"_kb_form_id\" value=\"_af9d51-52\"\/><input type=\"hidden\" name=\"_kb_form_post_id\" value=\"1187\"\/><input type=\"hidden\" name=\"action\" value=\"kb_process_ajax_submit\"\/><label class=\"kadence-verify-label\">Email<input class=\"kadence-blocks-field verify\" type=\"text\" name=\"_kb_verify_email\" autocomplete=\"new-password\" aria-hidden=\"true\" placeholder=\"Email\" tabindex=\"-1\" data-1p-ignore=\"true\" data-lpignore=\"true\" \/><\/label><div class=\"kadence-blocks-form-field kb-submit-field kb-field-desk-width-100\"><button class=\"kb-forms-submit button kb-button-size-standard kb-button-width-auto\">Verzenden<\/button><\/div><\/form><\/div>\n<noscript><div class=\"kadence-blocks-form-message kadence-blocks-form-warning\">Veuillez activer JavaScript dans votre navigateur pour envoyer le formulaire.<\/div><style>.kadence-form-_af9d51-52 .kadence-blocks-form-field.kb-submit-field { display: none; }<\/style><\/noscript><\/div><\/div>\n\n\n<style>.kadence-column_fb83c3-79 > .kt-inside-inner-col,.kadence-column_fb83c3-79 > .kt-inside-inner-col:before{border-top-left-radius:0px;border-top-right-radius:0px;border-bottom-right-radius:0px;border-bottom-left-radius:0px;}.kadence-column_fb83c3-79 > .kt-inside-inner-col{column-gap:var(--global-kb-gap-sm, 1rem);}.kadence-column_fb83c3-79 > .kt-inside-inner-col{flex-direction:column;}.kadence-column_fb83c3-79 > .kt-inside-inner-col > .aligncenter{width:100%;}.kadence-column_fb83c3-79 > .kt-inside-inner-col:before{opacity:0.3;}.kadence-column_fb83c3-79{position:relative;}@media all and (max-width: 1024px){.kadence-column_fb83c3-79 > .kt-inside-inner-col{flex-direction:column;justify-content:center;}}@media all and (max-width: 767px){.kadence-column_fb83c3-79 > .kt-inside-inner-col{flex-direction:column;justify-content:center;}}<\/style>\n<div class=\"wp-block-kadence-column kadence-column_fb83c3-79 inner-column-2\"><div class=\"kt-inside-inner-col\"><style>.kt-sc_9e1995-1e .kt-sc-imgcol, .kt-sc_9e1995-1e .kt-sc-textcol{min-height:100px;}.kt-sc_9e1995-1e .kt-sc-textcol{padding-top:24px;padding-right:24px;padding-bottom:24px;padding-left:24px;margin-top:0px;margin-right:0px;margin-bottom:0px;margin-left:0px;}@media all and (max-width: 767px){.kt-sc_9e1995-1e .kt-sc-imgcol, .kt-sc_9e1995-1e .kt-sc-textcol{min-height:450px;}}<\/style>\n<div class=\"wp-block-kadence-splitcontent aligncenter kt-sc_9e1995-1e\"><div class=\"kt-split-content-wrap kt-sc-media-side-left\" style=\"grid-template-columns:50% auto\"><div class=\"kt-sc-imgcol kt-sc-imgcol-bg-auto kt-sc-img-side-left\"><figure class=\"kt-split-content-media-image wp-image-container-851\"><img loading=\"lazy\" decoding=\"async\" width=\"900\" height=\"600\" src=\"https:\/\/ledomainevert.com\/wp-content\/uploads\/2022\/03\/kaart.jpg\" alt=\"\" class=\"kt-split-content-img wp-image-851\" srcset=\"https:\/\/ledomainevert.com\/wp-content\/uploads\/2022\/03\/kaart.jpg 900w, https:\/\/ledomainevert.com\/wp-content\/uploads\/2022\/03\/kaart-300x200.jpg 300w, https:\/\/ledomainevert.com\/wp-content\/uploads\/2022\/03\/kaart-768x512.jpg 768w\" sizes=\"auto, (max-width: 900px) 100vw, 900px\" \/><\/figure><a class=\"kt-sc-media-link\" href=\"https:\/\/www.google.com\/maps\/place\/Le+Domaine+Vert\/@46.0290535,0.1375004,6.47z\/data=!4m8!3m7!1s0x0:0xec636a3a84ffb6ef!5m2!4m1!1i2!8m2!3d45.4089144!4d1.4790826\"><\/a><\/div><div class=\"kt-sc-textcol kt-sc-text-valign-center kt-sc-text-halign-center\" style=\"min-height:100px\"><div class=\"kt-sc-innter-col\"><style>.wp-block-kadence-advancedheading.kt-adv-heading_cee373-592, .wp-block-kadence-advancedheading.kt-adv-heading_cee373-592[data-kb-block=\"kb-adv-heading_cee373-592\"]{display:block;padding-top:0px;margin-top:0px;text-align:left;font-style:normal;}.wp-block-kadence-advancedheading.kt-adv-heading_cee373-592 mark.kt-highlight, .wp-block-kadence-advancedheading.kt-adv-heading_cee373-592[data-kb-block=\"kb-adv-heading_cee373-592\"] mark.kt-highlight{font-style:normal;color:#f76a0c;-webkit-box-decoration-break:clone;box-decoration-break:clone;padding-top:0px;padding-right:0px;padding-bottom:0px;padding-left:0px;}.wp-block-kadence-advancedheading.kt-adv-heading_cee373-592 img.kb-inline-image, .wp-block-kadence-advancedheading.kt-adv-heading_cee373-592[data-kb-block=\"kb-adv-heading_cee373-592\"] img.kb-inline-image{width:150px;vertical-align:baseline;}<\/style>\n<span class=\"kt-adv-heading_cee373-592 wp-block-kadence-advancedheading\" data-kb-block=\"kb-adv-heading_cee373-592\">Le Domaine Vert<br>Les Magnes<br>3972 Route des Templiers<br>19230 Troche &#8211; France<br>T\u00e9l\u00e9phone: 0033-789212678<br>E-mail:\u00a0<a href=\"mailto:info@ledomainevert.com\">info@ledomainevert.com<\/a><\/span>\n<\/div><\/div><\/div><\/div>\n\n\n\n<p>Le Domaine Vert est facilement accessible en voiture. Si vous arrivez en avion, nous vous recommandons Perigeux ou Limoges comme destination finale. Le train va jusqu&rsquo;\u00e0 Uzerche (ou alternativement Limoges ou Brive). Le Domaine Vert propose \u00e0 ses clients un service de taxi pouvant \u00eatre r\u00e9serv\u00e9 \u00e0 l&rsquo;avance.<\/p>\n<\/div><\/div>\n\n<\/div><\/div>","protected":false},"excerpt":{"rendered":"<p>Le Domaine Vert est facilement accessible en voiture. Si vous arrivez en avion, nous vous recommandons Perigeux ou Limoges comme destination finale. Le train va jusqu&rsquo;\u00e0 Uzerche (ou alternativement Limoges&#8230;<\/p>\n","protected":false},"author":1,"featured_media":0,"parent":0,"menu_order":0,"comment_status":"closed","ping_status":"closed","template":"","meta":{"inline_featured_image":false,"_kad_blocks_custom_css":"","_kad_blocks_head_custom_js":"","_kad_blocks_body_custom_js":"","_kad_blocks_footer_custom_js":"","_monsterinsights_skip_tracking":false,"_monsterinsights_sitenote_active":false,"_monsterinsights_sitenote_note":"","_monsterinsights_sitenote_category":0,"_price":"","_stock":"","_tribe_ticket_header":"","_tribe_default_ticket_provider":"","_tribe_ticket_capacity":"0","_ticket_start_date":"","_ticket_end_date":"","_tribe_ticket_show_description":"","_tribe_ticket_show_not_going":false,"_tribe_ticket_use_global_stock":"","_tribe_ticket_global_stock_level":"","_global_stock_mode":"","_global_stock_cap":"","_tribe_rsvp_for_event":"","_tribe_ticket_going_count":"","_tribe_ticket_not_going_count":"","_tribe_tickets_list":"[]","_tribe_ticket_has_attendee_info_fields":false,"_kadence_starter_templates_imported_post":false,"_kad_post_transparent":"","_kad_post_title":"","_kad_post_layout":"","_kad_post_sidebar_id":"","_kad_post_content_style":"","_kad_post_vertical_padding":"","_kad_post_feature":"","_kad_post_feature_position":"","_kad_post_header":false,"_kad_post_footer":false,"_kad_post_classname":"","footnotes":"","_tec_slr_enabled":"","_tec_slr_layout":""},"class_list":["post-1187","page","type-page","status-publish","hentry"],"yoast_head":"<!-- This site is optimized with the Yoast SEO plugin v27.4 - https:\/\/yoast.com\/product\/yoast-seo-wordpress\/ -->\n<title>Contact - Le Domaine Vert<\/title>\n<meta name=\"robots\" content=\"index, follow, max-snippet:-1, max-image-preview:large, max-video-preview:-1\" \/>\n<link rel=\"canonical\" href=\"https:\/\/ledomainevert.com\/fr\/contact-2\/\" \/>\n<meta property=\"og:locale\" content=\"fr_FR\" \/>\n<meta property=\"og:type\" content=\"article\" \/>\n<meta property=\"og:title\" content=\"Contact - Le Domaine Vert\" \/>\n<meta property=\"og:description\" content=\"Le Domaine Vert est facilement accessible en voiture. Si vous arrivez en avion, nous vous recommandons Perigeux ou Limoges comme destination finale. Le train va jusqu&rsquo;\u00e0 Uzerche (ou alternativement Limoges...\" \/>\n<meta property=\"og:url\" content=\"https:\/\/ledomainevert.com\/fr\/contact-2\/\" \/>\n<meta property=\"og:site_name\" content=\"Le Domaine Vert\" \/>\n<meta property=\"article:publisher\" content=\"https:\/\/www.facebook.com\/ledomainevert\" \/>\n<meta property=\"article:modified_time\" content=\"2023-07-15T12:12:50+00:00\" \/>\n<meta property=\"og:image\" content=\"https:\/\/ledomainevert.com\/wp-content\/uploads\/2022\/06\/contact-1024x302.jpg\" \/>\n\t<meta property=\"og:image:width\" content=\"1024\" \/>\n\t<meta property=\"og:image:height\" content=\"302\" \/>\n\t<meta property=\"og:image:type\" content=\"image\/jpeg\" \/>\n<meta name=\"twitter:card\" content=\"summary_large_image\" \/>\n<script type=\"application\/ld+json\" class=\"yoast-schema-graph\">{\"@context\":\"https:\\\/\\\/schema.org\",\"@graph\":[{\"@type\":\"WebPage\",\"@id\":\"https:\\\/\\\/ledomainevert.com\\\/fr\\\/contact-2\\\/\",\"url\":\"https:\\\/\\\/ledomainevert.com\\\/fr\\\/contact-2\\\/\",\"name\":\"Contact - Le Domaine Vert\",\"isPartOf\":{\"@id\":\"https:\\\/\\\/ledomainevert.com\\\/en\\\/#website\"},\"primaryImageOfPage\":{\"@id\":\"https:\\\/\\\/ledomainevert.com\\\/fr\\\/contact-2\\\/#primaryimage\"},\"image\":{\"@id\":\"https:\\\/\\\/ledomainevert.com\\\/fr\\\/contact-2\\\/#primaryimage\"},\"thumbnailUrl\":\"https:\\\/\\\/ledomainevert.com\\\/wp-content\\\/uploads\\\/2022\\\/06\\\/contact.jpg\",\"datePublished\":\"2022-03-01T11:08:39+00:00\",\"dateModified\":\"2023-07-15T12:12:50+00:00\",\"breadcrumb\":{\"@id\":\"https:\\\/\\\/ledomainevert.com\\\/fr\\\/contact-2\\\/#breadcrumb\"},\"inLanguage\":\"fr-FR\",\"potentialAction\":[{\"@type\":\"ReadAction\",\"target\":[\"https:\\\/\\\/ledomainevert.com\\\/fr\\\/contact-2\\\/\"]}]},{\"@type\":\"ImageObject\",\"inLanguage\":\"fr-FR\",\"@id\":\"https:\\\/\\\/ledomainevert.com\\\/fr\\\/contact-2\\\/#primaryimage\",\"url\":\"https:\\\/\\\/ledomainevert.com\\\/wp-content\\\/uploads\\\/2022\\\/06\\\/contact.jpg\",\"contentUrl\":\"https:\\\/\\\/ledomainevert.com\\\/wp-content\\\/uploads\\\/2022\\\/06\\\/contact.jpg\"},{\"@type\":\"BreadcrumbList\",\"@id\":\"https:\\\/\\\/ledomainevert.com\\\/fr\\\/contact-2\\\/#breadcrumb\",\"itemListElement\":[{\"@type\":\"ListItem\",\"position\":1,\"name\":\"Home\",\"item\":\"https:\\\/\\\/ledomainevert.com\\\/fr\\\/\"},{\"@type\":\"ListItem\",\"position\":2,\"name\":\"Contact\"}]},{\"@type\":\"WebSite\",\"@id\":\"https:\\\/\\\/ledomainevert.com\\\/en\\\/#website\",\"url\":\"https:\\\/\\\/ledomainevert.com\\\/en\\\/\",\"name\":\"Le Domaine Vert\",\"description\":\"het groene domein\",\"publisher\":{\"@id\":\"https:\\\/\\\/ledomainevert.com\\\/en\\\/#organization\"},\"potentialAction\":[{\"@type\":\"SearchAction\",\"target\":{\"@type\":\"EntryPoint\",\"urlTemplate\":\"https:\\\/\\\/ledomainevert.com\\\/en\\\/?s={search_term_string}\"},\"query-input\":{\"@type\":\"PropertyValueSpecification\",\"valueRequired\":true,\"valueName\":\"search_term_string\"}}],\"inLanguage\":\"fr-FR\"},{\"@type\":\"Organization\",\"@id\":\"https:\\\/\\\/ledomainevert.com\\\/en\\\/#organization\",\"name\":\"Le Domaine Vert\",\"url\":\"https:\\\/\\\/ledomainevert.com\\\/en\\\/\",\"logo\":{\"@type\":\"ImageObject\",\"inLanguage\":\"fr-FR\",\"@id\":\"https:\\\/\\\/ledomainevert.com\\\/en\\\/#\\\/schema\\\/logo\\\/image\\\/\",\"url\":\"https:\\\/\\\/ledomainevert.com\\\/wp-content\\\/uploads\\\/2022\\\/03\\\/logo-le-domaine-vert-2.svg\",\"contentUrl\":\"https:\\\/\\\/ledomainevert.com\\\/wp-content\\\/uploads\\\/2022\\\/03\\\/logo-le-domaine-vert-2.svg\",\"caption\":\"Le Domaine Vert\"},\"image\":{\"@id\":\"https:\\\/\\\/ledomainevert.com\\\/en\\\/#\\\/schema\\\/logo\\\/image\\\/\"},\"sameAs\":[\"https:\\\/\\\/www.facebook.com\\\/ledomainevert\",\"https:\\\/\\\/www.instagram.com\\\/ledomainevert\"]}]}<\/script>\n<!-- \/ Yoast SEO plugin. -->","yoast_head_json":{"title":"Contact - Le Domaine Vert","robots":{"index":"index","follow":"follow","max-snippet":"max-snippet:-1","max-image-preview":"max-image-preview:large","max-video-preview":"max-video-preview:-1"},"canonical":"https:\/\/ledomainevert.com\/fr\/contact-2\/","og_locale":"fr_FR","og_type":"article","og_title":"Contact - Le Domaine Vert","og_description":"Le Domaine Vert est facilement accessible en voiture. Si vous arrivez en avion, nous vous recommandons Perigeux ou Limoges comme destination finale. Le train va jusqu&rsquo;\u00e0 Uzerche (ou alternativement Limoges...","og_url":"https:\/\/ledomainevert.com\/fr\/contact-2\/","og_site_name":"Le Domaine Vert","article_publisher":"https:\/\/www.facebook.com\/ledomainevert","article_modified_time":"2023-07-15T12:12:50+00:00","og_image":[{"width":1024,"height":302,"url":"https:\/\/ledomainevert.com\/wp-content\/uploads\/2022\/06\/contact-1024x302.jpg","type":"image\/jpeg"}],"twitter_card":"summary_large_image","schema":{"@context":"https:\/\/schema.org","@graph":[{"@type":"WebPage","@id":"https:\/\/ledomainevert.com\/fr\/contact-2\/","url":"https:\/\/ledomainevert.com\/fr\/contact-2\/","name":"Contact - Le Domaine Vert","isPartOf":{"@id":"https:\/\/ledomainevert.com\/en\/#website"},"primaryImageOfPage":{"@id":"https:\/\/ledomainevert.com\/fr\/contact-2\/#primaryimage"},"image":{"@id":"https:\/\/ledomainevert.com\/fr\/contact-2\/#primaryimage"},"thumbnailUrl":"https:\/\/ledomainevert.com\/wp-content\/uploads\/2022\/06\/contact.jpg","datePublished":"2022-03-01T11:08:39+00:00","dateModified":"2023-07-15T12:12:50+00:00","breadcrumb":{"@id":"https:\/\/ledomainevert.com\/fr\/contact-2\/#breadcrumb"},"inLanguage":"fr-FR","potentialAction":[{"@type":"ReadAction","target":["https:\/\/ledomainevert.com\/fr\/contact-2\/"]}]},{"@type":"ImageObject","inLanguage":"fr-FR","@id":"https:\/\/ledomainevert.com\/fr\/contact-2\/#primaryimage","url":"https:\/\/ledomainevert.com\/wp-content\/uploads\/2022\/06\/contact.jpg","contentUrl":"https:\/\/ledomainevert.com\/wp-content\/uploads\/2022\/06\/contact.jpg"},{"@type":"BreadcrumbList","@id":"https:\/\/ledomainevert.com\/fr\/contact-2\/#breadcrumb","itemListElement":[{"@type":"ListItem","position":1,"name":"Home","item":"https:\/\/ledomainevert.com\/fr\/"},{"@type":"ListItem","position":2,"name":"Contact"}]},{"@type":"WebSite","@id":"https:\/\/ledomainevert.com\/en\/#website","url":"https:\/\/ledomainevert.com\/en\/","name":"Le Domaine Vert","description":"het groene domein","publisher":{"@id":"https:\/\/ledomainevert.com\/en\/#organization"},"potentialAction":[{"@type":"SearchAction","target":{"@type":"EntryPoint","urlTemplate":"https:\/\/ledomainevert.com\/en\/?s={search_term_string}"},"query-input":{"@type":"PropertyValueSpecification","valueRequired":true,"valueName":"search_term_string"}}],"inLanguage":"fr-FR"},{"@type":"Organization","@id":"https:\/\/ledomainevert.com\/en\/#organization","name":"Le Domaine Vert","url":"https:\/\/ledomainevert.com\/en\/","logo":{"@type":"ImageObject","inLanguage":"fr-FR","@id":"https:\/\/ledomainevert.com\/en\/#\/schema\/logo\/image\/","url":"https:\/\/ledomainevert.com\/wp-content\/uploads\/2022\/03\/logo-le-domaine-vert-2.svg","contentUrl":"https:\/\/ledomainevert.com\/wp-content\/uploads\/2022\/03\/logo-le-domaine-vert-2.svg","caption":"Le Domaine Vert"},"image":{"@id":"https:\/\/ledomainevert.com\/en\/#\/schema\/logo\/image\/"},"sameAs":["https:\/\/www.facebook.com\/ledomainevert","https:\/\/www.instagram.com\/ledomainevert"]}]}},"taxonomy_info":[],"featured_image_src_large":false,"author_info":{"display_name":"admin","author_link":"https:\/\/ledomainevert.com\/fr\/author\/admin_ah0q7gvg\/"},"comment_info":0,"ticketed":false,"_links":{"self":[{"href":"https:\/\/ledomainevert.com\/fr\/wp-json\/wp\/v2\/pages\/1187","targetHints":{"allow":["GET"]}}],"collection":[{"href":"https:\/\/ledomainevert.com\/fr\/wp-json\/wp\/v2\/pages"}],"about":[{"href":"https:\/\/ledomainevert.com\/fr\/wp-json\/wp\/v2\/types\/page"}],"author":[{"embeddable":true,"href":"https:\/\/ledomainevert.com\/fr\/wp-json\/wp\/v2\/users\/1"}],"replies":[{"embeddable":true,"href":"https:\/\/ledomainevert.com\/fr\/wp-json\/wp\/v2\/comments?post=1187"}],"version-history":[{"count":6,"href":"https:\/\/ledomainevert.com\/fr\/wp-json\/wp\/v2\/pages\/1187\/revisions"}],"predecessor-version":[{"id":2763,"href":"https:\/\/ledomainevert.com\/fr\/wp-json\/wp\/v2\/pages\/1187\/revisions\/2763"}],"wp:attachment":[{"href":"https:\/\/ledomainevert.com\/fr\/wp-json\/wp\/v2\/media?parent=1187"}],"curies":[{"name":"wp","href":"https:\/\/api.w.org\/{rel}","templated":true}]}}