{"id":1218,"date":"2022-03-08T14:01:57","date_gmt":"2022-03-08T13:01:57","guid":{"rendered":"https:\/\/ledomainevert.com\/ledomainevert-2\/"},"modified":"2026-01-09T07:35:46","modified_gmt":"2026-01-09T06:35:46","slug":"ledomainevert","status":"publish","type":"page","link":"https:\/\/ledomainevert.com\/fr\/ledomainevert\/","title":{"rendered":"Le Domaine Vert"},"content":{"rendered":"\n<div class=\"wp-block-cover\"><img loading=\"lazy\" decoding=\"async\" width=\"2560\" height=\"756\" class=\"wp-block-cover__image-background wp-image-789\" alt=\"\" src=\"https:\/\/ledomainevert.com\/wp-content\/uploads\/2022\/03\/ledomaine-header-1.jpg\" style=\"object-position:49% 57%\" data-object-fit=\"cover\" data-object-position=\"49% 57%\" srcset=\"https:\/\/ledomainevert.com\/wp-content\/uploads\/2022\/03\/ledomaine-header-1.jpg 2560w, https:\/\/ledomainevert.com\/wp-content\/uploads\/2022\/03\/ledomaine-header-1-300x89.jpg 300w, https:\/\/ledomainevert.com\/wp-content\/uploads\/2022\/03\/ledomaine-header-1-1024x302.jpg 1024w, https:\/\/ledomainevert.com\/wp-content\/uploads\/2022\/03\/ledomaine-header-1-768x227.jpg 768w, https:\/\/ledomainevert.com\/wp-content\/uploads\/2022\/03\/ledomaine-header-1-1536x454.jpg 1536w, https:\/\/ledomainevert.com\/wp-content\/uploads\/2022\/03\/ledomaine-header-1-2048x605.jpg 2048w\" sizes=\"auto, (max-width: 2560px) 100vw, 2560px\" \/><span aria-hidden=\"true\" class=\"wp-block-cover__background has-background-dim-0 has-background-dim\"><\/span><div class=\"wp-block-cover__inner-container is-layout-flow wp-block-cover-is-layout-flow\">\n<p class=\"has-text-align-center has-large-font-size\"><\/p>\n<\/div><\/div>\n\n\n<style>.kb-row-layout-id1218_d62e63-56 > .kt-row-column-wrap{align-content:start;}:where(.kb-row-layout-id1218_d62e63-56 > .kt-row-column-wrap) > .wp-block-kadence-column{justify-content:start;}.kb-row-layout-id1218_d62e63-56 > .kt-row-column-wrap{column-gap:var(--global-kb-gap-md, 2rem);row-gap:var(--global-kb-gap-md, 2rem);max-width:var( --global-content-width, 1290px );padding-left:var(--global-content-edge-padding);padding-right:var(--global-content-edge-padding);padding-top:50px;padding-bottom:50px;grid-template-columns:minmax(0, 1fr);}.kb-row-layout-id1218_d62e63-56 > .kt-row-layout-overlay{opacity:0.30;}.kb-row-layout-id1218_d62e63-56 .kt-row-layout-bottom-sep{height:100px;}.kb-row-layout-id1218_d62e63-56 .kt-row-layout-bottom-sep svg{width:100%;}.kb-row-layout-id1218_d62e63-56 .kt-row-layout-bottom-sep svg{fill:#ffffff!important;}@media all and (max-width: 1024px){.kb-row-layout-id1218_d62e63-56 > .kt-row-column-wrap{grid-template-columns:minmax(0, 1fr);}}@media all and (max-width: 1024px){.kb-row-layout-id1218_d62e63-56 .kt-row-layout-bottom-sep{height:px;}}@media all and (max-width: 1024px){.kb-row-layout-id1218_d62e63-56 .kt-row-layout-bottom-sep svg{width:%;}}@media all and (max-width: 767px){.kb-row-layout-id1218_d62e63-56 > .kt-row-column-wrap{grid-template-columns:minmax(0, 1fr);}.kb-row-layout-id1218_d62e63-56 .kt-row-layout-bottom-sep{height:px;}.kb-row-layout-id1218_d62e63-56 .kt-row-layout-bottom-sep svg{width:%;}}<\/style><div class=\"kb-row-layout-wrap kb-row-layout-id1218_d62e63-56 alignnone wp-block-kadence-rowlayout\"><div class=\"kt-row-column-wrap kt-has-1-columns kt-row-layout-equal kt-tab-layout-inherit kt-mobile-layout-row kt-row-valign-top kt-inner-column-height-full kb-theme-content-width\">\n<style>.kadence-column1218_a0c9a7-70 > .kt-inside-inner-col{padding-top:20px;padding-right:20px;padding-bottom:20px;padding-left:20px;}.kadence-column1218_a0c9a7-70 > .kt-inside-inner-col,.kadence-column1218_a0c9a7-70 > .kt-inside-inner-col:before{border-top-left-radius:20px;border-top-right-radius:20px;border-bottom-right-radius:20px;border-bottom-left-radius:20px;}.kadence-column1218_a0c9a7-70 > .kt-inside-inner-col{column-gap:var(--global-kb-gap-sm, 1rem);}.kadence-column1218_a0c9a7-70 > .kt-inside-inner-col{flex-direction:column;}.kadence-column1218_a0c9a7-70 > .kt-inside-inner-col > .aligncenter{width:100%;}.kadence-column1218_a0c9a7-70 > .kt-inside-inner-col{background-color:var(--global-palette7, #EDF2F7);}.kadence-column1218_a0c9a7-70 > .kt-inside-inner-col:before{opacity:0.3;}.kadence-column1218_a0c9a7-70{position:relative;}@media all and (max-width: 1024px){.kadence-column1218_a0c9a7-70 > .kt-inside-inner-col{flex-direction:column;justify-content:center;}}@media all and (max-width: 767px){.kadence-column1218_a0c9a7-70 > .kt-inside-inner-col{flex-direction:column;justify-content:center;}}<\/style>\n<div class=\"wp-block-kadence-column kadence-column1218_a0c9a7-70 inner-column-1\"><div class=\"kt-inside-inner-col\"><style>.wp-block-kadence-advancedheading.kt-adv-heading1218_cea6e0-ec, .wp-block-kadence-advancedheading.kt-adv-heading1218_cea6e0-ec[data-kb-block=\"kb-adv-heading1218_cea6e0-ec\"]{font-style:normal;}.wp-block-kadence-advancedheading.kt-adv-heading1218_cea6e0-ec mark.kt-highlight, .wp-block-kadence-advancedheading.kt-adv-heading1218_cea6e0-ec[data-kb-block=\"kb-adv-heading1218_cea6e0-ec\"] mark.kt-highlight{font-style:normal;color:#f76a0c;-webkit-box-decoration-break:clone;box-decoration-break:clone;padding-top:0px;padding-right:0px;padding-bottom:0px;padding-left:0px;}.wp-block-kadence-advancedheading.kt-adv-heading1218_cea6e0-ec img.kb-inline-image, .wp-block-kadence-advancedheading.kt-adv-heading1218_cea6e0-ec[data-kb-block=\"kb-adv-heading1218_cea6e0-ec\"] img.kb-inline-image{width:150px;vertical-align:baseline;}<\/style>\n<h2 class=\"kt-adv-heading1218_cea6e0-ec wp-block-kadence-advancedheading\" data-kb-block=\"kb-adv-heading1218_cea6e0-ec\">Le Domaine Vert &#8211; Centre d&rsquo;accueil de stages et s\u00e9minaire<\/h2>\n\n\n\n<div class=\"wp-block-columns is-layout-flex wp-container-core-columns-is-layout-9d6595d7 wp-block-columns-is-layout-flex\">\n<div class=\"wp-block-column is-layout-flow wp-block-column-is-layout-flow\" style=\"flex-basis:66.67%\">\n<p>Bienvenue au Domaine Vert !<\/p>\n\n\n\n<p>Dans notre petit coin de paradis nich\u00e9 dans la campagne fran\u00e7aise, vous trouverez un lieu o\u00f9 la nuit est vraiment sombre et o\u00f9 vous pourrez profiter des innombrables sons de la nature sous un ciel \u00e9toil\u00e9 \u00e0 couper le souffle<\/p>\n\n\n\n<p>Notre domaine et ses h\u00e9bergements offrent tout ce qu\u2019il faut pour organiser ou participer \u00e0 une retraite, une formation ou un atelier fantastique..<\/p>\n\n\n\n<p>Nous sommes Walter et Anna Linde et nous profitons chaque jour de cet endroit avec notre chien, nos deux chevaux, nos chats et nos paons. Venez vous joindre \u00e0 nous !<\/p>\n\n\n\n<p> C\u2019est un endroit calme, o\u00f9 r\u00e8gne une atmosph\u00e8re d\u00e9tendue et agr\u00e9able. Sur notre grand terrain naturel de 80 000 m\u00b2, vous trouverez des emplacements de camping spacieux, une cabane en rondins hors r\u00e9seau, une yourte originale, un magnifique g\u00eete fran\u00e7ais authentique, plusieurs belles chambres dans une maison fran\u00e7aise traditionnelle, ainsi qu\u2019une suite \u00e0 la ferme. Au centre du domaine se trouve notre grand atelier de 120 m\u00b2, bien \u00e9quip\u00e9 pour vos \u00e9v\u00e9nements.<\/p>\n\n\n\n<p>Une invit\u00e9e nous a dit un jour que Le Domaine Vert lui donnait l\u2019impression d\u2019\u00eatre un lieu sorti d\u2019un conte. Lorsque le silence s\u2019installe, que la lumi\u00e8re devient plus douce et que la nature prend le dessus, on pourrait presque croire que les f\u00e9es existent encore ici. Nous avons trouv\u00e9 cette remarque tr\u00e8s juste \u2014 car Le Domaine Vert est un endroit o\u00f9 la nature, l\u2019exp\u00e9rience int\u00e9rieure et l\u2019\u00eatre humain se rencontrent.<\/p>\n\n\n\n<p>Le b\u00e2timent sanitaire, bien entretenu et r\u00e9cemment r\u00e9nov\u00e9, est situ\u00e9 dans une ancienne grange. Vous pourrez y utiliser des douches chaudes et des toilettes spacieuses et propres. Nous disposons \u00e9galement de deux douches ext\u00e9rieures, \u00e0 c\u00f4t\u00e9 des \u00e9curies et pr\u00e8s du jardin bien-\u00eatre. Prendre une douche en \u00e9coutant les sons de la nature sous le ciel \u00e9toil\u00e9 est une exp\u00e9rience inoubliable..<\/p>\n\n\n\n<p>Promenez-vous dans nos magnifiques jardins, profitez des nombreux coins salon, allumez un feu dans le foyer ou rafra\u00eechissez-vous dans la piscine pendant les journ\u00e9es chaudes. \u00c0 proximit\u00e9 de la piscine, vous trouverez \u00e9galement un jacuzzi et un sauna chauff\u00e9s au bois.<\/p>\n\n\n\n<p>D\u2019avril \u00e0 octobre, Le Domaine Vert accueille des retraites, formations et ateliers organis\u00e9s par des intervenants ext\u00e9rieurs, et propose \u00e9galement ses propres retraites.<\/p>\n\n\n\n<p>Consultez la page \u00c9v\u00e9nements pour d\u00e9couvrir l\u2019offre actuelle, car elle est mise \u00e0 jour r\u00e9guli\u00e8rement. Vous souhaitez organiser votre propre retraite ou \u00e9v\u00e9nement au Domaine Vert ? C\u2019est bien s\u00fbr possible  ! N\u2019h\u00e9sitez pas \u00e0 nous contacter sans engagement pour examiner les possibilit\u00e9s ensemble. Nous nous r\u00e9jouissons de vous accueillir prochainement !<\/p>\n\n\n\n<p><\/p>\n<\/div>\n\n\n\n<div class=\"wp-block-column is-layout-flow wp-block-column-is-layout-flow\" style=\"flex-basis:33.33%\">\n<figure class=\"wp-block-image is-resized\"><img loading=\"lazy\" decoding=\"async\" width=\"1024\" height=\"1024\" src=\"https:\/\/ledomainevert.com\/wp-content\/uploads\/2025\/02\/IMG_3120-1024x1024.jpg\" alt=\"\" class=\"wp-image-3906\" style=\"width:320px;height:auto\" srcset=\"https:\/\/ledomainevert.com\/wp-content\/uploads\/2025\/02\/IMG_3120-1024x1024.jpg 1024w, https:\/\/ledomainevert.com\/wp-content\/uploads\/2025\/02\/IMG_3120-300x300.jpg 300w, https:\/\/ledomainevert.com\/wp-content\/uploads\/2025\/02\/IMG_3120-150x150.jpg 150w, https:\/\/ledomainevert.com\/wp-content\/uploads\/2025\/02\/IMG_3120-768x768.jpg 768w, https:\/\/ledomainevert.com\/wp-content\/uploads\/2025\/02\/IMG_3120-1536x1536.jpg 1536w, https:\/\/ledomainevert.com\/wp-content\/uploads\/2025\/02\/IMG_3120.jpg 1842w\" sizes=\"auto, (max-width: 1024px) 100vw, 1024px\" \/><\/figure>\n\n\n\n<figure class=\"wp-block-image size-large is-resized\"><img loading=\"lazy\" decoding=\"async\" width=\"1024\" height=\"768\" src=\"https:\/\/ledomainevert.com\/wp-content\/uploads\/2025\/02\/IMG_9442-1024x768.jpg\" alt=\"\" class=\"wp-image-3911\" style=\"width:320px;height:auto\" srcset=\"https:\/\/ledomainevert.com\/wp-content\/uploads\/2025\/02\/IMG_9442-1024x768.jpg 1024w, https:\/\/ledomainevert.com\/wp-content\/uploads\/2025\/02\/IMG_9442-300x225.jpg 300w, https:\/\/ledomainevert.com\/wp-content\/uploads\/2025\/02\/IMG_9442-768x576.jpg 768w, https:\/\/ledomainevert.com\/wp-content\/uploads\/2025\/02\/IMG_9442-1536x1152.jpg 1536w, https:\/\/ledomainevert.com\/wp-content\/uploads\/2025\/02\/IMG_9442-2048x1536.jpg 2048w\" sizes=\"auto, (max-width: 1024px) 100vw, 1024px\" \/><\/figure>\n\n\n\n<figure class=\"wp-block-image size-large is-resized\"><img loading=\"lazy\" decoding=\"async\" width=\"1024\" height=\"1024\" src=\"https:\/\/ledomainevert.com\/wp-content\/uploads\/2025\/02\/IMG_0901-1024x1024.jpg\" alt=\"\" class=\"wp-image-3915\" style=\"width:318px;height:auto\" srcset=\"https:\/\/ledomainevert.com\/wp-content\/uploads\/2025\/02\/IMG_0901-1024x1024.jpg 1024w, https:\/\/ledomainevert.com\/wp-content\/uploads\/2025\/02\/IMG_0901-300x300.jpg 300w, https:\/\/ledomainevert.com\/wp-content\/uploads\/2025\/02\/IMG_0901-150x150.jpg 150w, https:\/\/ledomainevert.com\/wp-content\/uploads\/2025\/02\/IMG_0901-768x768.jpg 768w, https:\/\/ledomainevert.com\/wp-content\/uploads\/2025\/02\/IMG_0901.jpg 1440w\" sizes=\"auto, (max-width: 1024px) 100vw, 1024px\" \/><\/figure>\n<\/div>\n<\/div>\n\n\n\n<p><strong>Quelques faits int\u00e9ressants \u00e0 propos du Domaine Vert<\/strong><\/p>\n\n\n\n<p>Le Domaine Vert est nich\u00e9 dans une impasse, ce qui garantit tranquillit\u00e9, intimit\u00e9 et libert\u00e9. Vous pouvez vous promener librement dans les jardins et profiter de la nature en toute s\u00e9r\u00e9nit\u00e9.<\/p>\n\n\n\n<p>Nos eaux us\u00e9es sont trait\u00e9es biologiquement dans une fosse septique et r\u00e9utilis\u00e9es sur le terrain, pour pr\u00e9server l\u2019environnement.<\/p>\n\n\n\n<p>Nous nous chauffons au bois provenant de notre propre terrain. Toute la r\u00e9gion est exempte de pesticides, pour un s\u00e9jour sain et naturel.<\/p>\n\n\n\n<p>Les animaux amicaux sont les bienvenus ! Sur le domaine, vous trouverez notre chien Buddy, nos deux chevaux et nos deux paons. Pour la s\u00e9curit\u00e9 de tous, merci de tenir votre chien en laisse.<\/p>\n\n\n\n<p>Pour toute information ou r\u00e9servation : \ud83d\udce7 walter@ledomainevert.com \/ annalinde@ledomainevert.com ou \ud83d\udcde +33 7 89 21 26 78.<\/p>\n\n\n\n<p>Adresse : Les Magnes, 3972 Route des Templiers, 19230 Troche, Corr\u00e8ze, France.<\/p>\n\n\n\n<p>Conseil pratique : recherchez \u00ab Le Domaine Vert \u2013 Troche \u00bb sur Google Maps pour nous trouver plus facilement.<\/p>\n\n\n\n<p>Le Domaine Vert est facilement accessible en voiture. Pour les voyageurs en avion, Toulouse est l\u2019a\u00e9roport recommand\u00e9. Vous pouvez \u00e9galement arriver en train \u00e0 Uzerche, Limoges ou Brive. Nous proposons un service de taxi payant. Prix sur demande. Des options de transport comme BlaBlaCar ou Flixbus sont \u00e9galement possibles.<\/p>\n\n\n\n<p><strong>Adresse :<\/strong><\/p>\n\n\n\n<p>Les Magnes, 3972 Route des Templiers, 19230 Troche, Corr\u00e8ze, France.<\/p>\n\n\n\n<p>CONSEIL : recherchez \u00ab Le Domaine Vert \u2013 Troche \u00bb sur Google Maps, vous nous trouverez plus facilement qu&rsquo;en saisissant l&rsquo;adresse.<\/p>\n\n\n\n<figure class=\"wp-block-embed is-type-video is-provider-youtube wp-block-embed-youtube wp-embed-aspect-16-9 wp-has-aspect-ratio\"><div class=\"wp-block-embed__wrapper\">\n<iframe loading=\"lazy\" title=\"Le domaine vert\" width=\"720\" height=\"405\" src=\"https:\/\/www.youtube.com\/embed\/G2QVuKUvawk?feature=oembed\" frameborder=\"0\" allow=\"accelerometer; autoplay; clipboard-write; encrypted-media; gyroscope; picture-in-picture; web-share\" referrerpolicy=\"strict-origin-when-cross-origin\" allowfullscreen><\/iframe>\n<\/div><\/figure>\n<\/div><\/div>\n\n<\/div><\/div>\n\n\n<div class=\"wp-block-cover is-light\"><img loading=\"lazy\" decoding=\"async\" width=\"2048\" height=\"439\" class=\"wp-block-cover__image-background wp-image-280\" alt=\"\" src=\"https:\/\/ledomainevert.com\/wp-content\/uploads\/2022\/03\/koren.jpg\" data-object-fit=\"cover\" srcset=\"https:\/\/ledomainevert.com\/wp-content\/uploads\/2022\/03\/koren.jpg 2048w, https:\/\/ledomainevert.com\/wp-content\/uploads\/2022\/03\/koren-300x64.jpg 300w, https:\/\/ledomainevert.com\/wp-content\/uploads\/2022\/03\/koren-1024x220.jpg 1024w, https:\/\/ledomainevert.com\/wp-content\/uploads\/2022\/03\/koren-768x165.jpg 768w, https:\/\/ledomainevert.com\/wp-content\/uploads\/2022\/03\/koren-1536x329.jpg 1536w\" sizes=\"auto, (max-width: 2048px) 100vw, 2048px\" \/><span aria-hidden=\"true\" class=\"wp-block-cover__background has-background-dim-0 has-background-dim\"><\/span><div class=\"wp-block-cover__inner-container is-layout-flow wp-block-cover-is-layout-flow\">\n<p class=\"has-text-align-center has-large-font-size\"><\/p>\n<\/div><\/div>\n","protected":false},"excerpt":{"rendered":"<p>Le Domaine Vert &#8211; Centre d&rsquo;accueil de stages et s\u00e9minaire Bienvenue au Domaine Vert ! Dans notre petit coin de paradis nich\u00e9 dans la campagne fran\u00e7aise, vous trouverez un lieu&#8230;<\/p>\n","protected":false},"author":1,"featured_media":0,"parent":0,"menu_order":0,"comment_status":"closed","ping_status":"closed","template":"","meta":{"inline_featured_image":false,"_kad_blocks_custom_css":"","_kad_blocks_head_custom_js":"","_kad_blocks_body_custom_js":"","_kad_blocks_footer_custom_js":"","_monsterinsights_skip_tracking":false,"_monsterinsights_sitenote_active":false,"_monsterinsights_sitenote_note":"","_monsterinsights_sitenote_category":0,"_price":"","_stock":"","_tribe_ticket_header":"","_tribe_default_ticket_provider":"","_tribe_ticket_capacity":"0","_ticket_start_date":"","_ticket_end_date":"","_tribe_ticket_show_description":"","_tribe_ticket_show_not_going":false,"_tribe_ticket_use_global_stock":"","_tribe_ticket_global_stock_level":"","_global_stock_mode":"","_global_stock_cap":"","_tribe_rsvp_for_event":"","_tribe_ticket_going_count":"","_tribe_ticket_not_going_count":"","_tribe_tickets_list":"[]","_tribe_ticket_has_attendee_info_fields":false,"_kadence_starter_templates_imported_post":false,"_kad_post_transparent":"","_kad_post_title":"","_kad_post_layout":"","_kad_post_sidebar_id":"","_kad_post_content_style":"","_kad_post_vertical_padding":"","_kad_post_feature":"","_kad_post_feature_position":"","_kad_post_header":false,"_kad_post_footer":false,"_kad_post_classname":"","footnotes":"","_tec_slr_enabled":"","_tec_slr_layout":""},"class_list":["post-1218","page","type-page","status-publish","hentry"],"yoast_head":"<!-- This site is optimized with the Yoast SEO plugin v27.4 - https:\/\/yoast.com\/product\/yoast-seo-wordpress\/ -->\n<title>Le Domaine Vert - Le Domaine Vert<\/title>\n<meta name=\"robots\" content=\"index, follow, max-snippet:-1, max-image-preview:large, max-video-preview:-1\" \/>\n<link rel=\"canonical\" href=\"https:\/\/ledomainevert.com\/fr\/ledomainevert\/\" \/>\n<meta property=\"og:locale\" content=\"fr_FR\" \/>\n<meta property=\"og:type\" content=\"article\" \/>\n<meta property=\"og:title\" content=\"Le Domaine Vert - Le Domaine Vert\" \/>\n<meta property=\"og:description\" content=\"Le Domaine Vert &#8211; Centre d&rsquo;accueil de stages et s\u00e9minaire Bienvenue au Domaine Vert ! Dans notre petit coin de paradis nich\u00e9 dans la campagne fran\u00e7aise, vous trouverez un lieu...\" \/>\n<meta property=\"og:url\" content=\"https:\/\/ledomainevert.com\/fr\/ledomainevert\/\" \/>\n<meta property=\"og:site_name\" content=\"Le Domaine Vert\" \/>\n<meta property=\"article:publisher\" content=\"https:\/\/www.facebook.com\/ledomainevert\" \/>\n<meta property=\"article:modified_time\" content=\"2026-01-09T06:35:46+00:00\" \/>\n<meta property=\"og:image\" content=\"https:\/\/ledomainevert.com\/wp-content\/uploads\/2022\/03\/ledomaine-header-1.jpg\" \/>\n\t<meta property=\"og:image:width\" content=\"2560\" \/>\n\t<meta property=\"og:image:height\" content=\"756\" \/>\n\t<meta property=\"og:image:type\" content=\"image\/jpeg\" \/>\n<meta name=\"twitter:card\" content=\"summary_large_image\" \/>\n<meta name=\"twitter:label1\" content=\"Dur\u00e9e de lecture estim\u00e9e\" \/>\n\t<meta name=\"twitter:data1\" content=\"4 minutes\" \/>\n<script type=\"application\/ld+json\" class=\"yoast-schema-graph\">{\"@context\":\"https:\\\/\\\/schema.org\",\"@graph\":[{\"@type\":\"WebPage\",\"@id\":\"https:\\\/\\\/ledomainevert.com\\\/fr\\\/ledomainevert\\\/\",\"url\":\"https:\\\/\\\/ledomainevert.com\\\/fr\\\/ledomainevert\\\/\",\"name\":\"Le Domaine Vert - Le Domaine Vert\",\"isPartOf\":{\"@id\":\"https:\\\/\\\/ledomainevert.com\\\/en\\\/#website\"},\"primaryImageOfPage\":{\"@id\":\"https:\\\/\\\/ledomainevert.com\\\/fr\\\/ledomainevert\\\/#primaryimage\"},\"image\":{\"@id\":\"https:\\\/\\\/ledomainevert.com\\\/fr\\\/ledomainevert\\\/#primaryimage\"},\"thumbnailUrl\":\"https:\\\/\\\/ledomainevert.com\\\/wp-content\\\/uploads\\\/2022\\\/03\\\/ledomaine-header-1.jpg\",\"datePublished\":\"2022-03-08T13:01:57+00:00\",\"dateModified\":\"2026-01-09T06:35:46+00:00\",\"breadcrumb\":{\"@id\":\"https:\\\/\\\/ledomainevert.com\\\/fr\\\/ledomainevert\\\/#breadcrumb\"},\"inLanguage\":\"fr-FR\",\"potentialAction\":[{\"@type\":\"ReadAction\",\"target\":[\"https:\\\/\\\/ledomainevert.com\\\/fr\\\/ledomainevert\\\/\"]}]},{\"@type\":\"ImageObject\",\"inLanguage\":\"fr-FR\",\"@id\":\"https:\\\/\\\/ledomainevert.com\\\/fr\\\/ledomainevert\\\/#primaryimage\",\"url\":\"https:\\\/\\\/ledomainevert.com\\\/wp-content\\\/uploads\\\/2022\\\/03\\\/ledomaine-header-1.jpg\",\"contentUrl\":\"https:\\\/\\\/ledomainevert.com\\\/wp-content\\\/uploads\\\/2022\\\/03\\\/ledomaine-header-1.jpg\"},{\"@type\":\"BreadcrumbList\",\"@id\":\"https:\\\/\\\/ledomainevert.com\\\/fr\\\/ledomainevert\\\/#breadcrumb\",\"itemListElement\":[{\"@type\":\"ListItem\",\"position\":1,\"name\":\"Home\",\"item\":\"https:\\\/\\\/ledomainevert.com\\\/fr\\\/\"},{\"@type\":\"ListItem\",\"position\":2,\"name\":\"Le Domaine Vert\"}]},{\"@type\":\"WebSite\",\"@id\":\"https:\\\/\\\/ledomainevert.com\\\/en\\\/#website\",\"url\":\"https:\\\/\\\/ledomainevert.com\\\/en\\\/\",\"name\":\"Le Domaine Vert\",\"description\":\"het groene domein\",\"publisher\":{\"@id\":\"https:\\\/\\\/ledomainevert.com\\\/en\\\/#organization\"},\"potentialAction\":[{\"@type\":\"SearchAction\",\"target\":{\"@type\":\"EntryPoint\",\"urlTemplate\":\"https:\\\/\\\/ledomainevert.com\\\/en\\\/?s={search_term_string}\"},\"query-input\":{\"@type\":\"PropertyValueSpecification\",\"valueRequired\":true,\"valueName\":\"search_term_string\"}}],\"inLanguage\":\"fr-FR\"},{\"@type\":\"Organization\",\"@id\":\"https:\\\/\\\/ledomainevert.com\\\/en\\\/#organization\",\"name\":\"Le Domaine Vert\",\"url\":\"https:\\\/\\\/ledomainevert.com\\\/en\\\/\",\"logo\":{\"@type\":\"ImageObject\",\"inLanguage\":\"fr-FR\",\"@id\":\"https:\\\/\\\/ledomainevert.com\\\/en\\\/#\\\/schema\\\/logo\\\/image\\\/\",\"url\":\"https:\\\/\\\/ledomainevert.com\\\/wp-content\\\/uploads\\\/2022\\\/03\\\/logo-le-domaine-vert-2.svg\",\"contentUrl\":\"https:\\\/\\\/ledomainevert.com\\\/wp-content\\\/uploads\\\/2022\\\/03\\\/logo-le-domaine-vert-2.svg\",\"caption\":\"Le Domaine Vert\"},\"image\":{\"@id\":\"https:\\\/\\\/ledomainevert.com\\\/en\\\/#\\\/schema\\\/logo\\\/image\\\/\"},\"sameAs\":[\"https:\\\/\\\/www.facebook.com\\\/ledomainevert\",\"https:\\\/\\\/www.instagram.com\\\/ledomainevert\"]}]}<\/script>\n<!-- \/ Yoast SEO plugin. -->","yoast_head_json":{"title":"Le Domaine Vert - Le Domaine Vert","robots":{"index":"index","follow":"follow","max-snippet":"max-snippet:-1","max-image-preview":"max-image-preview:large","max-video-preview":"max-video-preview:-1"},"canonical":"https:\/\/ledomainevert.com\/fr\/ledomainevert\/","og_locale":"fr_FR","og_type":"article","og_title":"Le Domaine Vert - Le Domaine Vert","og_description":"Le Domaine Vert &#8211; Centre d&rsquo;accueil de stages et s\u00e9minaire Bienvenue au Domaine Vert ! Dans notre petit coin de paradis nich\u00e9 dans la campagne fran\u00e7aise, vous trouverez un lieu...","og_url":"https:\/\/ledomainevert.com\/fr\/ledomainevert\/","og_site_name":"Le Domaine Vert","article_publisher":"https:\/\/www.facebook.com\/ledomainevert","article_modified_time":"2026-01-09T06:35:46+00:00","og_image":[{"width":2560,"height":756,"url":"https:\/\/ledomainevert.com\/wp-content\/uploads\/2022\/03\/ledomaine-header-1.jpg","type":"image\/jpeg"}],"twitter_card":"summary_large_image","twitter_misc":{"Dur\u00e9e de lecture estim\u00e9e":"4 minutes"},"schema":{"@context":"https:\/\/schema.org","@graph":[{"@type":"WebPage","@id":"https:\/\/ledomainevert.com\/fr\/ledomainevert\/","url":"https:\/\/ledomainevert.com\/fr\/ledomainevert\/","name":"Le Domaine Vert - Le Domaine Vert","isPartOf":{"@id":"https:\/\/ledomainevert.com\/en\/#website"},"primaryImageOfPage":{"@id":"https:\/\/ledomainevert.com\/fr\/ledomainevert\/#primaryimage"},"image":{"@id":"https:\/\/ledomainevert.com\/fr\/ledomainevert\/#primaryimage"},"thumbnailUrl":"https:\/\/ledomainevert.com\/wp-content\/uploads\/2022\/03\/ledomaine-header-1.jpg","datePublished":"2022-03-08T13:01:57+00:00","dateModified":"2026-01-09T06:35:46+00:00","breadcrumb":{"@id":"https:\/\/ledomainevert.com\/fr\/ledomainevert\/#breadcrumb"},"inLanguage":"fr-FR","potentialAction":[{"@type":"ReadAction","target":["https:\/\/ledomainevert.com\/fr\/ledomainevert\/"]}]},{"@type":"ImageObject","inLanguage":"fr-FR","@id":"https:\/\/ledomainevert.com\/fr\/ledomainevert\/#primaryimage","url":"https:\/\/ledomainevert.com\/wp-content\/uploads\/2022\/03\/ledomaine-header-1.jpg","contentUrl":"https:\/\/ledomainevert.com\/wp-content\/uploads\/2022\/03\/ledomaine-header-1.jpg"},{"@type":"BreadcrumbList","@id":"https:\/\/ledomainevert.com\/fr\/ledomainevert\/#breadcrumb","itemListElement":[{"@type":"ListItem","position":1,"name":"Home","item":"https:\/\/ledomainevert.com\/fr\/"},{"@type":"ListItem","position":2,"name":"Le Domaine Vert"}]},{"@type":"WebSite","@id":"https:\/\/ledomainevert.com\/en\/#website","url":"https:\/\/ledomainevert.com\/en\/","name":"Le Domaine Vert","description":"het groene domein","publisher":{"@id":"https:\/\/ledomainevert.com\/en\/#organization"},"potentialAction":[{"@type":"SearchAction","target":{"@type":"EntryPoint","urlTemplate":"https:\/\/ledomainevert.com\/en\/?s={search_term_string}"},"query-input":{"@type":"PropertyValueSpecification","valueRequired":true,"valueName":"search_term_string"}}],"inLanguage":"fr-FR"},{"@type":"Organization","@id":"https:\/\/ledomainevert.com\/en\/#organization","name":"Le Domaine Vert","url":"https:\/\/ledomainevert.com\/en\/","logo":{"@type":"ImageObject","inLanguage":"fr-FR","@id":"https:\/\/ledomainevert.com\/en\/#\/schema\/logo\/image\/","url":"https:\/\/ledomainevert.com\/wp-content\/uploads\/2022\/03\/logo-le-domaine-vert-2.svg","contentUrl":"https:\/\/ledomainevert.com\/wp-content\/uploads\/2022\/03\/logo-le-domaine-vert-2.svg","caption":"Le Domaine Vert"},"image":{"@id":"https:\/\/ledomainevert.com\/en\/#\/schema\/logo\/image\/"},"sameAs":["https:\/\/www.facebook.com\/ledomainevert","https:\/\/www.instagram.com\/ledomainevert"]}]}},"taxonomy_info":[],"featured_image_src_large":false,"author_info":{"display_name":"admin","author_link":"https:\/\/ledomainevert.com\/fr\/author\/admin_ah0q7gvg\/"},"comment_info":0,"ticketed":false,"_links":{"self":[{"href":"https:\/\/ledomainevert.com\/fr\/wp-json\/wp\/v2\/pages\/1218","targetHints":{"allow":["GET"]}}],"collection":[{"href":"https:\/\/ledomainevert.com\/fr\/wp-json\/wp\/v2\/pages"}],"about":[{"href":"https:\/\/ledomainevert.com\/fr\/wp-json\/wp\/v2\/types\/page"}],"author":[{"embeddable":true,"href":"https:\/\/ledomainevert.com\/fr\/wp-json\/wp\/v2\/users\/1"}],"replies":[{"embeddable":true,"href":"https:\/\/ledomainevert.com\/fr\/wp-json\/wp\/v2\/comments?post=1218"}],"version-history":[{"count":15,"href":"https:\/\/ledomainevert.com\/fr\/wp-json\/wp\/v2\/pages\/1218\/revisions"}],"predecessor-version":[{"id":4864,"href":"https:\/\/ledomainevert.com\/fr\/wp-json\/wp\/v2\/pages\/1218\/revisions\/4864"}],"wp:attachment":[{"href":"https:\/\/ledomainevert.com\/fr\/wp-json\/wp\/v2\/media?parent=1218"}],"curies":[{"name":"wp","href":"https:\/\/api.w.org\/{rel}","templated":true}]}}