{"id":1232,"date":"2022-03-02T12:44:03","date_gmt":"2022-03-02T11:44:03","guid":{"rendered":"https:\/\/ledomainevert.com\/privacy-en-cookieverklaring\/"},"modified":"2022-03-30T10:44:33","modified_gmt":"2022-03-30T08:44:33","slug":"privacy-en-cookieverklaring","status":"publish","type":"page","link":"https:\/\/ledomainevert.com\/fr\/privacy-en-cookieverklaring\/","title":{"rendered":"D\u00e9claration de confidentialit\u00e9 et de cookies"},"content":{"rendered":"\n<div class=\"wp-block-cover is-light\"><span aria-hidden=\"true\" class=\"has-background-dim-0 wp-block-cover__gradient-background has-background-dim\"><\/span><img loading=\"lazy\" decoding=\"async\" width=\"2048\" height=\"439\" class=\"wp-block-cover__image-background wp-image-398\" alt=\"\" src=\"https:\/\/ledomainevert.com\/wp-content\/uploads\/2022\/03\/koren-1.jpg\" data-object-fit=\"cover\" srcset=\"https:\/\/ledomainevert.com\/wp-content\/uploads\/2022\/03\/koren-1.jpg 2048w, https:\/\/ledomainevert.com\/wp-content\/uploads\/2022\/03\/koren-1-300x64.jpg 300w, https:\/\/ledomainevert.com\/wp-content\/uploads\/2022\/03\/koren-1-1024x220.jpg 1024w, https:\/\/ledomainevert.com\/wp-content\/uploads\/2022\/03\/koren-1-768x165.jpg 768w, https:\/\/ledomainevert.com\/wp-content\/uploads\/2022\/03\/koren-1-1536x329.jpg 1536w\" sizes=\"auto, (max-width: 2048px) 100vw, 2048px\" \/><div class=\"wp-block-cover__inner-container is-layout-flow wp-block-cover-is-layout-flow\">\n<p class=\"has-text-align-center has-large-font-size\"><\/p>\n<\/div><\/div>\n\n\n<style>#kt-layout-id_34dfad-4d > .kt-row-column-wrap{align-content:start;}:where(#kt-layout-id_34dfad-4d > .kt-row-column-wrap) > .wp-block-kadence-column{justify-content:start;}#kt-layout-id_34dfad-4d > .kt-row-column-wrap{column-gap:var(--global-kb-gap-md, 2rem);row-gap:var(--global-kb-gap-md, 2rem);max-width:var( --global-content-width, 1290px );padding-left:var(--global-content-edge-padding);padding-right:var(--global-content-edge-padding);padding-top:var( --global-kb-row-default-top, 25px );padding-bottom:var( --global-kb-row-default-bottom, 25px );padding-top:50px;padding-bottom:50px;grid-template-columns:minmax(0, 1fr);}#kt-layout-id_34dfad-4d > .kt-row-layout-overlay{opacity:0.30;}#kt-layout-id_34dfad-4d .kt-row-layout-bottom-sep{height:100px;}#kt-layout-id_34dfad-4d .kt-row-layout-bottom-sep svg{width:100%;}#kt-layout-id_34dfad-4d .kt-row-layout-bottom-sep svg{fill:#ffffff!important;}@media all and (max-width: 1024px){#kt-layout-id_34dfad-4d > .kt-row-column-wrap{grid-template-columns:minmax(0, 1fr);}}@media all and (max-width: 1024px){#kt-layout-id_34dfad-4d .kt-row-layout-bottom-sep{height:px;}}@media all and (max-width: 1024px){#kt-layout-id_34dfad-4d .kt-row-layout-bottom-sep svg{width:%;}}@media all and (max-width: 767px){#kt-layout-id_34dfad-4d > .kt-row-column-wrap{grid-template-columns:minmax(0, 1fr);}#kt-layout-id_34dfad-4d .kt-row-layout-bottom-sep{height:px;}#kt-layout-id_34dfad-4d .kt-row-layout-bottom-sep svg{width:%;}}<\/style>\n<div class=\"wp-block-kadence-rowlayout alignnone\"><div id=\"kt-layout-id_34dfad-4d\" class=\"kt-row-layout-inner kt-layout-id_34dfad-4d\"><div class=\"kt-row-column-wrap kt-has-1-columns kt-gutter-default kt-v-gutter-default kt-row-valign-top kt-row-layout-equal kt-tab-layout-inherit kt-m-colapse-left-to-right kt-mobile-layout-row kt-inner-column-height-full kb-theme-content-width\"><style>.kadence-column_f41185-8a > .kt-inside-inner-col{padding-top:20px;padding-bottom:20px;padding-left:20px;padding-right:20px;}.kadence-column_f41185-8a > .kt-inside-inner-col{border-top-width:0px;border-right-width:0px;border-bottom-width:0px;border-left-width:0px;}.kadence-column_f41185-8a > .kt-inside-inner-col,.kadence-column_f41185-8a > .kt-inside-inner-col:before{border-top-left-radius:20px;border-top-right-radius:20px;border-bottom-right-radius:20px;border-bottom-left-radius:20px;}.kadence-column_f41185-8a > .kt-inside-inner-col{column-gap:var(--global-kb-gap-sm, 1rem);}.kadence-column_f41185-8a > .kt-inside-inner-col{flex-direction:column;}.kadence-column_f41185-8a > .kt-inside-inner-col > .aligncenter{width:100%;}.kadence-column_f41185-8a > .kt-inside-inner-col{background-color:var(--global-palette7, #EDF2F7);}.kadence-column_f41185-8a > .kt-inside-inner-col:before{opacity:0.3;}.kadence-column_f41185-8a{position:relative;}@media all and (max-width: 1024px){.kadence-column_f41185-8a > .kt-inside-inner-col{flex-direction:column;justify-content:center;}}@media all and (max-width: 767px){.kadence-column_f41185-8a > .kt-inside-inner-col{flex-direction:column;justify-content:center;}}<\/style>\n<div class=\"wp-block-kadence-column inner-column-1 kadence-column_f41185-8a\"><div class=\"kt-inside-inner-col\"><style>.wp-block-kadence-advancedheading.kt-adv-heading_808b52-04, .wp-block-kadence-advancedheading.kt-adv-heading_808b52-04[data-kb-block=\"kb-adv-heading_808b52-04\"]{font-style:normal;}.wp-block-kadence-advancedheading.kt-adv-heading_808b52-04 mark.kt-highlight, .wp-block-kadence-advancedheading.kt-adv-heading_808b52-04[data-kb-block=\"kb-adv-heading_808b52-04\"] mark.kt-highlight{font-style:normal;color:#f76a0c;-webkit-box-decoration-break:clone;box-decoration-break:clone;padding-top:0px;padding-right:0px;padding-bottom:0px;padding-left:0px;}.wp-block-kadence-advancedheading.kt-adv-heading_808b52-04 img.kb-inline-image, .wp-block-kadence-advancedheading.kt-adv-heading_808b52-04[data-kb-block=\"kb-adv-heading_808b52-04\"] img.kb-inline-image{width:150px;vertical-align:baseline;}<\/style>\n<h2 class=\"kt-adv-heading_808b52-04 wp-block-kadence-advancedheading\" data-kb-block=\"kb-adv-heading_808b52-04\">D\u00e9claration de confidentialit\u00e9 et de cookies<\/h2>\n\n\n\n<p>Sur le site web du Domaine Vert, nous collectons et traitons diverses donn\u00e9es personnelles vous concernant, vous, le visiteur. Dans cette d\u00e9claration de confidentialit\u00e9 et de cookies, nous expliquons quelles donn\u00e9es nous collectons et ce que nous en faisons.<\/p>\n\n\n\n<p>Nous ferons tout notre possible pour que vos donn\u00e9es personnelles soient trait\u00e9es de mani\u00e8re \u00e0 ce que votre vie priv\u00e9e soit prot\u00e9g\u00e9e et sauvegard\u00e9e autant que possible. Le Domaine Vert ne conserve que les donn\u00e9es personnelles dont nous avons besoin pour pouvoir vous servir.<br><br><strong>Utilisation des cookies<\/strong><br>Le Domaine Vert utilise des cookies anonymes de Google Analytics. Nous utilisons les donn\u00e9es anonymes uniquement pour am\u00e9liorer notre site web.&nbsp;Le Domaine Vert ne collecte pas de donn\u00e9es personnelles uniques (par exemple, votre nom ou votre adresse \u00e9lectronique), sauf si vous choisissez de le faire. Un cookie est un fichier texte stock\u00e9 sur le disque dur de votre ordinateur par votre navigateur. Nos cookies ne contiennent pas d&rsquo;informations permettant d&rsquo;identifier les personnes.&nbsp;Une autre fonctionnalit\u00e9 qui utilise des cookies sur notre site web est la carte Google Maps pour les directions vers notre bureau.&nbsp;<\/p>\n\n\n\n<p><strong>Formulaire de contact et e-mail<br><\/strong>Si vous remplissez notre formulaire de contact sur le site web, ou si vous nous envoyez un e-mail, les donn\u00e9es que vous nous envoyez seront conserv\u00e9es aussi longtemps que n\u00e9cessaire jusqu&rsquo;\u00e0 ce que nous y r\u00e9pondions ou que nous les traitions. Ces donn\u00e9es ne seront pas transmises \u00e0 des tiers.<\/p>\n\n\n\n<p><strong>Pourquoi nous avons besoin de donn\u00e9es<\/strong><br>Le Domaine Vert analyse votre comportement sur le site web afin d&rsquo;am\u00e9liorer notre site web et d&rsquo;adapter notre offre de produits et services \u00e0 vos pr\u00e9f\u00e9rences.<\/p>\n\n\n\n<p><strong>Partager avec d&rsquo;autres<\/strong><br>Le Domaine Vert ne fournira des informations \u00e0 des tiers que si cela est n\u00e9cessaire \u00e0 l&rsquo;ex\u00e9cution de notre contrat avec vous ou pour se conformer \u00e0 une obligation l\u00e9gale.<br><br><strong>Conservation des donn\u00e9es<\/strong><br>Toutes les donn\u00e9es et informations ne seront pas conserv\u00e9es plus longtemps que n\u00e9cessaire.<br><br><strong>Questions et r\u00e9actions<\/strong><br>Si vous avez des questions concernant le contenu du site web, veuillez nous contacter &#8211;&nbsp;<a href=\"mailto:info@hpu.nl\">info@ledomainevert.com<\/a><\/p>\n\n\n\n<p><em>Derni\u00e8re mise \u00e0 jour: 14-03-2022<\/em><\/p>\n<\/div><\/div>\n<\/div><\/div><\/div>\n","protected":false},"excerpt":{"rendered":"<p>D\u00e9claration de confidentialit\u00e9 et de cookies Sur le site web du Domaine Vert, nous collectons et traitons diverses donn\u00e9es personnelles vous concernant, vous, le visiteur. Dans cette d\u00e9claration de confidentialit\u00e9&#8230;<\/p>\n","protected":false},"author":1,"featured_media":0,"parent":0,"menu_order":0,"comment_status":"closed","ping_status":"closed","template":"","meta":{"inline_featured_image":false,"_kad_blocks_custom_css":"","_kad_blocks_head_custom_js":"","_kad_blocks_body_custom_js":"","_kad_blocks_footer_custom_js":"","_monsterinsights_skip_tracking":false,"_monsterinsights_sitenote_active":false,"_monsterinsights_sitenote_note":"","_monsterinsights_sitenote_category":0,"_price":"","_stock":"","_tribe_ticket_header":"","_tribe_default_ticket_provider":"","_tribe_ticket_capacity":"0","_ticket_start_date":"","_ticket_end_date":"","_tribe_ticket_show_description":"","_tribe_ticket_show_not_going":false,"_tribe_ticket_use_global_stock":"","_tribe_ticket_global_stock_level":"","_global_stock_mode":"","_global_stock_cap":"","_tribe_rsvp_for_event":"","_tribe_ticket_going_count":"","_tribe_ticket_not_going_count":"","_tribe_tickets_list":"[]","_tribe_ticket_has_attendee_info_fields":false,"_kadence_starter_templates_imported_post":false,"_kad_post_transparent":"","_kad_post_title":"","_kad_post_layout":"","_kad_post_sidebar_id":"","_kad_post_content_style":"","_kad_post_vertical_padding":"","_kad_post_feature":"","_kad_post_feature_position":"","_kad_post_header":false,"_kad_post_footer":false,"_kad_post_classname":"","footnotes":"","_tec_slr_enabled":"","_tec_slr_layout":""},"class_list":["post-1232","page","type-page","status-publish","hentry"],"yoast_head":"<!-- This site is optimized with the Yoast SEO plugin v27.4 - https:\/\/yoast.com\/product\/yoast-seo-wordpress\/ -->\n<title>D\u00e9claration de confidentialit\u00e9 et de cookies - Le Domaine Vert<\/title>\n<meta name=\"robots\" content=\"index, follow, max-snippet:-1, max-image-preview:large, max-video-preview:-1\" \/>\n<link rel=\"canonical\" href=\"https:\/\/ledomainevert.com\/fr\/privacy-en-cookieverklaring\/\" \/>\n<meta property=\"og:locale\" content=\"fr_FR\" \/>\n<meta property=\"og:type\" content=\"article\" \/>\n<meta property=\"og:title\" content=\"D\u00e9claration de confidentialit\u00e9 et de cookies - Le Domaine Vert\" \/>\n<meta property=\"og:description\" content=\"D\u00e9claration de confidentialit\u00e9 et de cookies Sur le site web du Domaine Vert, nous collectons et traitons diverses donn\u00e9es personnelles vous concernant, vous, le visiteur. Dans cette d\u00e9claration de confidentialit\u00e9...\" \/>\n<meta property=\"og:url\" content=\"https:\/\/ledomainevert.com\/fr\/privacy-en-cookieverklaring\/\" \/>\n<meta property=\"og:site_name\" content=\"Le Domaine Vert\" \/>\n<meta property=\"article:publisher\" content=\"https:\/\/www.facebook.com\/ledomainevert\" \/>\n<meta property=\"article:modified_time\" content=\"2022-03-30T08:44:33+00:00\" \/>\n<meta property=\"og:image\" content=\"https:\/\/ledomainevert.com\/wp-content\/uploads\/2022\/03\/koren-1.jpg\" \/>\n\t<meta property=\"og:image:width\" content=\"2048\" \/>\n\t<meta property=\"og:image:height\" content=\"439\" \/>\n\t<meta property=\"og:image:type\" content=\"image\/jpeg\" \/>\n<meta name=\"twitter:card\" content=\"summary_large_image\" \/>\n<meta name=\"twitter:label1\" content=\"Dur\u00e9e de lecture estim\u00e9e\" \/>\n\t<meta name=\"twitter:data1\" content=\"2 minutes\" \/>\n<script type=\"application\/ld+json\" class=\"yoast-schema-graph\">{\"@context\":\"https:\\\/\\\/schema.org\",\"@graph\":[{\"@type\":\"WebPage\",\"@id\":\"https:\\\/\\\/ledomainevert.com\\\/fr\\\/privacy-en-cookieverklaring\\\/\",\"url\":\"https:\\\/\\\/ledomainevert.com\\\/fr\\\/privacy-en-cookieverklaring\\\/\",\"name\":\"D\u00e9claration de confidentialit\u00e9 et de cookies - Le Domaine Vert\",\"isPartOf\":{\"@id\":\"https:\\\/\\\/ledomainevert.com\\\/en\\\/#website\"},\"primaryImageOfPage\":{\"@id\":\"https:\\\/\\\/ledomainevert.com\\\/fr\\\/privacy-en-cookieverklaring\\\/#primaryimage\"},\"image\":{\"@id\":\"https:\\\/\\\/ledomainevert.com\\\/fr\\\/privacy-en-cookieverklaring\\\/#primaryimage\"},\"thumbnailUrl\":\"https:\\\/\\\/ledomainevert.com\\\/wp-content\\\/uploads\\\/2022\\\/03\\\/koren-1.jpg\",\"datePublished\":\"2022-03-02T11:44:03+00:00\",\"dateModified\":\"2022-03-30T08:44:33+00:00\",\"breadcrumb\":{\"@id\":\"https:\\\/\\\/ledomainevert.com\\\/fr\\\/privacy-en-cookieverklaring\\\/#breadcrumb\"},\"inLanguage\":\"fr-FR\",\"potentialAction\":[{\"@type\":\"ReadAction\",\"target\":[\"https:\\\/\\\/ledomainevert.com\\\/fr\\\/privacy-en-cookieverklaring\\\/\"]}]},{\"@type\":\"ImageObject\",\"inLanguage\":\"fr-FR\",\"@id\":\"https:\\\/\\\/ledomainevert.com\\\/fr\\\/privacy-en-cookieverklaring\\\/#primaryimage\",\"url\":\"https:\\\/\\\/ledomainevert.com\\\/wp-content\\\/uploads\\\/2022\\\/03\\\/koren-1.jpg\",\"contentUrl\":\"https:\\\/\\\/ledomainevert.com\\\/wp-content\\\/uploads\\\/2022\\\/03\\\/koren-1.jpg\"},{\"@type\":\"BreadcrumbList\",\"@id\":\"https:\\\/\\\/ledomainevert.com\\\/fr\\\/privacy-en-cookieverklaring\\\/#breadcrumb\",\"itemListElement\":[{\"@type\":\"ListItem\",\"position\":1,\"name\":\"Home\",\"item\":\"https:\\\/\\\/ledomainevert.com\\\/fr\\\/\"},{\"@type\":\"ListItem\",\"position\":2,\"name\":\"D\u00e9claration de confidentialit\u00e9 et de cookies\"}]},{\"@type\":\"WebSite\",\"@id\":\"https:\\\/\\\/ledomainevert.com\\\/en\\\/#website\",\"url\":\"https:\\\/\\\/ledomainevert.com\\\/en\\\/\",\"name\":\"Le Domaine Vert\",\"description\":\"het groene domein\",\"publisher\":{\"@id\":\"https:\\\/\\\/ledomainevert.com\\\/en\\\/#organization\"},\"potentialAction\":[{\"@type\":\"SearchAction\",\"target\":{\"@type\":\"EntryPoint\",\"urlTemplate\":\"https:\\\/\\\/ledomainevert.com\\\/en\\\/?s={search_term_string}\"},\"query-input\":{\"@type\":\"PropertyValueSpecification\",\"valueRequired\":true,\"valueName\":\"search_term_string\"}}],\"inLanguage\":\"fr-FR\"},{\"@type\":\"Organization\",\"@id\":\"https:\\\/\\\/ledomainevert.com\\\/en\\\/#organization\",\"name\":\"Le Domaine Vert\",\"url\":\"https:\\\/\\\/ledomainevert.com\\\/en\\\/\",\"logo\":{\"@type\":\"ImageObject\",\"inLanguage\":\"fr-FR\",\"@id\":\"https:\\\/\\\/ledomainevert.com\\\/en\\\/#\\\/schema\\\/logo\\\/image\\\/\",\"url\":\"https:\\\/\\\/ledomainevert.com\\\/wp-content\\\/uploads\\\/2022\\\/03\\\/logo-le-domaine-vert-2.svg\",\"contentUrl\":\"https:\\\/\\\/ledomainevert.com\\\/wp-content\\\/uploads\\\/2022\\\/03\\\/logo-le-domaine-vert-2.svg\",\"caption\":\"Le Domaine Vert\"},\"image\":{\"@id\":\"https:\\\/\\\/ledomainevert.com\\\/en\\\/#\\\/schema\\\/logo\\\/image\\\/\"},\"sameAs\":[\"https:\\\/\\\/www.facebook.com\\\/ledomainevert\",\"https:\\\/\\\/www.instagram.com\\\/ledomainevert\"]}]}<\/script>\n<!-- \/ Yoast SEO plugin. -->","yoast_head_json":{"title":"D\u00e9claration de confidentialit\u00e9 et de cookies - Le Domaine Vert","robots":{"index":"index","follow":"follow","max-snippet":"max-snippet:-1","max-image-preview":"max-image-preview:large","max-video-preview":"max-video-preview:-1"},"canonical":"https:\/\/ledomainevert.com\/fr\/privacy-en-cookieverklaring\/","og_locale":"fr_FR","og_type":"article","og_title":"D\u00e9claration de confidentialit\u00e9 et de cookies - Le Domaine Vert","og_description":"D\u00e9claration de confidentialit\u00e9 et de cookies Sur le site web du Domaine Vert, nous collectons et traitons diverses donn\u00e9es personnelles vous concernant, vous, le visiteur. Dans cette d\u00e9claration de confidentialit\u00e9...","og_url":"https:\/\/ledomainevert.com\/fr\/privacy-en-cookieverklaring\/","og_site_name":"Le Domaine Vert","article_publisher":"https:\/\/www.facebook.com\/ledomainevert","article_modified_time":"2022-03-30T08:44:33+00:00","og_image":[{"width":2048,"height":439,"url":"https:\/\/ledomainevert.com\/wp-content\/uploads\/2022\/03\/koren-1.jpg","type":"image\/jpeg"}],"twitter_card":"summary_large_image","twitter_misc":{"Dur\u00e9e de lecture estim\u00e9e":"2 minutes"},"schema":{"@context":"https:\/\/schema.org","@graph":[{"@type":"WebPage","@id":"https:\/\/ledomainevert.com\/fr\/privacy-en-cookieverklaring\/","url":"https:\/\/ledomainevert.com\/fr\/privacy-en-cookieverklaring\/","name":"D\u00e9claration de confidentialit\u00e9 et de cookies - Le Domaine Vert","isPartOf":{"@id":"https:\/\/ledomainevert.com\/en\/#website"},"primaryImageOfPage":{"@id":"https:\/\/ledomainevert.com\/fr\/privacy-en-cookieverklaring\/#primaryimage"},"image":{"@id":"https:\/\/ledomainevert.com\/fr\/privacy-en-cookieverklaring\/#primaryimage"},"thumbnailUrl":"https:\/\/ledomainevert.com\/wp-content\/uploads\/2022\/03\/koren-1.jpg","datePublished":"2022-03-02T11:44:03+00:00","dateModified":"2022-03-30T08:44:33+00:00","breadcrumb":{"@id":"https:\/\/ledomainevert.com\/fr\/privacy-en-cookieverklaring\/#breadcrumb"},"inLanguage":"fr-FR","potentialAction":[{"@type":"ReadAction","target":["https:\/\/ledomainevert.com\/fr\/privacy-en-cookieverklaring\/"]}]},{"@type":"ImageObject","inLanguage":"fr-FR","@id":"https:\/\/ledomainevert.com\/fr\/privacy-en-cookieverklaring\/#primaryimage","url":"https:\/\/ledomainevert.com\/wp-content\/uploads\/2022\/03\/koren-1.jpg","contentUrl":"https:\/\/ledomainevert.com\/wp-content\/uploads\/2022\/03\/koren-1.jpg"},{"@type":"BreadcrumbList","@id":"https:\/\/ledomainevert.com\/fr\/privacy-en-cookieverklaring\/#breadcrumb","itemListElement":[{"@type":"ListItem","position":1,"name":"Home","item":"https:\/\/ledomainevert.com\/fr\/"},{"@type":"ListItem","position":2,"name":"D\u00e9claration de confidentialit\u00e9 et de cookies"}]},{"@type":"WebSite","@id":"https:\/\/ledomainevert.com\/en\/#website","url":"https:\/\/ledomainevert.com\/en\/","name":"Le Domaine Vert","description":"het groene domein","publisher":{"@id":"https:\/\/ledomainevert.com\/en\/#organization"},"potentialAction":[{"@type":"SearchAction","target":{"@type":"EntryPoint","urlTemplate":"https:\/\/ledomainevert.com\/en\/?s={search_term_string}"},"query-input":{"@type":"PropertyValueSpecification","valueRequired":true,"valueName":"search_term_string"}}],"inLanguage":"fr-FR"},{"@type":"Organization","@id":"https:\/\/ledomainevert.com\/en\/#organization","name":"Le Domaine Vert","url":"https:\/\/ledomainevert.com\/en\/","logo":{"@type":"ImageObject","inLanguage":"fr-FR","@id":"https:\/\/ledomainevert.com\/en\/#\/schema\/logo\/image\/","url":"https:\/\/ledomainevert.com\/wp-content\/uploads\/2022\/03\/logo-le-domaine-vert-2.svg","contentUrl":"https:\/\/ledomainevert.com\/wp-content\/uploads\/2022\/03\/logo-le-domaine-vert-2.svg","caption":"Le Domaine Vert"},"image":{"@id":"https:\/\/ledomainevert.com\/en\/#\/schema\/logo\/image\/"},"sameAs":["https:\/\/www.facebook.com\/ledomainevert","https:\/\/www.instagram.com\/ledomainevert"]}]}},"taxonomy_info":[],"featured_image_src_large":false,"author_info":{"display_name":"admin","author_link":"https:\/\/ledomainevert.com\/fr\/author\/admin_ah0q7gvg\/"},"comment_info":0,"ticketed":false,"_links":{"self":[{"href":"https:\/\/ledomainevert.com\/fr\/wp-json\/wp\/v2\/pages\/1232","targetHints":{"allow":["GET"]}}],"collection":[{"href":"https:\/\/ledomainevert.com\/fr\/wp-json\/wp\/v2\/pages"}],"about":[{"href":"https:\/\/ledomainevert.com\/fr\/wp-json\/wp\/v2\/types\/page"}],"author":[{"embeddable":true,"href":"https:\/\/ledomainevert.com\/fr\/wp-json\/wp\/v2\/users\/1"}],"replies":[{"embeddable":true,"href":"https:\/\/ledomainevert.com\/fr\/wp-json\/wp\/v2\/comments?post=1232"}],"version-history":[{"count":1,"href":"https:\/\/ledomainevert.com\/fr\/wp-json\/wp\/v2\/pages\/1232\/revisions"}],"predecessor-version":[{"id":1235,"href":"https:\/\/ledomainevert.com\/fr\/wp-json\/wp\/v2\/pages\/1232\/revisions\/1235"}],"wp:attachment":[{"href":"https:\/\/ledomainevert.com\/fr\/wp-json\/wp\/v2\/media?parent=1232"}],"curies":[{"name":"wp","href":"https:\/\/api.w.org\/{rel}","templated":true}]}}