{"id":1248,"date":"2022-03-01T12:07:58","date_gmt":"2022-03-01T11:07:58","guid":{"rendered":"https:\/\/ledomainevert.com\/verblijf\/"},"modified":"2026-01-09T07:54:17","modified_gmt":"2026-01-09T06:54:17","slug":"verblijf","status":"publish","type":"page","link":"https:\/\/ledomainevert.com\/fr\/verblijf\/","title":{"rendered":"H\u00e9rbergement"},"content":{"rendered":"\n<div class=\"wp-block-cover\"><img loading=\"lazy\" decoding=\"async\" width=\"2560\" height=\"810\" class=\"wp-block-cover__image-background wp-image-687\" alt=\"\" src=\"https:\/\/ledomainevert.com\/wp-content\/uploads\/2022\/03\/verblijf-2-scaled.jpg\" data-object-fit=\"cover\" srcset=\"https:\/\/ledomainevert.com\/wp-content\/uploads\/2022\/03\/verblijf-2-scaled.jpg 2560w, https:\/\/ledomainevert.com\/wp-content\/uploads\/2022\/03\/verblijf-2-300x95.jpg 300w, https:\/\/ledomainevert.com\/wp-content\/uploads\/2022\/03\/verblijf-2-1024x324.jpg 1024w, https:\/\/ledomainevert.com\/wp-content\/uploads\/2022\/03\/verblijf-2-768x243.jpg 768w, https:\/\/ledomainevert.com\/wp-content\/uploads\/2022\/03\/verblijf-2-1536x486.jpg 1536w, https:\/\/ledomainevert.com\/wp-content\/uploads\/2022\/03\/verblijf-2-2048x648.jpg 2048w\" sizes=\"auto, (max-width: 2560px) 100vw, 2560px\" \/><span aria-hidden=\"true\" class=\"wp-block-cover__background has-background-dim-0 has-background-dim\"><\/span><div class=\"wp-block-cover__inner-container is-layout-flow wp-block-cover-is-layout-flow\">\n<p class=\"has-text-align-center has-large-font-size\"><\/p>\n<\/div><\/div>\n\n\n<style>.kb-row-layout-id1248_fad14b-f7 > .kt-row-column-wrap{align-content:start;}:where(.kb-row-layout-id1248_fad14b-f7 > .kt-row-column-wrap) > .wp-block-kadence-column{justify-content:start;}.kb-row-layout-id1248_fad14b-f7 > .kt-row-column-wrap{column-gap:var(--global-kb-gap-md, 2rem);row-gap:var(--global-kb-gap-md, 2rem);max-width:var( --global-content-width, 1290px );padding-left:var(--global-content-edge-padding);padding-right:var(--global-content-edge-padding);padding-top:50px;padding-bottom:50px;grid-template-columns:repeat(2, minmax(0, 1fr));}.kb-row-layout-id1248_fad14b-f7 > .kt-row-layout-overlay{opacity:0.30;}@media all and (max-width: 1024px){.kb-row-layout-id1248_fad14b-f7 > .kt-row-column-wrap{grid-template-columns:repeat(2, minmax(0, 1fr));}}@media all and (max-width: 767px){.kb-row-layout-id1248_fad14b-f7 > .kt-row-column-wrap{grid-template-columns:minmax(0, 1fr);}}<\/style><div class=\"kb-row-layout-wrap kb-row-layout-id1248_fad14b-f7 alignnone wp-block-kadence-rowlayout\"><div class=\"kt-row-column-wrap kt-has-2-columns kt-row-layout-equal kt-tab-layout-inherit kt-mobile-layout-row kt-row-valign-top kt-inner-column-height-full kb-theme-content-width\">\n<style>.kadence-column1248_f8e24c-bf > .kt-inside-inner-col,.kadence-column1248_f8e24c-bf > .kt-inside-inner-col:before{border-top-left-radius:0px;border-top-right-radius:0px;border-bottom-right-radius:0px;border-bottom-left-radius:0px;}.kadence-column1248_f8e24c-bf > .kt-inside-inner-col{column-gap:var(--global-kb-gap-sm, 1rem);}.kadence-column1248_f8e24c-bf > .kt-inside-inner-col{flex-direction:column;}.kadence-column1248_f8e24c-bf > .kt-inside-inner-col > .aligncenter{width:100%;}.kadence-column1248_f8e24c-bf > .kt-inside-inner-col:before{opacity:0.3;}.kadence-column1248_f8e24c-bf{position:relative;}@media all and (max-width: 1024px){.kadence-column1248_f8e24c-bf > .kt-inside-inner-col{flex-direction:column;justify-content:center;}}@media all and (max-width: 767px){.kadence-column1248_f8e24c-bf > .kt-inside-inner-col{flex-direction:column;justify-content:center;}}<\/style>\n<div class=\"wp-block-kadence-column kadence-column1248_f8e24c-bf inner-column-1\"><div class=\"kt-inside-inner-col\">\n<figure class=\"wp-block-gallery has-nested-images columns-default is-cropped wp-block-gallery-1 is-layout-flex wp-block-gallery-is-layout-flex\">\n<figure class=\"wp-block-image size-full\"><img loading=\"lazy\" decoding=\"async\" width=\"900\" height=\"600\" data-id=\"205\" src=\"https:\/\/ledomainevert.com\/wp-content\/uploads\/2022\/03\/gite-product3.jpg\" alt=\"\" class=\"wp-image-205\" srcset=\"https:\/\/ledomainevert.com\/wp-content\/uploads\/2022\/03\/gite-product3.jpg 900w, https:\/\/ledomainevert.com\/wp-content\/uploads\/2022\/03\/gite-product3-300x200.jpg 300w, https:\/\/ledomainevert.com\/wp-content\/uploads\/2022\/03\/gite-product3-768x512.jpg 768w\" sizes=\"auto, (max-width: 900px) 100vw, 900px\" \/><\/figure>\n<\/figure>\n\n\n\n<div class=\"wp-block-columns is-layout-flex wp-container-core-columns-is-layout-9d6595d7 wp-block-columns-is-layout-flex\">\n<div class=\"wp-block-column is-layout-flow wp-block-column-is-layout-flow\" style=\"flex-basis:100%\"><\/div>\n<\/div>\n<\/div><\/div>\n\n\n<style>.kadence-column1248_d516e4-79 > .kt-inside-inner-col{padding-top:20px;padding-right:20px;padding-bottom:20px;padding-left:20px;}.kadence-column1248_d516e4-79 > .kt-inside-inner-col,.kadence-column1248_d516e4-79 > .kt-inside-inner-col:before{border-top-left-radius:20px;border-top-right-radius:20px;border-bottom-right-radius:20px;border-bottom-left-radius:20px;}.kadence-column1248_d516e4-79 > .kt-inside-inner-col{column-gap:var(--global-kb-gap-sm, 1rem);}.kadence-column1248_d516e4-79 > .kt-inside-inner-col{flex-direction:column;}.kadence-column1248_d516e4-79 > .kt-inside-inner-col > .aligncenter{width:100%;}.kadence-column1248_d516e4-79 > .kt-inside-inner-col{background-color:var(--global-palette7, #EDF2F7);}.kadence-column1248_d516e4-79 > .kt-inside-inner-col:before{opacity:0.3;}.kadence-column1248_d516e4-79{position:relative;}@media all and (max-width: 1024px){.kadence-column1248_d516e4-79 > .kt-inside-inner-col{flex-direction:column;justify-content:center;}}@media all and (max-width: 767px){.kadence-column1248_d516e4-79 > .kt-inside-inner-col{flex-direction:column;justify-content:center;}}<\/style>\n<div class=\"wp-block-kadence-column kadence-column1248_d516e4-79 inner-column-2\"><div class=\"kt-inside-inner-col\"><style>.wp-block-kadence-advancedheading.kt-adv-heading1248_508672-df, .wp-block-kadence-advancedheading.kt-adv-heading1248_508672-df[data-kb-block=\"kb-adv-heading1248_508672-df\"]{font-style:normal;}.wp-block-kadence-advancedheading.kt-adv-heading1248_508672-df mark.kt-highlight, .wp-block-kadence-advancedheading.kt-adv-heading1248_508672-df[data-kb-block=\"kb-adv-heading1248_508672-df\"] mark.kt-highlight{font-style:normal;color:#f76a0c;-webkit-box-decoration-break:clone;box-decoration-break:clone;padding-top:0px;padding-right:0px;padding-bottom:0px;padding-left:0px;}.wp-block-kadence-advancedheading.kt-adv-heading1248_508672-df img.kb-inline-image, .wp-block-kadence-advancedheading.kt-adv-heading1248_508672-df[data-kb-block=\"kb-adv-heading1248_508672-df\"] img.kb-inline-image{width:150px;vertical-align:baseline;}<\/style>\n<h1 class=\"kt-adv-heading1248_508672-df wp-block-kadence-advancedheading\" data-kb-block=\"kb-adv-heading1248_508672-df\">Un petit paradis !<\/h1>\n\n\n\n<p>Le Domaine Vert est situ\u00e9 dans une magnifique r\u00e9serve naturelle en Corr\u00e8ze, o\u00f9 nos h\u00f4tes se sentent rapidement chez eux gr\u00e2ce au calme, aux nuits profondes sous un ciel \u00e9toil\u00e9, \u00e0 la nature, aux fleurs, aux panoramas et \u00e0 l\u2019atmosph\u00e8re d\u00e9tendue et agr\u00e9able qui r\u00e8gne ici. <\/p>\n\n\n\n<p>Que vous veniez pour participer \u00e0 une retraite, un atelier ou une formation, ou simplement pour vous reconnecter avec la nature, vous trouverez toujours un lieu de s\u00e9jour confortable et inspirant \u00e0 Le Domaine Vert.<\/p>\n\n\n\n<p>\ud83c\udf3f S\u00e9journer \u00e0 Le Domaine Vert<\/p>\n\n\n\n<p>D\u2019avril \u00e0 octobre, nous accueillons des personnes venant avec leur propre mat\u00e9riel de camping ou choisissant l\u2019un de nos h\u00e9bergements uniques et chaleureux :<\/p>\n\n\n\n<p>G\u00eete r\u00e9nov\u00e9 (1880) \u2014 une maison spacieuse avec plusieurs chambres, parfaite pour les familles ou les groupes.<\/p>\n\n\n\n<p>Suite fermi\u00e8re \u2014 une chambre \u00e0 l\u2019ambiance romantique au premier \u00e9tage de la grange, avec vue sur la campagne. <\/p>\n\n\n\n<p>Yourte mongole originale \u2014 une exp\u00e9rience immersive au plus pr\u00e8s de la nature.<\/p>\n\n\n\n<p>Cabane en rondins confortable \u2014 petite maison rustique avec lits et \u00e9quipement de base.<\/p>\n\n\n\n<p>Maison de vacances \u2014 h\u00e9bergement spacieux et accueillant <\/p>\n\n\n\n<p>Quel que soit votre choix, vous trouverez toujours un endroit paisible o\u00f9 vous d\u00e9tendre et profiter pleinement de votre s\u00e9jour.<\/p>\n\n\n\n<p>\u2600\ufe0f Une ambiance naturelle et d\u00e9tendue<\/p>\n\n\n\n<p>Ici, le rythme est lent, les espaces sont larges et l\u2019environnement invite \u00e0 la tranquillit\u00e9. Que vous pr\u00e9f\u00e9riez lire sous la terrasse, marcher dans les jardins ou simplement vous laisser aller \u00e0 la contemplation de la nature, Le Domaine Vert offre des instants de paix et de reconnexion.<\/p>\n\n\n\n<p>\ud83c\udf89 Organiser votre propre \u00e9v\u00e9nement<\/p>\n\n\n\n<p>Si vous pr\u00e9f\u00e9rez organiser un \u00e9v\u00e9nement priv\u00e9 \u2014 pour un groupe, une f\u00eate, un atelier ou une retraite personnalis\u00e9e \u2014 Le Domaine Vert peut \u00eatre lou\u00e9 partiellement ou totalement pour r\u00e9pondre \u00e0 vos besoins. Pour plus d\u2019informations, veuillez nous contacter directement. <\/p>\n\n\n\n<p>\ud83d\udcde Informations &amp; contact<\/p>\n\n\n\n<p>\ud83d\udce7 Walter : walter@ledomainevert.com<\/p>\n\n\n\n<p>\ud83d\udce7 Anna : annalinde@ledomainevert.com<\/p>\n\n\n\n<p>\ud83d\udcde T\u00e9l\u00e9phone : +33\u202f7\u202f89\u202f21\u202f26\u202f78<\/p>\n\n\n\n<p>\ud83d\udccd Adresse : Les Magnes, 3972 Route des Templiers, 19230 Troche, Corr\u00e8ze, France<\/p>\n\n\n\n<p>Pour nous trouver facilement, recherchez \u201cLe Domaine Vert \u2013 Troche\u201d sur Google Maps<\/p>\n<\/div><\/div>\n\n<\/div><\/div>\n\n\n<figure class=\"wp-block-gallery has-nested-images columns-default is-cropped wp-block-gallery-2 is-layout-flex wp-block-gallery-is-layout-flex\">\n<figure class=\"wp-block-image size-large is-style-rounded\"><img loading=\"lazy\" decoding=\"async\" width=\"768\" height=\"1024\" data-id=\"3986\" src=\"https:\/\/ledomainevert.com\/wp-content\/uploads\/2025\/02\/IMG_9419-2-768x1024.jpg\" alt=\"\" class=\"wp-image-3986\" srcset=\"https:\/\/ledomainevert.com\/wp-content\/uploads\/2025\/02\/IMG_9419-2-768x1024.jpg 768w, https:\/\/ledomainevert.com\/wp-content\/uploads\/2025\/02\/IMG_9419-2-225x300.jpg 225w, https:\/\/ledomainevert.com\/wp-content\/uploads\/2025\/02\/IMG_9419-2-1152x1536.jpg 1152w, https:\/\/ledomainevert.com\/wp-content\/uploads\/2025\/02\/IMG_9419-2-1536x2048.jpg 1536w, https:\/\/ledomainevert.com\/wp-content\/uploads\/2025\/02\/IMG_9419-2-scaled.jpg 1920w\" sizes=\"auto, (max-width: 768px) 100vw, 768px\" \/><\/figure>\n\n\n\n<figure class=\"wp-block-image size-large is-style-rounded\"><img loading=\"lazy\" decoding=\"async\" width=\"768\" height=\"1024\" data-id=\"3980\" src=\"https:\/\/ledomainevert.com\/wp-content\/uploads\/2025\/02\/IMG_9786-768x1024.jpg\" alt=\"\" class=\"wp-image-3980\" srcset=\"https:\/\/ledomainevert.com\/wp-content\/uploads\/2025\/02\/IMG_9786-768x1024.jpg 768w, https:\/\/ledomainevert.com\/wp-content\/uploads\/2025\/02\/IMG_9786-225x300.jpg 225w, https:\/\/ledomainevert.com\/wp-content\/uploads\/2025\/02\/IMG_9786-1152x1536.jpg 1152w, https:\/\/ledomainevert.com\/wp-content\/uploads\/2025\/02\/IMG_9786-1536x2048.jpg 1536w, https:\/\/ledomainevert.com\/wp-content\/uploads\/2025\/02\/IMG_9786-scaled.jpg 1920w\" sizes=\"auto, (max-width: 768px) 100vw, 768px\" \/><\/figure>\n\n\n\n<figure class=\"wp-block-image size-large is-style-rounded\"><img loading=\"lazy\" decoding=\"async\" width=\"768\" height=\"1024\" data-id=\"3995\" src=\"https:\/\/ledomainevert.com\/wp-content\/uploads\/2025\/02\/IMG_9729-1-768x1024.jpg\" alt=\"\" class=\"wp-image-3995\" srcset=\"https:\/\/ledomainevert.com\/wp-content\/uploads\/2025\/02\/IMG_9729-1-768x1024.jpg 768w, https:\/\/ledomainevert.com\/wp-content\/uploads\/2025\/02\/IMG_9729-1-225x300.jpg 225w, https:\/\/ledomainevert.com\/wp-content\/uploads\/2025\/02\/IMG_9729-1-1152x1536.jpg 1152w, https:\/\/ledomainevert.com\/wp-content\/uploads\/2025\/02\/IMG_9729-1-1536x2048.jpg 1536w, https:\/\/ledomainevert.com\/wp-content\/uploads\/2025\/02\/IMG_9729-1-scaled.jpg 1920w\" sizes=\"auto, (max-width: 768px) 100vw, 768px\" \/><\/figure>\n<\/figure>\n","protected":false},"excerpt":{"rendered":"<p>Un petit paradis ! Le Domaine Vert est situ\u00e9 dans une magnifique r\u00e9serve naturelle en Corr\u00e8ze, o\u00f9 nos h\u00f4tes se sentent rapidement chez eux gr\u00e2ce au calme, aux nuits profondes&#8230;<\/p>\n","protected":false},"author":1,"featured_media":0,"parent":0,"menu_order":0,"comment_status":"closed","ping_status":"closed","template":"","meta":{"inline_featured_image":false,"_kad_blocks_custom_css":"","_kad_blocks_head_custom_js":"","_kad_blocks_body_custom_js":"","_kad_blocks_footer_custom_js":"","_monsterinsights_skip_tracking":false,"_monsterinsights_sitenote_active":false,"_monsterinsights_sitenote_note":"","_monsterinsights_sitenote_category":0,"_price":"","_stock":"","_tribe_ticket_header":"","_tribe_default_ticket_provider":"","_tribe_ticket_capacity":"0","_ticket_start_date":"","_ticket_end_date":"","_tribe_ticket_show_description":"","_tribe_ticket_show_not_going":false,"_tribe_ticket_use_global_stock":"","_tribe_ticket_global_stock_level":"","_global_stock_mode":"","_global_stock_cap":"","_tribe_rsvp_for_event":"","_tribe_ticket_going_count":"","_tribe_ticket_not_going_count":"","_tribe_tickets_list":"[]","_tribe_ticket_has_attendee_info_fields":false,"_kadence_starter_templates_imported_post":false,"_kad_post_transparent":"","_kad_post_title":"","_kad_post_layout":"","_kad_post_sidebar_id":"","_kad_post_content_style":"","_kad_post_vertical_padding":"","_kad_post_feature":"","_kad_post_feature_position":"","_kad_post_header":false,"_kad_post_footer":false,"_kad_post_classname":"","footnotes":"","_tec_slr_enabled":"","_tec_slr_layout":""},"class_list":["post-1248","page","type-page","status-publish","hentry"],"yoast_head":"<!-- This site is optimized with the Yoast SEO plugin v27.4 - https:\/\/yoast.com\/product\/yoast-seo-wordpress\/ -->\n<title>H\u00e9rbergement - Le Domaine Vert<\/title>\n<meta name=\"robots\" content=\"index, follow, max-snippet:-1, max-image-preview:large, max-video-preview:-1\" \/>\n<link rel=\"canonical\" href=\"https:\/\/ledomainevert.com\/fr\/verblijf\/\" \/>\n<meta property=\"og:locale\" content=\"fr_FR\" \/>\n<meta property=\"og:type\" content=\"article\" \/>\n<meta property=\"og:title\" content=\"H\u00e9rbergement - Le Domaine Vert\" \/>\n<meta property=\"og:description\" content=\"Un petit paradis ! Le Domaine Vert est situ\u00e9 dans une magnifique r\u00e9serve naturelle en Corr\u00e8ze, o\u00f9 nos h\u00f4tes se sentent rapidement chez eux gr\u00e2ce au calme, aux nuits profondes...\" \/>\n<meta property=\"og:url\" content=\"https:\/\/ledomainevert.com\/fr\/verblijf\/\" \/>\n<meta property=\"og:site_name\" content=\"Le Domaine Vert\" \/>\n<meta property=\"article:publisher\" content=\"https:\/\/www.facebook.com\/ledomainevert\" \/>\n<meta property=\"article:modified_time\" content=\"2026-01-09T06:54:17+00:00\" \/>\n<meta property=\"og:image\" content=\"https:\/\/ledomainevert.com\/wp-content\/uploads\/2022\/03\/verblijf-2-scaled.jpg\" \/>\n\t<meta property=\"og:image:width\" content=\"2560\" \/>\n\t<meta property=\"og:image:height\" content=\"810\" \/>\n\t<meta property=\"og:image:type\" content=\"image\/jpeg\" \/>\n<meta name=\"twitter:card\" content=\"summary_large_image\" \/>\n<meta name=\"twitter:label1\" content=\"Dur\u00e9e de lecture estim\u00e9e\" \/>\n\t<meta name=\"twitter:data1\" content=\"3 minutes\" \/>\n<script type=\"application\/ld+json\" class=\"yoast-schema-graph\">{\"@context\":\"https:\\\/\\\/schema.org\",\"@graph\":[{\"@type\":\"WebPage\",\"@id\":\"https:\\\/\\\/ledomainevert.com\\\/fr\\\/verblijf\\\/\",\"url\":\"https:\\\/\\\/ledomainevert.com\\\/fr\\\/verblijf\\\/\",\"name\":\"H\u00e9rbergement - Le Domaine Vert\",\"isPartOf\":{\"@id\":\"https:\\\/\\\/ledomainevert.com\\\/en\\\/#website\"},\"primaryImageOfPage\":{\"@id\":\"https:\\\/\\\/ledomainevert.com\\\/fr\\\/verblijf\\\/#primaryimage\"},\"image\":{\"@id\":\"https:\\\/\\\/ledomainevert.com\\\/fr\\\/verblijf\\\/#primaryimage\"},\"thumbnailUrl\":\"https:\\\/\\\/ledomainevert.com\\\/wp-content\\\/uploads\\\/2022\\\/03\\\/verblijf-2-scaled.jpg\",\"datePublished\":\"2022-03-01T11:07:58+00:00\",\"dateModified\":\"2026-01-09T06:54:17+00:00\",\"breadcrumb\":{\"@id\":\"https:\\\/\\\/ledomainevert.com\\\/fr\\\/verblijf\\\/#breadcrumb\"},\"inLanguage\":\"fr-FR\",\"potentialAction\":[{\"@type\":\"ReadAction\",\"target\":[\"https:\\\/\\\/ledomainevert.com\\\/fr\\\/verblijf\\\/\"]}]},{\"@type\":\"ImageObject\",\"inLanguage\":\"fr-FR\",\"@id\":\"https:\\\/\\\/ledomainevert.com\\\/fr\\\/verblijf\\\/#primaryimage\",\"url\":\"https:\\\/\\\/ledomainevert.com\\\/wp-content\\\/uploads\\\/2022\\\/03\\\/verblijf-2-scaled.jpg\",\"contentUrl\":\"https:\\\/\\\/ledomainevert.com\\\/wp-content\\\/uploads\\\/2022\\\/03\\\/verblijf-2-scaled.jpg\"},{\"@type\":\"BreadcrumbList\",\"@id\":\"https:\\\/\\\/ledomainevert.com\\\/fr\\\/verblijf\\\/#breadcrumb\",\"itemListElement\":[{\"@type\":\"ListItem\",\"position\":1,\"name\":\"Home\",\"item\":\"https:\\\/\\\/ledomainevert.com\\\/fr\\\/\"},{\"@type\":\"ListItem\",\"position\":2,\"name\":\"H\u00e9rbergement\"}]},{\"@type\":\"WebSite\",\"@id\":\"https:\\\/\\\/ledomainevert.com\\\/en\\\/#website\",\"url\":\"https:\\\/\\\/ledomainevert.com\\\/en\\\/\",\"name\":\"Le Domaine Vert\",\"description\":\"het groene domein\",\"publisher\":{\"@id\":\"https:\\\/\\\/ledomainevert.com\\\/en\\\/#organization\"},\"potentialAction\":[{\"@type\":\"SearchAction\",\"target\":{\"@type\":\"EntryPoint\",\"urlTemplate\":\"https:\\\/\\\/ledomainevert.com\\\/en\\\/?s={search_term_string}\"},\"query-input\":{\"@type\":\"PropertyValueSpecification\",\"valueRequired\":true,\"valueName\":\"search_term_string\"}}],\"inLanguage\":\"fr-FR\"},{\"@type\":\"Organization\",\"@id\":\"https:\\\/\\\/ledomainevert.com\\\/en\\\/#organization\",\"name\":\"Le Domaine Vert\",\"url\":\"https:\\\/\\\/ledomainevert.com\\\/en\\\/\",\"logo\":{\"@type\":\"ImageObject\",\"inLanguage\":\"fr-FR\",\"@id\":\"https:\\\/\\\/ledomainevert.com\\\/en\\\/#\\\/schema\\\/logo\\\/image\\\/\",\"url\":\"https:\\\/\\\/ledomainevert.com\\\/wp-content\\\/uploads\\\/2022\\\/03\\\/logo-le-domaine-vert-2.svg\",\"contentUrl\":\"https:\\\/\\\/ledomainevert.com\\\/wp-content\\\/uploads\\\/2022\\\/03\\\/logo-le-domaine-vert-2.svg\",\"caption\":\"Le Domaine Vert\"},\"image\":{\"@id\":\"https:\\\/\\\/ledomainevert.com\\\/en\\\/#\\\/schema\\\/logo\\\/image\\\/\"},\"sameAs\":[\"https:\\\/\\\/www.facebook.com\\\/ledomainevert\",\"https:\\\/\\\/www.instagram.com\\\/ledomainevert\"]}]}<\/script>\n<!-- \/ Yoast SEO plugin. -->","yoast_head_json":{"title":"H\u00e9rbergement - Le Domaine Vert","robots":{"index":"index","follow":"follow","max-snippet":"max-snippet:-1","max-image-preview":"max-image-preview:large","max-video-preview":"max-video-preview:-1"},"canonical":"https:\/\/ledomainevert.com\/fr\/verblijf\/","og_locale":"fr_FR","og_type":"article","og_title":"H\u00e9rbergement - Le Domaine Vert","og_description":"Un petit paradis ! Le Domaine Vert est situ\u00e9 dans une magnifique r\u00e9serve naturelle en Corr\u00e8ze, o\u00f9 nos h\u00f4tes se sentent rapidement chez eux gr\u00e2ce au calme, aux nuits profondes...","og_url":"https:\/\/ledomainevert.com\/fr\/verblijf\/","og_site_name":"Le Domaine Vert","article_publisher":"https:\/\/www.facebook.com\/ledomainevert","article_modified_time":"2026-01-09T06:54:17+00:00","og_image":[{"width":2560,"height":810,"url":"https:\/\/ledomainevert.com\/wp-content\/uploads\/2022\/03\/verblijf-2-scaled.jpg","type":"image\/jpeg"}],"twitter_card":"summary_large_image","twitter_misc":{"Dur\u00e9e de lecture estim\u00e9e":"3 minutes"},"schema":{"@context":"https:\/\/schema.org","@graph":[{"@type":"WebPage","@id":"https:\/\/ledomainevert.com\/fr\/verblijf\/","url":"https:\/\/ledomainevert.com\/fr\/verblijf\/","name":"H\u00e9rbergement - Le Domaine Vert","isPartOf":{"@id":"https:\/\/ledomainevert.com\/en\/#website"},"primaryImageOfPage":{"@id":"https:\/\/ledomainevert.com\/fr\/verblijf\/#primaryimage"},"image":{"@id":"https:\/\/ledomainevert.com\/fr\/verblijf\/#primaryimage"},"thumbnailUrl":"https:\/\/ledomainevert.com\/wp-content\/uploads\/2022\/03\/verblijf-2-scaled.jpg","datePublished":"2022-03-01T11:07:58+00:00","dateModified":"2026-01-09T06:54:17+00:00","breadcrumb":{"@id":"https:\/\/ledomainevert.com\/fr\/verblijf\/#breadcrumb"},"inLanguage":"fr-FR","potentialAction":[{"@type":"ReadAction","target":["https:\/\/ledomainevert.com\/fr\/verblijf\/"]}]},{"@type":"ImageObject","inLanguage":"fr-FR","@id":"https:\/\/ledomainevert.com\/fr\/verblijf\/#primaryimage","url":"https:\/\/ledomainevert.com\/wp-content\/uploads\/2022\/03\/verblijf-2-scaled.jpg","contentUrl":"https:\/\/ledomainevert.com\/wp-content\/uploads\/2022\/03\/verblijf-2-scaled.jpg"},{"@type":"BreadcrumbList","@id":"https:\/\/ledomainevert.com\/fr\/verblijf\/#breadcrumb","itemListElement":[{"@type":"ListItem","position":1,"name":"Home","item":"https:\/\/ledomainevert.com\/fr\/"},{"@type":"ListItem","position":2,"name":"H\u00e9rbergement"}]},{"@type":"WebSite","@id":"https:\/\/ledomainevert.com\/en\/#website","url":"https:\/\/ledomainevert.com\/en\/","name":"Le Domaine Vert","description":"het groene domein","publisher":{"@id":"https:\/\/ledomainevert.com\/en\/#organization"},"potentialAction":[{"@type":"SearchAction","target":{"@type":"EntryPoint","urlTemplate":"https:\/\/ledomainevert.com\/en\/?s={search_term_string}"},"query-input":{"@type":"PropertyValueSpecification","valueRequired":true,"valueName":"search_term_string"}}],"inLanguage":"fr-FR"},{"@type":"Organization","@id":"https:\/\/ledomainevert.com\/en\/#organization","name":"Le Domaine Vert","url":"https:\/\/ledomainevert.com\/en\/","logo":{"@type":"ImageObject","inLanguage":"fr-FR","@id":"https:\/\/ledomainevert.com\/en\/#\/schema\/logo\/image\/","url":"https:\/\/ledomainevert.com\/wp-content\/uploads\/2022\/03\/logo-le-domaine-vert-2.svg","contentUrl":"https:\/\/ledomainevert.com\/wp-content\/uploads\/2022\/03\/logo-le-domaine-vert-2.svg","caption":"Le Domaine Vert"},"image":{"@id":"https:\/\/ledomainevert.com\/en\/#\/schema\/logo\/image\/"},"sameAs":["https:\/\/www.facebook.com\/ledomainevert","https:\/\/www.instagram.com\/ledomainevert"]}]}},"taxonomy_info":[],"featured_image_src_large":false,"author_info":{"display_name":"admin","author_link":"https:\/\/ledomainevert.com\/fr\/author\/admin_ah0q7gvg\/"},"comment_info":0,"ticketed":false,"_links":{"self":[{"href":"https:\/\/ledomainevert.com\/fr\/wp-json\/wp\/v2\/pages\/1248","targetHints":{"allow":["GET"]}}],"collection":[{"href":"https:\/\/ledomainevert.com\/fr\/wp-json\/wp\/v2\/pages"}],"about":[{"href":"https:\/\/ledomainevert.com\/fr\/wp-json\/wp\/v2\/types\/page"}],"author":[{"embeddable":true,"href":"https:\/\/ledomainevert.com\/fr\/wp-json\/wp\/v2\/users\/1"}],"replies":[{"embeddable":true,"href":"https:\/\/ledomainevert.com\/fr\/wp-json\/wp\/v2\/comments?post=1248"}],"version-history":[{"count":6,"href":"https:\/\/ledomainevert.com\/fr\/wp-json\/wp\/v2\/pages\/1248\/revisions"}],"predecessor-version":[{"id":4866,"href":"https:\/\/ledomainevert.com\/fr\/wp-json\/wp\/v2\/pages\/1248\/revisions\/4866"}],"wp:attachment":[{"href":"https:\/\/ledomainevert.com\/fr\/wp-json\/wp\/v2\/media?parent=1248"}],"curies":[{"name":"wp","href":"https:\/\/api.w.org\/{rel}","templated":true}]}}