{"id":2827,"date":"2023-07-17T15:27:15","date_gmt":"2023-07-17T13:27:15","guid":{"rendered":"https:\/\/ledomainevert.com\/?page_id=2827"},"modified":"2023-07-29T01:08:02","modified_gmt":"2023-07-28T23:08:02","slug":"coaching","status":"publish","type":"page","link":"https:\/\/ledomainevert.com\/fr\/coaching\/","title":{"rendered":"Entra\u00eenement"},"content":{"rendered":"\n<div class=\"wp-block-cover is-light\"><span aria-hidden=\"true\" class=\"wp-block-cover__background has-background-dim-0 has-background-dim\"><\/span><img loading=\"lazy\" decoding=\"async\" width=\"1120\" height=\"430\" class=\"wp-block-cover__image-background wp-image-2735\" alt=\"\" src=\"https:\/\/ledomainevert.com\/wp-content\/uploads\/2023\/07\/coaching-sfeer.jpg\" data-object-fit=\"cover\" srcset=\"https:\/\/ledomainevert.com\/wp-content\/uploads\/2023\/07\/coaching-sfeer.jpg 1120w, https:\/\/ledomainevert.com\/wp-content\/uploads\/2023\/07\/coaching-sfeer-300x115.jpg 300w, https:\/\/ledomainevert.com\/wp-content\/uploads\/2023\/07\/coaching-sfeer-1024x393.jpg 1024w, https:\/\/ledomainevert.com\/wp-content\/uploads\/2023\/07\/coaching-sfeer-768x295.jpg 768w\" sizes=\"auto, (max-width: 1120px) 100vw, 1120px\" \/><div class=\"wp-block-cover__inner-container is-layout-flow wp-block-cover-is-layout-flow\">\n<p class=\"has-text-align-center has-large-font-size\"><\/p>\n<\/div><\/div>\n\n\n<style>.kb-row-layout-id_79d556-12 > .kt-row-column-wrap{align-content:start;}:where(.kb-row-layout-id_79d556-12 > .kt-row-column-wrap) > .wp-block-kadence-column{justify-content:start;}.kb-row-layout-id_79d556-12 > .kt-row-column-wrap{column-gap:var(--global-kb-gap-md, 2rem);row-gap:var(--global-kb-gap-md, 2rem);max-width:var( --global-content-width, 1290px );padding-left:var(--global-content-edge-padding);padding-right:var(--global-content-edge-padding);padding-top:50px;padding-bottom:50px;grid-template-columns:repeat(2, minmax(0, 1fr));}.kb-row-layout-id_79d556-12 > .kt-row-layout-overlay{opacity:0.30;}.kb-row-layout-id_79d556-12 .kt-row-layout-bottom-sep{height:100px;}.kb-row-layout-id_79d556-12 .kt-row-layout-bottom-sep svg{width:100%;}.kb-row-layout-id_79d556-12 .kt-row-layout-bottom-sep svg{fill:#ffffff!important;}@media all and (max-width: 1024px){.kb-row-layout-id_79d556-12 > .kt-row-column-wrap{grid-template-columns:repeat(2, minmax(0, 1fr));}}@media all and (max-width: 1024px){.kb-row-layout-id_79d556-12 .kt-row-layout-bottom-sep{height:px;}}@media all and (max-width: 1024px){.kb-row-layout-id_79d556-12 .kt-row-layout-bottom-sep svg{width:%;}}@media all and (max-width: 767px){.kb-row-layout-id_79d556-12 > .kt-row-column-wrap{grid-template-columns:minmax(0, 1fr);}.kb-row-layout-id_79d556-12 .kt-row-layout-bottom-sep{height:px;}.kb-row-layout-id_79d556-12 .kt-row-layout-bottom-sep svg{width:%;}}<\/style><div class=\"kb-row-layout-wrap kb-row-layout-id_79d556-12 alignnone wp-block-kadence-rowlayout\"><div class=\"kt-row-column-wrap kt-has-2-columns kt-row-layout-equal kt-tab-layout-inherit kt-mobile-layout-row kt-row-valign-top kt-inner-column-height-full kb-theme-content-width\">\n<style>.kadence-column_e8a6c6-48 > .kt-inside-inner-col,.kadence-column_e8a6c6-48 > .kt-inside-inner-col:before{border-top-left-radius:0px;border-top-right-radius:0px;border-bottom-right-radius:0px;border-bottom-left-radius:0px;}.kadence-column_e8a6c6-48 > .kt-inside-inner-col{column-gap:var(--global-kb-gap-sm, 1rem);}.kadence-column_e8a6c6-48 > .kt-inside-inner-col{flex-direction:column;}.kadence-column_e8a6c6-48 > .kt-inside-inner-col > .aligncenter{width:100%;}.kadence-column_e8a6c6-48 > .kt-inside-inner-col:before{opacity:0.3;}.kadence-column_e8a6c6-48{position:relative;}@media all and (max-width: 1024px){.kadence-column_e8a6c6-48 > .kt-inside-inner-col{flex-direction:column;justify-content:center;}}@media all and (max-width: 767px){.kadence-column_e8a6c6-48 > .kt-inside-inner-col{flex-direction:column;justify-content:center;}}<\/style>\n<div class=\"wp-block-kadence-column kadence-column_e8a6c6-48 inner-column-1\"><div class=\"kt-inside-inner-col\">\n<figure class=\"wp-block-image size-full\"><img loading=\"lazy\" decoding=\"async\" width=\"960\" height=\"640\" src=\"https:\/\/ledomainevert.com\/wp-content\/uploads\/2023\/07\/walter-spangenberg-copyright.jpg\" alt=\"\" class=\"wp-image-2867\" srcset=\"https:\/\/ledomainevert.com\/wp-content\/uploads\/2023\/07\/walter-spangenberg-copyright.jpg 960w, https:\/\/ledomainevert.com\/wp-content\/uploads\/2023\/07\/walter-spangenberg-copyright-300x200.jpg 300w, https:\/\/ledomainevert.com\/wp-content\/uploads\/2023\/07\/walter-spangenberg-copyright-768x512.jpg 768w\" sizes=\"auto, (max-width: 960px) 100vw, 960px\" \/><\/figure>\n<\/div><\/div>\n\n\n<style>.kadence-column_8998ec-b5 > .kt-inside-inner-col{padding-top:20px;padding-right:20px;padding-bottom:20px;padding-left:20px;}.kadence-column_8998ec-b5 > .kt-inside-inner-col,.kadence-column_8998ec-b5 > .kt-inside-inner-col:before{border-top-left-radius:20px;border-top-right-radius:20px;border-bottom-right-radius:20px;border-bottom-left-radius:20px;}.kadence-column_8998ec-b5 > .kt-inside-inner-col{column-gap:var(--global-kb-gap-sm, 1rem);}.kadence-column_8998ec-b5 > .kt-inside-inner-col{flex-direction:column;}.kadence-column_8998ec-b5 > .kt-inside-inner-col > .aligncenter{width:100%;}.kadence-column_8998ec-b5 > .kt-inside-inner-col{background-color:var(--global-palette7, #EDF2F7);}.kadence-column_8998ec-b5 > .kt-inside-inner-col:before{opacity:0.3;}.kadence-column_8998ec-b5{position:relative;}@media all and (max-width: 1024px){.kadence-column_8998ec-b5 > .kt-inside-inner-col{flex-direction:column;justify-content:center;}}@media all and (max-width: 767px){.kadence-column_8998ec-b5 > .kt-inside-inner-col{flex-direction:column;justify-content:center;}}<\/style>\n<div class=\"wp-block-kadence-column kadence-column_8998ec-b5 inner-column-2\"><div class=\"kt-inside-inner-col\"><style>.wp-block-kadence-advancedheading.kt-adv-heading_b05587-02, .wp-block-kadence-advancedheading.kt-adv-heading_b05587-02[data-kb-block=\"kb-adv-heading_b05587-02\"]{font-style:normal;}.wp-block-kadence-advancedheading.kt-adv-heading_b05587-02 mark.kt-highlight, .wp-block-kadence-advancedheading.kt-adv-heading_b05587-02[data-kb-block=\"kb-adv-heading_b05587-02\"] mark.kt-highlight{font-style:normal;color:#f76a0c;-webkit-box-decoration-break:clone;box-decoration-break:clone;padding-top:0px;padding-right:0px;padding-bottom:0px;padding-left:0px;}.wp-block-kadence-advancedheading.kt-adv-heading_b05587-02 img.kb-inline-image, .wp-block-kadence-advancedheading.kt-adv-heading_b05587-02[data-kb-block=\"kb-adv-heading_b05587-02\"] img.kb-inline-image{width:150px;vertical-align:baseline;}<\/style>\n<h2 class=\"kt-adv-heading_b05587-02 wp-block-kadence-advancedheading\" data-kb-block=\"kb-adv-heading_b05587-02\">Entra\u00eenement<\/h2>\n\n\n\n<p><strong>Coaching individuel<br><\/strong>Un programme de coaching individuel concerne votre d\u00e9veloppement personnel et est toujours con\u00e7u sur mesure, en fonction de votre question de d\u00e9veloppement. Pensez \u00e0 des sujets tels que la conscience et le sens, le bonheur, l&rsquo;\u00e9quilibre, les changements et la r\u00e9sistance, la protection des limites et la confiance en soi. Lors d&rsquo;un premier rendez-vous d&rsquo;introduction (gratuit), nous verrons si vous \u00eates au bon endroit ou si je peux \u00e9ventuellement vous r\u00e9f\u00e9rer, mon r\u00e9seau est large. N&rsquo;h\u00e9sitez pas \u00e0 me contacter.<\/p>\n\n\n\n<p><strong>Petits groupes<br><\/strong>Nous savons par exp\u00e9rience que les personnes qui se rencontrent lors d&rsquo;un processus de formation ou de coaching profitent les unes des autres. En raison de d\u00e9fis similaires, on apprend beaucoup les uns des autres. Vous s\u00e9journerez dans notre g\u00eete rural, avec un maximum de six personnes.<\/p>\n\n\n\n<p>N&rsquo;h\u00e9sitez pas \u00e0 nous contacter pour plus d&rsquo;informations ou \u00e0 vous inscrire \u00e0 la <a href=\"https:\/\/www.ledomainevert.com\/inschrijven\">newsletter<\/a>.<\/p>\n<\/div><\/div>\n\n<\/div><\/div>\n\n\n<div class=\"wp-block-cover\"><span aria-hidden=\"true\" class=\"wp-block-cover__background has-background-dim-0 has-background-dim\"><\/span><img loading=\"lazy\" decoding=\"async\" width=\"2560\" height=\"549\" class=\"wp-block-cover__image-background wp-image-209\" alt=\"\" src=\"https:\/\/ledomainevert.com\/wp-content\/uploads\/2022\/03\/footer-vervolg-scaled.jpg\" data-object-fit=\"cover\" srcset=\"https:\/\/ledomainevert.com\/wp-content\/uploads\/2022\/03\/footer-vervolg-scaled.jpg 2560w, https:\/\/ledomainevert.com\/wp-content\/uploads\/2022\/03\/footer-vervolg-300x64.jpg 300w, https:\/\/ledomainevert.com\/wp-content\/uploads\/2022\/03\/footer-vervolg-1024x219.jpg 1024w, https:\/\/ledomainevert.com\/wp-content\/uploads\/2022\/03\/footer-vervolg-768x165.jpg 768w, https:\/\/ledomainevert.com\/wp-content\/uploads\/2022\/03\/footer-vervolg-1536x329.jpg 1536w, https:\/\/ledomainevert.com\/wp-content\/uploads\/2022\/03\/footer-vervolg-2048x439.jpg 2048w\" sizes=\"auto, (max-width: 2560px) 100vw, 2560px\" \/><div class=\"wp-block-cover__inner-container is-layout-flow wp-block-cover-is-layout-flow\">\n<p class=\"has-text-align-center has-large-font-size\"><\/p>\n<\/div><\/div>\n\n\n<style>.wp-block-kadence-spacer.kt-block-spacer-_e133d0-a6 .kt-block-spacer{height:60px;}.wp-block-kadence-spacer.kt-block-spacer-_e133d0-a6 .kt-divider{border-top-width:1px;height:1px;border-top-color:#eee;width:80%;border-top-style:solid;}<\/style>\n<div class=\"wp-block-kadence-spacer aligncenter kt-block-spacer-_e133d0-a6\"><div class=\"kt-block-spacer kt-block-spacer-halign-center\"><\/div><\/div>\n","protected":false},"excerpt":{"rendered":"<p>Entra\u00eenement Coaching individuelUn programme de coaching individuel concerne votre d\u00e9veloppement personnel et est toujours con\u00e7u sur mesure, en fonction de votre question de d\u00e9veloppement. Pensez \u00e0 des sujets tels que&#8230;<\/p>\n","protected":false},"author":1,"featured_media":0,"parent":0,"menu_order":0,"comment_status":"closed","ping_status":"closed","template":"","meta":{"inline_featured_image":false,"_kad_blocks_custom_css":"","_kad_blocks_head_custom_js":"","_kad_blocks_body_custom_js":"","_kad_blocks_footer_custom_js":"","_monsterinsights_skip_tracking":false,"_monsterinsights_sitenote_active":false,"_monsterinsights_sitenote_note":"","_monsterinsights_sitenote_category":0,"_price":"","_stock":"","_tribe_ticket_header":"","_tribe_default_ticket_provider":"","_tribe_ticket_capacity":"0","_ticket_start_date":"","_ticket_end_date":"","_tribe_ticket_show_description":"","_tribe_ticket_show_not_going":false,"_tribe_ticket_use_global_stock":"","_tribe_ticket_global_stock_level":"","_global_stock_mode":"","_global_stock_cap":"","_tribe_rsvp_for_event":"","_tribe_ticket_going_count":"","_tribe_ticket_not_going_count":"","_tribe_tickets_list":"[]","_tribe_ticket_has_attendee_info_fields":false,"_kadence_starter_templates_imported_post":false,"_kad_post_transparent":"","_kad_post_title":"","_kad_post_layout":"","_kad_post_sidebar_id":"","_kad_post_content_style":"","_kad_post_vertical_padding":"","_kad_post_feature":"","_kad_post_feature_position":"","_kad_post_header":false,"_kad_post_footer":false,"_kad_post_classname":"","footnotes":"","_tec_slr_enabled":"","_tec_slr_layout":""},"class_list":["post-2827","page","type-page","status-publish","hentry"],"yoast_head":"<!-- This site is optimized with the Yoast SEO plugin v27.4 - https:\/\/yoast.com\/product\/yoast-seo-wordpress\/ -->\n<title>Entra\u00eenement - Le Domaine Vert<\/title>\n<meta name=\"robots\" content=\"index, follow, max-snippet:-1, max-image-preview:large, max-video-preview:-1\" \/>\n<link rel=\"canonical\" href=\"https:\/\/ledomainevert.com\/fr\/coaching\/\" \/>\n<meta property=\"og:locale\" content=\"fr_FR\" \/>\n<meta property=\"og:type\" content=\"article\" \/>\n<meta property=\"og:title\" content=\"Entra\u00eenement - Le Domaine Vert\" \/>\n<meta property=\"og:description\" content=\"Entra\u00eenement Coaching individuelUn programme de coaching individuel concerne votre d\u00e9veloppement personnel et est toujours con\u00e7u sur mesure, en fonction de votre question de d\u00e9veloppement. Pensez \u00e0 des sujets tels que...\" \/>\n<meta property=\"og:url\" content=\"https:\/\/ledomainevert.com\/fr\/coaching\/\" \/>\n<meta property=\"og:site_name\" content=\"Le Domaine Vert\" \/>\n<meta property=\"article:publisher\" content=\"https:\/\/www.facebook.com\/ledomainevert\" \/>\n<meta property=\"article:modified_time\" content=\"2023-07-28T23:08:02+00:00\" \/>\n<meta property=\"og:image\" content=\"https:\/\/ledomainevert.com\/wp-content\/uploads\/2023\/07\/coaching-sfeer.jpg\" \/>\n\t<meta property=\"og:image:width\" content=\"1120\" \/>\n\t<meta property=\"og:image:height\" content=\"430\" \/>\n\t<meta property=\"og:image:type\" content=\"image\/jpeg\" \/>\n<meta name=\"twitter:card\" content=\"summary_large_image\" \/>\n<meta name=\"twitter:label1\" content=\"Dur\u00e9e de lecture estim\u00e9e\" \/>\n\t<meta name=\"twitter:data1\" content=\"1 minute\" \/>\n<script type=\"application\/ld+json\" class=\"yoast-schema-graph\">{\"@context\":\"https:\\\/\\\/schema.org\",\"@graph\":[{\"@type\":\"WebPage\",\"@id\":\"https:\\\/\\\/ledomainevert.com\\\/fr\\\/coaching\\\/\",\"url\":\"https:\\\/\\\/ledomainevert.com\\\/fr\\\/coaching\\\/\",\"name\":\"Entra\u00eenement - Le Domaine Vert\",\"isPartOf\":{\"@id\":\"https:\\\/\\\/ledomainevert.com\\\/en\\\/#website\"},\"primaryImageOfPage\":{\"@id\":\"https:\\\/\\\/ledomainevert.com\\\/fr\\\/coaching\\\/#primaryimage\"},\"image\":{\"@id\":\"https:\\\/\\\/ledomainevert.com\\\/fr\\\/coaching\\\/#primaryimage\"},\"thumbnailUrl\":\"https:\\\/\\\/ledomainevert.com\\\/wp-content\\\/uploads\\\/2023\\\/07\\\/coaching-sfeer.jpg\",\"datePublished\":\"2023-07-17T13:27:15+00:00\",\"dateModified\":\"2023-07-28T23:08:02+00:00\",\"breadcrumb\":{\"@id\":\"https:\\\/\\\/ledomainevert.com\\\/fr\\\/coaching\\\/#breadcrumb\"},\"inLanguage\":\"fr-FR\",\"potentialAction\":[{\"@type\":\"ReadAction\",\"target\":[\"https:\\\/\\\/ledomainevert.com\\\/fr\\\/coaching\\\/\"]}]},{\"@type\":\"ImageObject\",\"inLanguage\":\"fr-FR\",\"@id\":\"https:\\\/\\\/ledomainevert.com\\\/fr\\\/coaching\\\/#primaryimage\",\"url\":\"https:\\\/\\\/ledomainevert.com\\\/wp-content\\\/uploads\\\/2023\\\/07\\\/coaching-sfeer.jpg\",\"contentUrl\":\"https:\\\/\\\/ledomainevert.com\\\/wp-content\\\/uploads\\\/2023\\\/07\\\/coaching-sfeer.jpg\"},{\"@type\":\"BreadcrumbList\",\"@id\":\"https:\\\/\\\/ledomainevert.com\\\/fr\\\/coaching\\\/#breadcrumb\",\"itemListElement\":[{\"@type\":\"ListItem\",\"position\":1,\"name\":\"Home\",\"item\":\"https:\\\/\\\/ledomainevert.com\\\/fr\\\/\"},{\"@type\":\"ListItem\",\"position\":2,\"name\":\"Entra\u00eenement\"}]},{\"@type\":\"WebSite\",\"@id\":\"https:\\\/\\\/ledomainevert.com\\\/en\\\/#website\",\"url\":\"https:\\\/\\\/ledomainevert.com\\\/en\\\/\",\"name\":\"Le Domaine Vert\",\"description\":\"het groene domein\",\"publisher\":{\"@id\":\"https:\\\/\\\/ledomainevert.com\\\/en\\\/#organization\"},\"potentialAction\":[{\"@type\":\"SearchAction\",\"target\":{\"@type\":\"EntryPoint\",\"urlTemplate\":\"https:\\\/\\\/ledomainevert.com\\\/en\\\/?s={search_term_string}\"},\"query-input\":{\"@type\":\"PropertyValueSpecification\",\"valueRequired\":true,\"valueName\":\"search_term_string\"}}],\"inLanguage\":\"fr-FR\"},{\"@type\":\"Organization\",\"@id\":\"https:\\\/\\\/ledomainevert.com\\\/en\\\/#organization\",\"name\":\"Le Domaine Vert\",\"url\":\"https:\\\/\\\/ledomainevert.com\\\/en\\\/\",\"logo\":{\"@type\":\"ImageObject\",\"inLanguage\":\"fr-FR\",\"@id\":\"https:\\\/\\\/ledomainevert.com\\\/en\\\/#\\\/schema\\\/logo\\\/image\\\/\",\"url\":\"https:\\\/\\\/ledomainevert.com\\\/wp-content\\\/uploads\\\/2022\\\/03\\\/logo-le-domaine-vert-2.svg\",\"contentUrl\":\"https:\\\/\\\/ledomainevert.com\\\/wp-content\\\/uploads\\\/2022\\\/03\\\/logo-le-domaine-vert-2.svg\",\"caption\":\"Le Domaine Vert\"},\"image\":{\"@id\":\"https:\\\/\\\/ledomainevert.com\\\/en\\\/#\\\/schema\\\/logo\\\/image\\\/\"},\"sameAs\":[\"https:\\\/\\\/www.facebook.com\\\/ledomainevert\",\"https:\\\/\\\/www.instagram.com\\\/ledomainevert\"]}]}<\/script>\n<!-- \/ Yoast SEO plugin. -->","yoast_head_json":{"title":"Entra\u00eenement - Le Domaine Vert","robots":{"index":"index","follow":"follow","max-snippet":"max-snippet:-1","max-image-preview":"max-image-preview:large","max-video-preview":"max-video-preview:-1"},"canonical":"https:\/\/ledomainevert.com\/fr\/coaching\/","og_locale":"fr_FR","og_type":"article","og_title":"Entra\u00eenement - Le Domaine Vert","og_description":"Entra\u00eenement Coaching individuelUn programme de coaching individuel concerne votre d\u00e9veloppement personnel et est toujours con\u00e7u sur mesure, en fonction de votre question de d\u00e9veloppement. Pensez \u00e0 des sujets tels que...","og_url":"https:\/\/ledomainevert.com\/fr\/coaching\/","og_site_name":"Le Domaine Vert","article_publisher":"https:\/\/www.facebook.com\/ledomainevert","article_modified_time":"2023-07-28T23:08:02+00:00","og_image":[{"width":1120,"height":430,"url":"https:\/\/ledomainevert.com\/wp-content\/uploads\/2023\/07\/coaching-sfeer.jpg","type":"image\/jpeg"}],"twitter_card":"summary_large_image","twitter_misc":{"Dur\u00e9e de lecture estim\u00e9e":"1 minute"},"schema":{"@context":"https:\/\/schema.org","@graph":[{"@type":"WebPage","@id":"https:\/\/ledomainevert.com\/fr\/coaching\/","url":"https:\/\/ledomainevert.com\/fr\/coaching\/","name":"Entra\u00eenement - Le Domaine Vert","isPartOf":{"@id":"https:\/\/ledomainevert.com\/en\/#website"},"primaryImageOfPage":{"@id":"https:\/\/ledomainevert.com\/fr\/coaching\/#primaryimage"},"image":{"@id":"https:\/\/ledomainevert.com\/fr\/coaching\/#primaryimage"},"thumbnailUrl":"https:\/\/ledomainevert.com\/wp-content\/uploads\/2023\/07\/coaching-sfeer.jpg","datePublished":"2023-07-17T13:27:15+00:00","dateModified":"2023-07-28T23:08:02+00:00","breadcrumb":{"@id":"https:\/\/ledomainevert.com\/fr\/coaching\/#breadcrumb"},"inLanguage":"fr-FR","potentialAction":[{"@type":"ReadAction","target":["https:\/\/ledomainevert.com\/fr\/coaching\/"]}]},{"@type":"ImageObject","inLanguage":"fr-FR","@id":"https:\/\/ledomainevert.com\/fr\/coaching\/#primaryimage","url":"https:\/\/ledomainevert.com\/wp-content\/uploads\/2023\/07\/coaching-sfeer.jpg","contentUrl":"https:\/\/ledomainevert.com\/wp-content\/uploads\/2023\/07\/coaching-sfeer.jpg"},{"@type":"BreadcrumbList","@id":"https:\/\/ledomainevert.com\/fr\/coaching\/#breadcrumb","itemListElement":[{"@type":"ListItem","position":1,"name":"Home","item":"https:\/\/ledomainevert.com\/fr\/"},{"@type":"ListItem","position":2,"name":"Entra\u00eenement"}]},{"@type":"WebSite","@id":"https:\/\/ledomainevert.com\/en\/#website","url":"https:\/\/ledomainevert.com\/en\/","name":"Le Domaine Vert","description":"het groene domein","publisher":{"@id":"https:\/\/ledomainevert.com\/en\/#organization"},"potentialAction":[{"@type":"SearchAction","target":{"@type":"EntryPoint","urlTemplate":"https:\/\/ledomainevert.com\/en\/?s={search_term_string}"},"query-input":{"@type":"PropertyValueSpecification","valueRequired":true,"valueName":"search_term_string"}}],"inLanguage":"fr-FR"},{"@type":"Organization","@id":"https:\/\/ledomainevert.com\/en\/#organization","name":"Le Domaine Vert","url":"https:\/\/ledomainevert.com\/en\/","logo":{"@type":"ImageObject","inLanguage":"fr-FR","@id":"https:\/\/ledomainevert.com\/en\/#\/schema\/logo\/image\/","url":"https:\/\/ledomainevert.com\/wp-content\/uploads\/2022\/03\/logo-le-domaine-vert-2.svg","contentUrl":"https:\/\/ledomainevert.com\/wp-content\/uploads\/2022\/03\/logo-le-domaine-vert-2.svg","caption":"Le Domaine Vert"},"image":{"@id":"https:\/\/ledomainevert.com\/en\/#\/schema\/logo\/image\/"},"sameAs":["https:\/\/www.facebook.com\/ledomainevert","https:\/\/www.instagram.com\/ledomainevert"]}]}},"taxonomy_info":[],"featured_image_src_large":false,"author_info":{"display_name":"admin","author_link":"https:\/\/ledomainevert.com\/fr\/author\/admin_ah0q7gvg\/"},"comment_info":0,"ticketed":false,"_links":{"self":[{"href":"https:\/\/ledomainevert.com\/fr\/wp-json\/wp\/v2\/pages\/2827","targetHints":{"allow":["GET"]}}],"collection":[{"href":"https:\/\/ledomainevert.com\/fr\/wp-json\/wp\/v2\/pages"}],"about":[{"href":"https:\/\/ledomainevert.com\/fr\/wp-json\/wp\/v2\/types\/page"}],"author":[{"embeddable":true,"href":"https:\/\/ledomainevert.com\/fr\/wp-json\/wp\/v2\/users\/1"}],"replies":[{"embeddable":true,"href":"https:\/\/ledomainevert.com\/fr\/wp-json\/wp\/v2\/comments?post=2827"}],"version-history":[{"count":3,"href":"https:\/\/ledomainevert.com\/fr\/wp-json\/wp\/v2\/pages\/2827\/revisions"}],"predecessor-version":[{"id":3034,"href":"https:\/\/ledomainevert.com\/fr\/wp-json\/wp\/v2\/pages\/2827\/revisions\/3034"}],"wp:attachment":[{"href":"https:\/\/ledomainevert.com\/fr\/wp-json\/wp\/v2\/media?parent=2827"}],"curies":[{"name":"wp","href":"https:\/\/api.w.org\/{rel}","templated":true}]}}